{"id":4343,"date":"2022-06-08T14:36:54","date_gmt":"2022-06-08T12:36:54","guid":{"rendered":"https:\/\/antcube.shop\/produkt\/naturbusch-auf-schieferplatte-gros\/"},"modified":"2025-10-19T15:15:12","modified_gmt":"2025-10-19T13:15:12","slug":"naturbusch-auf-schieferplatte-gros","status":"publish","type":"product","link":"https:\/\/antcube.shop\/lv\/products\/naturbusch-auf-schieferplatte-gros\/","title":{"rendered":"Dekorat\u012bvie kr\u016bmi"},"content":{"rendered":"<p>Izm\u0113rs \/ augstums no 17 cm l\u012bdz 19 cm, diametrs ~ 10 cm -12 cm, ide\u0101li piem\u0113rots ar\u0113n\u0101m 30x30x30 cm un liel\u0101k\u0101m.<br \/>\nSvars no 50 l\u012bdz 80 gramiem<\/p>\n<p>Dekorat\u012bvs izstr\u0101d\u0101jums, kas sast\u0101v no dabiski kalt\u0113ta koka kr\u016bma un sint\u0113tiskas sve\u0137u pamatnes (pamatpl\u0101ksnes).<br \/>\n\u0160is dekorat\u012bvais kr\u016bms ir izgatavots ar rok\u0101m V\u0101cij\u0101, t\u0101p\u0113c to raksturo ilgtsp\u0113ja.<\/p>\n<p><strong>UZMAN\u012aBU:<\/strong> L\u016bdzu, nenovietojiet \u013coti mitros formik\u0101rijos (mitrums virs 60%). Kr\u016bms var s\u0101kt pel\u0113t. Ar \u013coti labu ventil\u0101ciju kr\u016bmu var novietot ar\u012b mitr\u0101kos formik\u0101ros.<\/p>\n<p>Da\u017ei dekorat\u012bvie kr\u016bmi pa\u0161i par sevi neiztur formik\u0101rija augstuma d\u0113\u013c. \u0160\u0101d\u0101 gad\u012bjum\u0101 pal\u012bdz nedaudz apkl\u0101t pamatni ar substr\u0101tu vai novietot produktu tuvu pie \u0101r\u0113jiem logiem.<\/p>\n<p><span data-text-color=\"alert\"><strong>SVAR\u012aGA PIEZ\u012aME PAR RAKSTU:<\/strong><\/span><br \/>\nT\u0101 k\u0101 \u0161is ir dabisks produkts \/ unik\u0101ls, \u0161eit redzamie att\u0113li nav piln\u012bgi identiski tam, ko j\u016bs sa\u0146emsiet. Past\u0101v vari\u0101cijas attiec\u012bb\u0101 uz mini egl\u012btes izm\u0113ru, formu un kr\u0101su, k\u0101 ar\u012b karjera sl\u0101nek\u013ca pamatpl\u0101ksni. M\u0113s garant\u0113jam tikai izstr\u0101d\u0101juma maksim\u0101lo augstumu.<\/p>\n<p>Pas\u016btot \u0161o preci, j\u016bs piekr\u012btat un piekr\u012btat iepriek\u0161 min\u0113taj\u0101m iesp\u0113jam\u0101m preces izm\u0113ra, formas un kr\u0101sas vari\u0101cij\u0101m pirkuma br\u012bd\u012b.<\/p>","protected":false},"excerpt":{"rendered":"<p>Izm\u0113rs: 17-19 cm gar\u0161<\/p>","protected":false},"featured_media":6380,"comment_status":"open","ping_status":"closed","template":"","meta":{"_acf_changed":false,"content-type":"","_monsterinsights_skip_tracking":false,"_monsterinsights_sitenote_active":false,"_monsterinsights_sitenote_note":"","_monsterinsights_sitenote_category":0},"product_brand":[],"product_cat":[99,101,102],"product_tag":[],"class_list":{"0":"post-4343","1":"product","2":"type-product","3":"status-publish","4":"has-post-thumbnail","6":"product_cat-desert","7":"product_cat-forest","8":"product_cat-meadow","10":"first","11":"outofstock","12":"taxable","13":"shipping-taxable","14":"purchasable","15":"product-type-simple"},"acf":[],"aioseo_notices":[],"jetpack_sharing_enabled":true,"_links":{"self":[{"href":"https:\/\/antcube.shop\/lv\/wp-json\/wp\/v2\/product\/4343","targetHints":{"allow":["GET"]}}],"collection":[{"href":"https:\/\/antcube.shop\/lv\/wp-json\/wp\/v2\/product"}],"about":[{"href":"https:\/\/antcube.shop\/lv\/wp-json\/wp\/v2\/types\/product"}],"replies":[{"embeddable":true,"href":"https:\/\/antcube.shop\/lv\/wp-json\/wp\/v2\/comments?post=4343"}],"wp:featuredmedia":[{"embeddable":true,"href":"https:\/\/antcube.shop\/lv\/wp-json\/wp\/v2\/media\/6380"}],"wp:attachment":[{"href":"https:\/\/antcube.shop\/lv\/wp-json\/wp\/v2\/media?parent=4343"}],"wp:term":[{"taxonomy":"product_brand","embeddable":true,"href":"https:\/\/antcube.shop\/lv\/wp-json\/wp\/v2\/product_brand?post=4343"},{"taxonomy":"product_cat","embeddable":true,"href":"https:\/\/antcube.shop\/lv\/wp-json\/wp\/v2\/product_cat?post=4343"},{"taxonomy":"product_tag","embeddable":true,"href":"https:\/\/antcube.shop\/lv\/wp-json\/wp\/v2\/product_tag?post=4343"}],"curies":[{"name":"wp","href":"https:\/\/api.w.org\/{rel}","templated":true}]}}