{"id":4342,"date":"2022-06-08T14:36:40","date_gmt":"2022-06-08T12:36:40","guid":{"rendered":"https:\/\/antcube.shop\/produkt\/naturbusch-auf-schieferplatte-klein\/"},"modified":"2026-04-16T19:23:17","modified_gmt":"2026-04-16T17:23:17","slug":"naturbusch-auf-schieferplatte-klein","status":"publish","type":"product","link":"https:\/\/antcube.shop\/lv\/products\/naturbusch-auf-schieferplatte-klein\/","title":{"rendered":"Dabisks kr\u016bms uz \u0161\u012bfera - Mazs"},"content":{"rendered":"<p>Izm\u0113rs \/ augstums l\u012bdz 9 cm, ide\u0101li piem\u0113rots ar\u0113n\u0101m 20x20x10 cm.<br \/>\nSvars sv\u0101rst\u0101s no 200 l\u012bdz 600 gramiem<\/p>\n<p>Dekorat\u012bvs izstr\u0101d\u0101jums, kas sast\u0101v no t\u012bri dab\u012bg\u0101m sast\u0101vda\u013c\u0101m, no kalt\u0113ta koka kr\u016bma un \u0161\u012bfera pl\u0101ksnes (pamatpl\u0101ksnes). Abi neapstr\u0101d\u0101ti dabas produkti.<br \/>\n\u0160is mini koci\u0146\u0161 tika izgatavots ar rok\u0101m V\u0101cij\u0101, t\u0101p\u0113c to raksturo ilgtsp\u0113ja.<\/p>\n<p><strong>UZMAN\u012aBU:<\/strong> L\u016bdzu, nenovietojiet \u013coti mitr\u0101 formik\u0101rij\u0101 (vair\u0101k nek\u0101 60% mitruma). Kr\u016bms var s\u0101kt pel\u0113t. Ar \u013coti labu ventil\u0101ciju kr\u016bmu var novietot mitr\u0101kos formik\u0101rijos.<\/p>\n<p><strong>SVAR\u012aGA PIEZ\u012aME PAR PRECI:<\/strong><br \/>\nT\u0101 k\u0101 \u0161is ir dabisks produkts \/ unik\u0101ls, \u0161eit redzamie att\u0113li nav piln\u012bgi identiski tam, ko j\u016bs sa\u0146emsiet. Past\u0101v vari\u0101cijas attiec\u012bb\u0101 uz mini egl\u012btes izm\u0113ru, formu un kr\u0101su, k\u0101 ar\u012b karjera sl\u0101nek\u013ca pamatpl\u0101ksni. M\u0113s garant\u0113jam tikai izstr\u0101d\u0101juma maksim\u0101lo augstumu.<\/p>\n<p>Pas\u016btot \u0161o preci, j\u016bs piekr\u012btat un piekr\u012btat iepriek\u0161 min\u0113taj\u0101m iesp\u0113jam\u0101m preces izm\u0113ra, formas un kr\u0101sas vari\u0101cij\u0101m pirkuma br\u012bd\u012b.<\/p>","protected":false},"excerpt":{"rendered":"<p>Izm\u0113rs: 18x15x9<\/p>","protected":false},"featured_media":4355,"comment_status":"open","ping_status":"closed","template":"","meta":{"_acf_changed":false,"content-type":"","_monsterinsights_skip_tracking":false,"_monsterinsights_sitenote_active":false,"_monsterinsights_sitenote_note":"","_monsterinsights_sitenote_category":0},"product_brand":[],"product_cat":[99,101,102],"product_tag":[],"class_list":{"0":"post-4342","1":"product","2":"type-product","3":"status-publish","4":"has-post-thumbnail","6":"product_cat-desert","7":"product_cat-forest","8":"product_cat-meadow","10":"first","11":"instock","12":"taxable","13":"shipping-taxable","14":"purchasable","15":"product-type-simple"},"acf":[],"aioseo_notices":[],"jetpack_sharing_enabled":true,"_links":{"self":[{"href":"https:\/\/antcube.shop\/lv\/wp-json\/wp\/v2\/product\/4342","targetHints":{"allow":["GET"]}}],"collection":[{"href":"https:\/\/antcube.shop\/lv\/wp-json\/wp\/v2\/product"}],"about":[{"href":"https:\/\/antcube.shop\/lv\/wp-json\/wp\/v2\/types\/product"}],"replies":[{"embeddable":true,"href":"https:\/\/antcube.shop\/lv\/wp-json\/wp\/v2\/comments?post=4342"}],"wp:featuredmedia":[{"embeddable":true,"href":"https:\/\/antcube.shop\/lv\/wp-json\/wp\/v2\/media\/4355"}],"wp:attachment":[{"href":"https:\/\/antcube.shop\/lv\/wp-json\/wp\/v2\/media?parent=4342"}],"wp:term":[{"taxonomy":"product_brand","embeddable":true,"href":"https:\/\/antcube.shop\/lv\/wp-json\/wp\/v2\/product_brand?post=4342"},{"taxonomy":"product_cat","embeddable":true,"href":"https:\/\/antcube.shop\/lv\/wp-json\/wp\/v2\/product_cat?post=4342"},{"taxonomy":"product_tag","embeddable":true,"href":"https:\/\/antcube.shop\/lv\/wp-json\/wp\/v2\/product_tag?post=4342"}],"curies":[{"name":"wp","href":"https:\/\/api.w.org\/{rel}","templated":true}]}}