{"id":4262,"date":"2022-04-28T14:01:28","date_gmt":"2022-04-28T12:01:28","guid":{"rendered":"https:\/\/antcube.shop\/produkt\/dichtungsring-transparent-flexiebel-20-50-mm-10-st\/"},"modified":"2026-04-03T22:49:17","modified_gmt":"2026-04-03T20:49:17","slug":"dichtungsring-transparent-flexiebel-20-50-mm-10-st-2","status":"publish","type":"product","link":"https:\/\/antcube.shop\/lv\/products\/dichtungsring-transparent-flexiebel-20-50-mm-10-st-2\/","title":{"rendered":"Bl\u012bv\u0113juma gredzens caursp\u012bd\u012bgs elast\u012bgs 20-50 mm - 10 gab."},"content":{"rendered":"<p>Bl\u012bv\u0113juma gredzens caursp\u012bd\u012bgs elast\u012bgs 20-50 mm - 10 gab.<\/p>","protected":false},"excerpt":{"rendered":"<p>Bl\u012bv\u0113juma gredzens caursp\u012bd\u012bgs elast\u012bgs 20-50 mm - 10 gab.<\/p>","protected":false},"featured_media":4283,"comment_status":"open","ping_status":"closed","template":"","meta":{"_acf_changed":false,"content-type":"","_monsterinsights_skip_tracking":false,"_monsterinsights_sitenote_active":false,"_monsterinsights_sitenote_note":"","_monsterinsights_sitenote_category":0},"product_brand":[],"product_cat":[345,121,238,120,237],"product_tag":[],"class_list":{"0":"post-4262","1":"product","2":"type-product","3":"status-publish","4":"has-post-thumbnail","6":"product_cat-pipe-connectors","7":"product_cat-connectors","8":"product_cat-grid-caps-plugs-and-inserts","9":"product_cat-hoses","10":"product_cat-tools","12":"first","13":"instock","14":"taxable","15":"shipping-taxable","16":"purchasable","17":"product-type-simple"},"acf":[],"aioseo_notices":[],"jetpack_sharing_enabled":true,"_links":{"self":[{"href":"https:\/\/antcube.shop\/lv\/wp-json\/wp\/v2\/product\/4262","targetHints":{"allow":["GET"]}}],"collection":[{"href":"https:\/\/antcube.shop\/lv\/wp-json\/wp\/v2\/product"}],"about":[{"href":"https:\/\/antcube.shop\/lv\/wp-json\/wp\/v2\/types\/product"}],"replies":[{"embeddable":true,"href":"https:\/\/antcube.shop\/lv\/wp-json\/wp\/v2\/comments?post=4262"}],"wp:featuredmedia":[{"embeddable":true,"href":"https:\/\/antcube.shop\/lv\/wp-json\/wp\/v2\/media\/4283"}],"wp:attachment":[{"href":"https:\/\/antcube.shop\/lv\/wp-json\/wp\/v2\/media?parent=4262"}],"wp:term":[{"taxonomy":"product_brand","embeddable":true,"href":"https:\/\/antcube.shop\/lv\/wp-json\/wp\/v2\/product_brand?post=4262"},{"taxonomy":"product_cat","embeddable":true,"href":"https:\/\/antcube.shop\/lv\/wp-json\/wp\/v2\/product_cat?post=4262"},{"taxonomy":"product_tag","embeddable":true,"href":"https:\/\/antcube.shop\/lv\/wp-json\/wp\/v2\/product_tag?post=4262"}],"curies":[{"name":"wp","href":"https:\/\/api.w.org\/{rel}","templated":true}]}}