{"id":4260,"date":"2022-04-28T14:01:03","date_gmt":"2022-04-28T12:01:03","guid":{"rendered":"https:\/\/antcube.shop\/produkt\/nestrohrchen-rack-18mm\/"},"modified":"2026-03-23T15:57:06","modified_gmt":"2026-03-23T14:57:06","slug":"ligzdas-caurulu-stativs-18-mm","status":"publish","type":"product","link":"https:\/\/antcube.shop\/lv\/products\/ligzdas-caurulu-stativs-18-mm\/","title":{"rendered":"Nest cauru\u013cu stat\u012bvs 18 mm"},"content":{"rendered":"<p style=\"margin-bottom: 0cm;\"><strong>Izm\u0113ri:<\/strong> 25x12x3 cm<\/p>\n<p><strong>Materi\u0101li: <\/strong>PMMA, PVC<\/p>\n<p><strong>Kr\u0101sa: <\/strong>krist\u0101ldzidrs, caursp\u012bd\u012bgs, caursp\u012bd\u012bgs<\/p>\n<p><strong>Saturs:<\/strong><br \/>\n2x urbuma pl\u0101ksne (10x caurumi)<br \/>\n2x satver\u0161anas pl\u0101ksne<br \/>\n4x elast\u012bg\u0101s siksnas<\/p>\n<p><strong>Piez\u012bme: <\/strong>Deta\u013cas tiek pieg\u0101d\u0101tas k\u0101 komplekts vai pievienojama sist\u0113ma. L\u012bm\u0113\u0161ana nav nepiecie\u0161ama.<\/p>\n<p><strong>Savienojums:<\/strong><br \/>\nligzdu caurul\u0113m ar diametru 18 mm<\/p>\n<p><strong>Apraksts:<\/strong> Ligzdu caurul\u012b\u0161u stat\u012bvs tiek izmantots skudru ligzdu caurul\u012b\u0161u r\u016bp\u012bgai uzglab\u0101\u0161anai. Komplektu ir viegli salikt kop\u0101.<\/p>\n<p><strong>Pieteikums:<\/strong> Ligzdu caurul\u012b\u0161u glab\u0101\u0161anai. Piem\u0113rots m\u016bsu skudru inkubatoram<\/p>\n<p><strong>Piez\u012bme:<\/strong> Lai uzlabotu stabilit\u0101ti krau\u0161anas laik\u0101, m\u0113s iesak\u0101m izmantot \"Bl\u012bv\u0113juma gredzenu caursp\u012bd\u012bgu elast\u012bgu 20-50 mm - 10 gab.\", skat. izstr\u0101d\u0101juma ieteikumus.<\/p>","protected":false},"excerpt":{"rendered":"<p>18 mm ligzdas caurul\u0113m<\/p>","protected":false},"featured_media":4277,"comment_status":"open","ping_status":"closed","template":"","meta":{"_acf_changed":false,"content-type":"","_monsterinsights_skip_tracking":false,"_monsterinsights_sitenote_active":false,"_monsterinsights_sitenote_note":"","_monsterinsights_sitenote_category":0},"product_brand":[],"product_cat":[237],"product_tag":[],"class_list":{"0":"post-4260","1":"product","2":"type-product","3":"status-publish","4":"has-post-thumbnail","6":"product_cat-tools","8":"first","9":"instock","10":"taxable","11":"shipping-taxable","12":"purchasable","13":"product-type-simple"},"acf":[],"aioseo_notices":[],"jetpack_sharing_enabled":true,"_links":{"self":[{"href":"https:\/\/antcube.shop\/lv\/wp-json\/wp\/v2\/product\/4260","targetHints":{"allow":["GET"]}}],"collection":[{"href":"https:\/\/antcube.shop\/lv\/wp-json\/wp\/v2\/product"}],"about":[{"href":"https:\/\/antcube.shop\/lv\/wp-json\/wp\/v2\/types\/product"}],"replies":[{"embeddable":true,"href":"https:\/\/antcube.shop\/lv\/wp-json\/wp\/v2\/comments?post=4260"}],"wp:featuredmedia":[{"embeddable":true,"href":"https:\/\/antcube.shop\/lv\/wp-json\/wp\/v2\/media\/4277"}],"wp:attachment":[{"href":"https:\/\/antcube.shop\/lv\/wp-json\/wp\/v2\/media?parent=4260"}],"wp:term":[{"taxonomy":"product_brand","embeddable":true,"href":"https:\/\/antcube.shop\/lv\/wp-json\/wp\/v2\/product_brand?post=4260"},{"taxonomy":"product_cat","embeddable":true,"href":"https:\/\/antcube.shop\/lv\/wp-json\/wp\/v2\/product_cat?post=4260"},{"taxonomy":"product_tag","embeddable":true,"href":"https:\/\/antcube.shop\/lv\/wp-json\/wp\/v2\/product_tag?post=4260"}],"curies":[{"name":"wp","href":"https:\/\/api.w.org\/{rel}","templated":true}]}}