{"id":4258,"date":"2022-04-28T14:00:36","date_gmt":"2022-04-28T12:00:36","guid":{"rendered":"https:\/\/antcube.shop\/produkt\/ameisen-inkubator\/"},"modified":"2026-04-09T15:04:51","modified_gmt":"2026-04-09T13:04:51","slug":"ameisen-inkubator","status":"publish","type":"product","link":"https:\/\/antcube.shop\/lv\/products\/ameisen-inkubator\/","title":{"rendered":"Skudru inkubators"},"content":{"rendered":"<p><strong>Izm\u0113rs:\u00a0<\/strong>Vien\u012bbas izm\u0113rs: 40\u00d739,5\u00d748 cm ; iek\u0161puse: 32\u00d722,5\u00d737 cm<\/p>\n<p><strong>Kr\u0101sa:<\/strong> Black<\/p>\n<p><strong>Tehnisk\u0101s specifik\u0101cijas:<\/strong><br \/>\nSpriegums: 220-240 V, 50 Hz<br \/>\nJauda: 70 W<br \/>\nKabe\u013ca garums t\u012bkla kabelis: 1.60m<br \/>\nTemperat\u016bras diapazons: 5\u00b0C - 40\u00b0C<\/p>\n<p><strong>Materi\u0101ls:<\/strong> Met\u0101ls, stikls<\/p>\n<p><strong>Apraksts:<\/strong><br \/>\n\u0160is skudru inkubators ir \u013coti piem\u0113rots ne tikai tropisko re\u0123ionu skudru koloniju audz\u0113\u0161anai, bet ar\u012b skudru kolonij\u0101m ziemas gu\u013cas period\u0101.<br \/>\nTam ir temperat\u016bras regulators ar digit\u0101lo displeju un no\u0146emams starpplaukts, kas nodro\u0161ina vair\u0101k vietas. Temperat\u016bru var iestat\u012bt un main\u012bt p\u0113c vajadz\u012bbas. Ier\u012bce var gan dzes\u0113t (l\u012bdz aptuveni 5 \u00b0C), gan sild\u012bt (l\u012bdz aptuveni 40 \u00b0C). Regul\u0113jam\u0101s temperat\u016bras diapazons ir aptuveni 5\u00b0C-40\u00b0C. T\u0101p\u0113c to var izmantot ar\u012b viet\u0113jo skudru p\u0101rziemo\u0161anai.<\/p>\n<p><strong>Priek\u0161roc\u012bbas:<\/strong><br \/>\nBie\u017ei vien j\u016bs saskaraties ar jaut\u0101jumu par to, k\u0101 uzglab\u0101t skudras ziemas miegam bez sare\u017e\u0123\u012bjumiem pareizaj\u0101 temperat\u016br\u0101. Ledusskapis tik un t\u0101 ir p\u0101r\u0101k pilns, uz balkona dz\u012bvniekiem var b\u016bt p\u0101r\u0101k auksti, un pagrab\u0101 ar\u012b ir par \u0161auru, vai ar\u012b jums nav pietiekamas kontroles.<br \/>\n<strong>\u0160eit ir risin\u0101jums:<\/strong> Varat vai nu \u013caut dz\u012bvniekiem p\u0101rziemot inkubator\u0101 ar m\u016bsu ligzdu m\u0113\u0123en\u012b\u0161u stat\u012bviem m\u0113\u0123en\u0113s, \u0161\u0101d\u0101 gad\u012bjum\u0101 pat l\u012bdz 100 kolonij\u0101m vienlaic\u012bgi, vai ar\u012b kop\u0101 ar visu ANTCUBE Formicarium. Piem\u0113ram, m\u016bsu ANTCUBE Arena Combi piln\u012bb\u0101 iek\u013caujas iek\u0161pus\u0113. Bet ar\u012b s\u0101kuma komplekt\u0101 ar ar\u0113nu 20x20x10 un 2 ligzd\u0101m 20\u00d720 vietas pietiktu.<br \/>\n\u0160\u0101di ir iesp\u0113jams ar\u012b uzglab\u0101t un transport\u0113t ar automa\u0161\u012bnu, piem\u0113ram, kaujas lidojuma laik\u0101, \u012bpa\u0161i jut\u012bgo lapgrau\u017eu skudru p\u0101rvieto\u0161anas vai transport\u0113\u0161anas laik\u0101.<br \/>\nPraktiskie stat\u012bvi m\u0113\u0123en\u0113m (ligzdveida m\u0113\u0123en\u0113m) ir pieejami tr\u012bs da\u017e\u0101dos izm\u0113ros. \u0160eit ir m\u016bsu ieteikums:<\/p>\n<p><strong>Ieteikums:<\/strong><br \/>\nInkubatora telpa ir piem\u0113rota:<br \/>\nL\u012bdz 24x cvingetu m\u0113\u0123en\u0113m\/ vai 24x sav\u0101k\u0161anas kast\u012bte caursp\u012bd\u012bga 115x115x55<br \/>\nSkudr\u0101m ligzdu caurul\u012bt\u0113s m\u0113s iesak\u0101m izmantot ligzdu caurul\u012b\u0161u stat\u012bvus glab\u0101\u0161anai.<br \/>\nIetilpst interjer\u0101:<br \/>\n- 16 mm caurul\u012b\u0161u stat\u012bvs = 12 gab. vai 120 caurul\u012btes ar 16 mm diametru.<br \/>\n- 18 mm caurul\u012b\u0161u stat\u012bvs = 12 gab. vai 120 caurul\u012btes ar 18 mm diametru.<br \/>\n- 25 mm caurul\u012b\u0161u stat\u012bvs = 9 gab. jeb 54 caurul\u012btes ar 25 mm diametru<\/p>\n<p><strong>Piez\u012bme:<\/strong><br \/>\n- Nenovietojiet ier\u012bci tie\u0161os saules staros vai blakus siltuma avotam, jo \u0101r\u0113j\u0101s temperat\u016bras sv\u0101rst\u012bbas ietekm\u0113 iek\u0161\u0113jo temperat\u016bru.<br \/>\n- Uzst\u0101diet ier\u012bci saus\u0101 viet\u0101, kur temperat\u016bra ir p\u0113c iesp\u0113jas past\u0101v\u012bg\u0101ka.<br \/>\n- Ventilatoriem j\u0101b\u016bt iesp\u0113jai br\u012bvi griezties.<br \/>\n- Gaisa virsm\u0101m j\u0101b\u016bt t\u012br\u0101m<br \/>\n- Regul\u0101ri p\u0101rbaudiet, vai nav boj\u0101jumu -&gt; ja t\u0101di ir, nekav\u0113joties p\u0101rtrauciet darb\u012bbu.<br \/>\n- Inkubatoru var dubultaizsarg\u0101t ar papildu Thermo Control II vai Thermo Control Pro II. Atbilsto\u0161s izvads atrodas ier\u012bces aizmugur\u0113.<\/p>\n<p><strong>Piez\u012bme: <\/strong>20.01.2025 - Produkta atjaunin\u0101jums - jauns modelis<\/p>","protected":false},"excerpt":{"rendered":"<p>Izm\u0113rs: Vien\u012bbas izm\u0113rs: 40\u00d739,5\u00d748 cm; iek\u0161pus\u0113: 32\u00d722,5\u00d737 cm Kr\u0101sa: melna Tehnisk\u0101s specifik\u0101cijas: Spriegums: 220-240 V, 50 Hz Jauda: 70 W T\u012bkla kabe\u013ca garums: Temperat\u016bras diapazons: 1,60 m: 5\u00b0C - 40\u00b0C Materi\u0101ls: Materi\u0101ls: Met\u0101ls, stikls Apraksts: Materi\u0101ls: 40 - 40 \u00b0C - 40 \u00b0C - 40 \u00b0C - 40 \u00b0C - 40 \u00b0C \u0160is skudru inkubators ir \u013coti piem\u0113rots ne tikai tropisko re\u0123ionu skudru koloniju audz\u0113\u0161anai, bet ar\u012b skudru kolonij\u0101m ziemas mieg\u0101. Tam ir [...]","protected":false},"featured_media":11099,"comment_status":"open","ping_status":"closed","template":"","meta":{"_acf_changed":false,"content-type":"","_monsterinsights_skip_tracking":false,"_monsterinsights_sitenote_active":false,"_monsterinsights_sitenote_note":"","_monsterinsights_sitenote_category":0},"product_brand":[],"product_cat":[237],"product_tag":[],"class_list":{"0":"post-4258","1":"product","2":"type-product","3":"status-publish","4":"has-post-thumbnail","6":"product_cat-tools","8":"first","9":"instock","10":"taxable","11":"shipping-taxable","12":"purchasable","13":"product-type-simple"},"acf":[],"aioseo_notices":[],"jetpack_sharing_enabled":true,"_links":{"self":[{"href":"https:\/\/antcube.shop\/lv\/wp-json\/wp\/v2\/product\/4258","targetHints":{"allow":["GET"]}}],"collection":[{"href":"https:\/\/antcube.shop\/lv\/wp-json\/wp\/v2\/product"}],"about":[{"href":"https:\/\/antcube.shop\/lv\/wp-json\/wp\/v2\/types\/product"}],"replies":[{"embeddable":true,"href":"https:\/\/antcube.shop\/lv\/wp-json\/wp\/v2\/comments?post=4258"}],"wp:featuredmedia":[{"embeddable":true,"href":"https:\/\/antcube.shop\/lv\/wp-json\/wp\/v2\/media\/11099"}],"wp:attachment":[{"href":"https:\/\/antcube.shop\/lv\/wp-json\/wp\/v2\/media?parent=4258"}],"wp:term":[{"taxonomy":"product_brand","embeddable":true,"href":"https:\/\/antcube.shop\/lv\/wp-json\/wp\/v2\/product_brand?post=4258"},{"taxonomy":"product_cat","embeddable":true,"href":"https:\/\/antcube.shop\/lv\/wp-json\/wp\/v2\/product_cat?post=4258"},{"taxonomy":"product_tag","embeddable":true,"href":"https:\/\/antcube.shop\/lv\/wp-json\/wp\/v2\/product_tag?post=4258"}],"curies":[{"name":"wp","href":"https:\/\/api.w.org\/{rel}","templated":true}]}}