{"id":4175,"date":"2022-03-14T17:24:15","date_gmt":"2022-03-14T16:24:15","guid":{"rendered":"https:\/\/antcube.shop\/produkt\/candy-ant-snack-20g\/"},"modified":"2026-04-04T06:34:17","modified_gmt":"2026-04-04T04:34:17","slug":"konfektes-ant-snack-20g","status":"publish","type":"product","link":"https:\/\/antcube.shop\/lv\/products\/konfektes-ant-snack-20g\/","title":{"rendered":"Candy Ant Snack - 20g"},"content":{"rendered":"<p><strong>Saturs:<\/strong><br \/>\n20g<\/p>\n<p><strong>Apraksts:<\/strong><br \/>\nTas ir t\u012brs dabisks produkts. M\u016bsu konfektes skudru uzkoda, kas pagatavota no biolo\u0123iski audz\u0113t\u0101m Acheta domesticus un p\u0101rkl\u0101ta ar biolo\u0123isko medu.<br \/>\nViegli sagremojams. Pateicoties augstv\u0113rt\u012bg\u0101m olbaltumviel\u0101m, t\u0101 ir gandr\u012bz pilnv\u0113rt\u012bga bar\u012bba (aizst\u0101j medu\/cukuru un olbaltumvielas) vairumam skudru sugu, piem\u0113ram, Lasius sp., Camponotus sp., Messor sp. u. c. Skudr\u0101m tas pat\u012bk. T\u0101 neaizst\u0101j skudr\u0101m nepiecie\u0161amo svaigo \u016bdeni. Tas neaizst\u0101j ar\u012b vajadz\u012bbu p\u0113c dz\u012bv\u0101m olbaltumviel\u0101m, piem\u0113ram, maziem kukai\u0146iem.<\/p>\n<p>\u0160\u012b papildbar\u012bba ir pilna ar sp\u0113c\u012bg\u0101m olbaltumviel\u0101m, kas satur aptuveni 50% t\u012bru dabisko olbaltumvielu.<br \/>\nTurkl\u0101t produkts tiek barots ar organiskiem augu atkritumiem bez pestic\u012bdiem, kam ir augsta ekolo\u0123isk\u0101 v\u0113rt\u012bba, jo t\u0101 ra\u017eo\u0161an\u0101 tiek pat\u0113r\u0113ts maz\u0101k ener\u0123ijas un \u016bdens.<\/p>\n<p>Visiem skudru m\u012b\u013cot\u0101jiem pievienot\u0101 v\u0113rt\u012bba ir dab\u012bgo olbaltumvielu kombin\u0101cija un p\u0101rkl\u0101jums ar dab\u012bgo medu. Skudr\u0101m tas pat\u012bk un ir nepiecie\u0161ams, lai nodro\u0161in\u0101tu labu peru att\u012bst\u012bbu un vesel\u012bgu kolonijas aug\u0161anu.<\/p>\n<p><strong>Pieteikums:<\/strong><br \/>\nBaro\u0161anai Candy Ant Snack j\u0101sadala maz\u0101k\u0101s porcij\u0101s vai j\u0101iz\u0161\u0137\u012bdina \u016bden\u012b.<\/p>\n<p><strong>Satur:<\/strong><br \/>\nDabiski kalt\u0113ti Acheta domesticus, p\u0101rkl\u0101ti ar organisko medu. Nav paredz\u0113ts lieto\u0161anai p\u0101rtik\u0101. Tikai skudr\u0101m.<br \/>\nAptuven\u0101 sajauk\u0161anas attiec\u012bba 70% Acheta domesticus un 30% medus.<\/p>\n<p><strong>Uzglab\u0101\u0161ana:<\/strong><br \/>\nAtv\u0101kojams. Uzglab\u0101t tum\u0161\u0101, v\u0113s\u0101 un saus\u0101 viet\u0101.<\/p>\n<p><strong>Piez\u012bme:<\/strong><br \/>\nPapildus bar\u012bba skudr\u0101m.<br \/>\nSast\u0101vs, anal\u012btisk\u0101s sast\u0101vda\u013cas, der\u012bguma termi\u0146\u0161 un partijas numurs ir nor\u0101d\u012bts iepakojuma pam\u0101c\u012bb\u0101.<\/p>\n<p>Inform\u0101cijas t\u0101lrunis +49 30 439703870<\/p>\n<p>Atbild\u012bg\u0101 veterin\u0101r\u0101 un p\u0101rtikas inspekcija:<br \/>\nSteglitz veterin\u0101rais birojs<br \/>\nK\u00f6nigin-Luise-Str. 92<br \/>\n14195 Berl\u012bne<\/p>","protected":false},"excerpt":{"rendered":"<p>Papildu p\u0101rtika<\/p>","protected":false},"featured_media":4182,"comment_status":"open","ping_status":"closed","template":"","meta":{"_acf_changed":false,"content-type":"","_monsterinsights_skip_tracking":false,"_monsterinsights_sitenote_active":false,"_monsterinsights_sitenote_note":"","_monsterinsights_sitenote_category":0},"product_brand":[],"product_cat":[115,116],"product_tag":[],"class_list":{"0":"post-4175","1":"product","2":"type-product","3":"status-publish","4":"has-post-thumbnail","6":"product_cat-food-and-feeding","7":"product_cat-food","9":"first","10":"instock","11":"taxable","12":"shipping-taxable","13":"purchasable","14":"product-type-simple"},"acf":[],"aioseo_notices":[],"jetpack_sharing_enabled":true,"_links":{"self":[{"href":"https:\/\/antcube.shop\/lv\/wp-json\/wp\/v2\/product\/4175","targetHints":{"allow":["GET"]}}],"collection":[{"href":"https:\/\/antcube.shop\/lv\/wp-json\/wp\/v2\/product"}],"about":[{"href":"https:\/\/antcube.shop\/lv\/wp-json\/wp\/v2\/types\/product"}],"replies":[{"embeddable":true,"href":"https:\/\/antcube.shop\/lv\/wp-json\/wp\/v2\/comments?post=4175"}],"wp:featuredmedia":[{"embeddable":true,"href":"https:\/\/antcube.shop\/lv\/wp-json\/wp\/v2\/media\/4182"}],"wp:attachment":[{"href":"https:\/\/antcube.shop\/lv\/wp-json\/wp\/v2\/media?parent=4175"}],"wp:term":[{"taxonomy":"product_brand","embeddable":true,"href":"https:\/\/antcube.shop\/lv\/wp-json\/wp\/v2\/product_brand?post=4175"},{"taxonomy":"product_cat","embeddable":true,"href":"https:\/\/antcube.shop\/lv\/wp-json\/wp\/v2\/product_cat?post=4175"},{"taxonomy":"product_tag","embeddable":true,"href":"https:\/\/antcube.shop\/lv\/wp-json\/wp\/v2\/product_tag?post=4175"}],"curies":[{"name":"wp","href":"https:\/\/api.w.org\/{rel}","templated":true}]}}