{"id":4165,"date":"2022-02-28T11:41:35","date_gmt":"2022-02-28T10:41:35","guid":{"rendered":"https:\/\/antcube.shop\/produkt\/fixier-punkte-8-st\/"},"modified":"2026-04-05T12:30:31","modified_gmt":"2026-04-05T10:30:31","slug":"fixier-punkte-8-st","status":"publish","type":"product","link":"https:\/\/antcube.shop\/lv\/products\/fixier-punkte-8-st\/","title":{"rendered":"Stiprin\u0101juma punkti - 8 gab."},"content":{"rendered":"<p><strong>Izm\u0113ri (LxWxH):<\/strong> 12x12x3 mm (caur trapecveida formu aug\u0161pus\u0113 10x10 mm).<\/p>\n<p><strong>Materi\u0101ls:<\/strong> poliuret\u0101ns bez plastifikatoriem ar lip\u012bgo akril\u0101tu<\/p>\n<p><strong>Kr\u0101sa:<\/strong> caursp\u012bd\u012bgs<\/p>\n<p><strong>Saturs:<\/strong><br \/>\n8x fiks\u0101cijas punkti<\/p>\n<p><strong>Apraksts:<\/strong> M\u016bsu skudru ar\u0113nas v\u0101kam. Stiprin\u0101juma punkti ir piel\u012bm\u0113ti v\u0101ka apak\u0161da\u013c\u0101, lai nov\u0113rstu t\u0101 nosl\u012bd\u0113\u0161anu no ar\u0113nas. Punktus var izmantot ar\u012b k\u0101 k\u0101ji\u0146as ar\u0113nai, k\u0101 ar\u012b iek\u0161\u0113jiem gala ar\u0113nas ielikt\u0146iem, lai pasarg\u0101tu tos no apg\u0101\u0161an\u0101s.<\/p>","protected":false},"excerpt":{"rendered":"<p>Izm\u0113ri (Dx\u0160xV): 12x12x3 mm (caur trapecveida formu aug\u0161pus\u0113 10x10 mm). Materi\u0101ls: poliuret\u0101ns bez plastifikatoriem ar lip\u012bgu akril\u0101tu Kr\u0101sa: caursp\u012bd\u012bga Sast\u0101vs: 8x fiks\u0101cijas punkti Apraksts: M\u016bsu skudru ar\u0113nas p\u0101rsegam. Stiprin\u0101juma punkti ir piel\u012bm\u0113ti v\u0101ka apak\u0161\u0101, lai nov\u0113rstu t\u0101 nosl\u012bd\u0113\u0161anu no ar\u0113nas. Punktus var izmantot ar\u012b k\u0101","protected":false},"featured_media":4178,"comment_status":"open","ping_status":"closed","template":"","meta":{"_acf_changed":false,"content-type":"","_monsterinsights_skip_tracking":false,"_monsterinsights_sitenote_active":false,"_monsterinsights_sitenote_note":"","_monsterinsights_sitenote_category":0},"product_brand":[],"product_cat":[92,237],"product_tag":[],"class_list":{"0":"post-4165","1":"product","2":"type-product","3":"status-publish","4":"has-post-thumbnail","6":"product_cat-arena-cover","7":"product_cat-tools","9":"first","10":"instock","11":"taxable","12":"shipping-taxable","13":"purchasable","14":"product-type-simple"},"acf":[],"aioseo_notices":[],"jetpack_sharing_enabled":true,"_links":{"self":[{"href":"https:\/\/antcube.shop\/lv\/wp-json\/wp\/v2\/product\/4165","targetHints":{"allow":["GET"]}}],"collection":[{"href":"https:\/\/antcube.shop\/lv\/wp-json\/wp\/v2\/product"}],"about":[{"href":"https:\/\/antcube.shop\/lv\/wp-json\/wp\/v2\/types\/product"}],"replies":[{"embeddable":true,"href":"https:\/\/antcube.shop\/lv\/wp-json\/wp\/v2\/comments?post=4165"}],"wp:featuredmedia":[{"embeddable":true,"href":"https:\/\/antcube.shop\/lv\/wp-json\/wp\/v2\/media\/4178"}],"wp:attachment":[{"href":"https:\/\/antcube.shop\/lv\/wp-json\/wp\/v2\/media?parent=4165"}],"wp:term":[{"taxonomy":"product_brand","embeddable":true,"href":"https:\/\/antcube.shop\/lv\/wp-json\/wp\/v2\/product_brand?post=4165"},{"taxonomy":"product_cat","embeddable":true,"href":"https:\/\/antcube.shop\/lv\/wp-json\/wp\/v2\/product_cat?post=4165"},{"taxonomy":"product_tag","embeddable":true,"href":"https:\/\/antcube.shop\/lv\/wp-json\/wp\/v2\/product_tag?post=4165"}],"curies":[{"name":"wp","href":"https:\/\/api.w.org\/{rel}","templated":true}]}}