{"id":4145,"date":"2022-02-14T15:54:25","date_gmt":"2022-02-14T14:54:25","guid":{"rendered":"https:\/\/antcube.shop\/produkt\/ant-nuggets-20g\/"},"modified":"2026-04-16T09:55:07","modified_gmt":"2026-04-16T07:55:07","slug":"skudru-gabalini-20g","status":"publish","type":"product","link":"https:\/\/antcube.shop\/lv\/products\/skudru-gabalini-20g\/","title":{"rendered":"Skudru graudi\u0146i - 20g"},"content":{"rendered":"<p><strong>Saturs:<\/strong><br \/>\n20g<\/p>\n<p><strong>Apraksts:<\/strong><br \/>\nTas ir t\u012brs dabisks produkts. M\u016bsu skudru graudi\u0146us r\u016bp\u012bgi sav\u0101ku\u0161i bi\u0161kopji savva\u013cas dab\u0101 Bulg\u0101rij\u0101. Viegli sagremojami, pateicoties dabiskai ferment\u0101cijai. Pateicoties augstas kvalit\u0101tes olbaltumviel\u0101m, t\u0101 ir gandr\u012bz pilnv\u0113rt\u012bga bar\u012bba (aizvieto medu\/cukuru un olbaltumvielas) liel\u0101kajai da\u013cai formiko\u012bdu skudru sugu, piem\u0113ram, Lasius sp., Camponotus sp. vai Messor sp., un pat lapkoku skudras to iecien\u012bju\u0161as. T\u0101 neaizst\u0101j skudr\u0101m nepiecie\u0161amo svaigo \u016bdeni. Tas neaizst\u0101j ar\u012b vajadz\u012bbu p\u0113c dz\u012bv\u0101m olbaltumviel\u0101m, piem\u0113ram, maziem kukai\u0146iem.<\/p>\n<p><strong>Pieteikums:<\/strong><br \/>\nBaro\u0161anai Ant Nuggets j\u0101sadala maz\u0101k\u0101s porcij\u0101s vai j\u0101iz\u0161\u0137\u012bdina \u016bden\u012b.<\/p>\n<p><strong>Satur:<\/strong><br \/>\n100% dabiski ferment\u0113ti ziedu putek\u0161\u0146i. Nav paredz\u0113ts lieto\u0161anai p\u0101rtik\u0101. Tikai skudr\u0101m.<\/p>\n<p><strong>Uzglab\u0101\u0161ana:<\/strong><br \/>\nAtv\u0101kojams. Uzglab\u0101t tum\u0161\u0101, v\u0113s\u0101 un saus\u0101 viet\u0101.<\/p>\n<p><strong>Piez\u012bme:<\/strong><br \/>\nPapildus bar\u012bba skudr\u0101m.<br \/>\nSast\u0101vs, anal\u012btisk\u0101s sast\u0101vda\u013cas, der\u012bguma termi\u0146\u0161 un partijas numurs ir nor\u0101d\u012bts iepakojuma pam\u0101c\u012bb\u0101.<\/p>\n<p>Inform\u0101cijas t\u0101lrunis +49 30 439703870<\/p>\n<p>Atbild\u012bg\u0101 veterin\u0101r\u0101 un p\u0101rtikas inspekcija:<br \/>\nSteglitz veterin\u0101rais birojs<br \/>\nK\u00f6nigin-Luise-Str. 92<br \/>\n14195 Berl\u012bne<\/p>","protected":false},"excerpt":{"rendered":"<p>Papildu p\u0101rtika<\/p>","protected":false},"featured_media":4149,"comment_status":"open","ping_status":"closed","template":"","meta":{"_acf_changed":false,"content-type":"","_monsterinsights_skip_tracking":false,"_monsterinsights_sitenote_active":false,"_monsterinsights_sitenote_note":"","_monsterinsights_sitenote_category":0},"product_brand":[],"product_cat":[115,116],"product_tag":[],"class_list":{"0":"post-4145","1":"product","2":"type-product","3":"status-publish","4":"has-post-thumbnail","6":"product_cat-food-and-feeding","7":"product_cat-food","9":"first","10":"instock","11":"taxable","12":"shipping-taxable","13":"purchasable","14":"product-type-simple"},"acf":[],"aioseo_notices":[],"jetpack_sharing_enabled":true,"_links":{"self":[{"href":"https:\/\/antcube.shop\/lv\/wp-json\/wp\/v2\/product\/4145","targetHints":{"allow":["GET"]}}],"collection":[{"href":"https:\/\/antcube.shop\/lv\/wp-json\/wp\/v2\/product"}],"about":[{"href":"https:\/\/antcube.shop\/lv\/wp-json\/wp\/v2\/types\/product"}],"replies":[{"embeddable":true,"href":"https:\/\/antcube.shop\/lv\/wp-json\/wp\/v2\/comments?post=4145"}],"wp:featuredmedia":[{"embeddable":true,"href":"https:\/\/antcube.shop\/lv\/wp-json\/wp\/v2\/media\/4149"}],"wp:attachment":[{"href":"https:\/\/antcube.shop\/lv\/wp-json\/wp\/v2\/media?parent=4145"}],"wp:term":[{"taxonomy":"product_brand","embeddable":true,"href":"https:\/\/antcube.shop\/lv\/wp-json\/wp\/v2\/product_brand?post=4145"},{"taxonomy":"product_cat","embeddable":true,"href":"https:\/\/antcube.shop\/lv\/wp-json\/wp\/v2\/product_cat?post=4145"},{"taxonomy":"product_tag","embeddable":true,"href":"https:\/\/antcube.shop\/lv\/wp-json\/wp\/v2\/product_tag?post=4145"}],"curies":[{"name":"wp","href":"https:\/\/api.w.org\/{rel}","templated":true}]}}