{"id":4144,"date":"2022-02-14T15:34:20","date_gmt":"2022-02-14T14:34:20","guid":{"rendered":"https:\/\/antcube.shop\/produkt\/bodengrund-sand-lehm-beige-1000g\/"},"modified":"2026-04-06T14:21:17","modified_gmt":"2026-04-06T12:21:17","slug":"augsnes-smilsmala-maisijums-bess-1000g","status":"publish","type":"product","link":"https:\/\/antcube.shop\/lv\/products\/augsnes-smilsmala-maisijums-bess-1000g\/","title":{"rendered":"augsne - smil\u0161m\u0101la mais\u012bjums b\u0113\u0161s - 1000g"},"content":{"rendered":"<p><strong>Saturs:<\/strong> 1000g<\/p>\n<p><strong>Materi\u0101ls:<\/strong> smiltis, smil\u0161m\u0101ls<\/p>\n<p><strong>Kr\u0101sa:<\/strong> b\u0113\u0161s<\/p>\n<p><strong>Sajauk\u0161anas attiec\u012bba:<\/strong> diggable<\/p>\n<p><strong>Apraksts:<\/strong> \u0160is gatavais smil\u0161u un m\u0101la mais\u012bjums ir t\u012brs dab\u012bgs produkts. Kr\u0101su un stipr\u012bbu rada dab\u012bga m\u0101laina augsne, kas ir nekait\u012bga dz\u012bvniekiem.<\/p>\n<p><strong>Pieteikums:<\/strong> Augsnes rak\u0161ana, var izmantot ligzdas un ar\u0113nas laukumam!<\/p>\n<p><strong>Piez\u012bme:<\/strong> t\u0101 k\u0101 tas ir t\u012bri dabisks produkts, iesp\u0113jamas nelielas kr\u0101sas un strukt\u016bras at\u0161\u0137ir\u012bbas, ko m\u0113s nevaram ietekm\u0113t.<\/p>\n<p><strong>Svar\u012bgi:<\/strong> L\u016bdzu, pirms lieto\u0161anas samitriniet substr\u0101tu, lai mais\u012bjums var\u0113tu savienoties un nostiprin\u0101ties skudru ferm\u0101. Turkl\u0101t p\u0101r\u0101k sauss un putek\u013cains substr\u0101ts var izrais\u012bt skudru elpo\u0161anas ce\u013cu nosprostojumu un slikt\u0101kaj\u0101 gad\u012bjum\u0101 dz\u012bvnieki var aizdusa.<\/p>","protected":false},"excerpt":{"rendered":"<p>Dabisks substr\u0101ts - rak\u0161anai piem\u0113rots<\/p>","protected":false},"featured_media":5727,"comment_status":"open","ping_status":"closed","template":"","meta":{"_acf_changed":false,"content-type":"","_monsterinsights_skip_tracking":false,"_monsterinsights_sitenote_active":false,"_monsterinsights_sitenote_note":"","_monsterinsights_sitenote_category":0},"product_brand":[],"product_cat":[96],"product_tag":[],"class_list":{"0":"post-4144","1":"product","2":"type-product","3":"status-publish","4":"has-post-thumbnail","6":"product_cat-soil","8":"first","9":"instock","10":"taxable","11":"shipping-taxable","12":"purchasable","13":"product-type-simple"},"acf":[],"aioseo_notices":[],"jetpack_sharing_enabled":true,"_links":{"self":[{"href":"https:\/\/antcube.shop\/lv\/wp-json\/wp\/v2\/product\/4144","targetHints":{"allow":["GET"]}}],"collection":[{"href":"https:\/\/antcube.shop\/lv\/wp-json\/wp\/v2\/product"}],"about":[{"href":"https:\/\/antcube.shop\/lv\/wp-json\/wp\/v2\/types\/product"}],"replies":[{"embeddable":true,"href":"https:\/\/antcube.shop\/lv\/wp-json\/wp\/v2\/comments?post=4144"}],"wp:featuredmedia":[{"embeddable":true,"href":"https:\/\/antcube.shop\/lv\/wp-json\/wp\/v2\/media\/5727"}],"wp:attachment":[{"href":"https:\/\/antcube.shop\/lv\/wp-json\/wp\/v2\/media?parent=4144"}],"wp:term":[{"taxonomy":"product_brand","embeddable":true,"href":"https:\/\/antcube.shop\/lv\/wp-json\/wp\/v2\/product_brand?post=4144"},{"taxonomy":"product_cat","embeddable":true,"href":"https:\/\/antcube.shop\/lv\/wp-json\/wp\/v2\/product_cat?post=4144"},{"taxonomy":"product_tag","embeddable":true,"href":"https:\/\/antcube.shop\/lv\/wp-json\/wp\/v2\/product_tag?post=4144"}],"curies":[{"name":"wp","href":"https:\/\/api.w.org\/{rel}","templated":true}]}}