{"id":4047,"date":"2021-11-30T15:12:53","date_gmt":"2021-11-30T14:12:53","guid":{"rendered":"https:\/\/antcube.shop\/produkt\/enamel-mug\/"},"modified":"2024-12-12T12:25:27","modified_gmt":"2024-12-12T11:25:27","slug":"emaljas-kruze","status":"publish","type":"product","link":"https:\/\/antcube.shop\/lv\/products\/emaljas-kruze\/","title":{"rendered":"Emaljas kr\u016bze"},"content":{"rendered":"<p>Katram laim\u012bgam nometnes dal\u012bbniekam ir nepiecie\u0161ama unik\u0101la nometnes kr\u016bze. T\u0101 ir viegla, iztur\u012bga un daudzfunkcion\u0101la. Izmantojiet to savam iecien\u012bt\u0101kajam dz\u0113rienam vai karstam \u0113dienam, k\u0101 ar\u012b piestipriniet to pie somas, lai \u0113rti piek\u013c\u016btu p\u0101rg\u0101jien\u0101.<\/p>\n<p>- Materi\u0101ls: Materi\u0101ls: emalja<br \/>\n- Izm\u0113ri: augstums 3,14\u2033 (8 cm), diametrs 3,25\u2033 (8,25 cm).<br \/>\n- Balts p\u0101rkl\u0101jums ar sudraba apmali<br \/>\n- Mazg\u0101t tikai ar rok\u0101m<br \/>\n- Tuk\u0161ais ra\u017eojums, kura izcelsme ir \u0136\u012bn\u0101<\/p>\n<p><strong>Uzman\u012bbu! Nesildiet \u0161\u0137idrumus vai \u0113dienus tie\u0161i kr\u016bz\u0113 - tas var saboj\u0101t p\u0101rkl\u0101jumu.<\/strong><\/p>","protected":false},"excerpt":{"rendered":"<p>Katram laim\u012bgam nometnes dal\u012bbniekam ir nepiecie\u0161ama unik\u0101la nometnes kr\u016bze. T\u0101 ir viegla, iztur\u012bga un daudzfunkcion\u0101la. Izmantojiet to savam iecien\u012bt\u0101kajam dz\u0113rienam vai karstam \u0113dienam, k\u0101 ar\u012b piestipriniet to pie somas, lai \u0113rti piek\u013c\u016btu p\u0101rg\u0101jien\u0101. - Materi\u0101ls: Izm\u0113ri: augstums 3,14\u2033 (8 cm), diametrs 3,25\u2033 (8,25 cm) - Balts p\u0101rkl\u0101jums ar sudraba apmali - [...]","protected":false},"featured_media":4048,"comment_status":"open","ping_status":"closed","template":"","meta":{"_acf_changed":false,"content-type":"","_monsterinsights_skip_tracking":false,"_monsterinsights_sitenote_active":false,"_monsterinsights_sitenote_note":"","_monsterinsights_sitenote_category":0},"product_brand":[],"product_cat":[245],"product_tag":[],"class_list":{"0":"post-4047","1":"product","2":"type-product","3":"status-publish","4":"has-post-thumbnail","6":"product_cat-merchandise","8":"first","9":"instock","10":"taxable","11":"shipping-taxable","12":"purchasable","13":"product-type-simple"},"acf":[],"aioseo_notices":[],"jetpack_sharing_enabled":true,"_links":{"self":[{"href":"https:\/\/antcube.shop\/lv\/wp-json\/wp\/v2\/product\/4047","targetHints":{"allow":["GET"]}}],"collection":[{"href":"https:\/\/antcube.shop\/lv\/wp-json\/wp\/v2\/product"}],"about":[{"href":"https:\/\/antcube.shop\/lv\/wp-json\/wp\/v2\/types\/product"}],"replies":[{"embeddable":true,"href":"https:\/\/antcube.shop\/lv\/wp-json\/wp\/v2\/comments?post=4047"}],"wp:featuredmedia":[{"embeddable":true,"href":"https:\/\/antcube.shop\/lv\/wp-json\/wp\/v2\/media\/4048"}],"wp:attachment":[{"href":"https:\/\/antcube.shop\/lv\/wp-json\/wp\/v2\/media?parent=4047"}],"wp:term":[{"taxonomy":"product_brand","embeddable":true,"href":"https:\/\/antcube.shop\/lv\/wp-json\/wp\/v2\/product_brand?post=4047"},{"taxonomy":"product_cat","embeddable":true,"href":"https:\/\/antcube.shop\/lv\/wp-json\/wp\/v2\/product_cat?post=4047"},{"taxonomy":"product_tag","embeddable":true,"href":"https:\/\/antcube.shop\/lv\/wp-json\/wp\/v2\/product_tag?post=4047"}],"curies":[{"name":"wp","href":"https:\/\/api.w.org\/{rel}","templated":true}]}}