{"id":4002,"date":"2021-11-30T13:36:03","date_gmt":"2021-11-30T12:36:03","guid":{"rendered":"https:\/\/antcube.shop\/produkt\/cuffed-beanie\/"},"modified":"2024-12-12T12:25:36","modified_gmt":"2024-12-12T11:25:36","slug":"aproces-ar-aprocem","status":"publish","type":"product","link":"https:\/\/antcube.shop\/lv\/products\/aproces-ar-aprocem\/","title":{"rendered":"D\u017eemperis ar aproc\u0113m"},"content":{"rendered":"<p>Piegu\u013co\u0161a, piegu\u013co\u0161a cepure. T\u0101 ir ne tikai lielisks galvas sild\u012b\u0161anas elements, bet ar\u012b ikviena garderobes galvenais aksesu\u0101rs.<\/p>\n<p>- 100% Turbo akrils<br \/>\n- 12\u2033 (30 cm) garum\u0101<br \/>\n- Hipoaler\u0123isks<br \/>\n- Unisex stils<br \/>\n- Mazg\u0101jams ar rok\u0101m<br \/>\n- Tuk\u0161s izstr\u0101d\u0101jums, kura izcelsme ir Vjetnam\u0101 vai Banglade\u0161\u0101<\/p>","protected":false},"excerpt":{"rendered":"<p>Piegu\u013co\u0161a, piegu\u013co\u0161a cepure. T\u0101 ir ne tikai lielisks galvas sild\u012b\u0161anas elements, bet ar\u012b ikviena garderobes galvenais aksesu\u0101rs. - 100% Turbo akrils - 12\u2033 (30 cm) garum\u0101 - Hipoaler\u0123iska - Unisex stila - Var mazg\u0101t ar rok\u0101m - Tuk\u0161ais izstr\u0101d\u0101jums ir ra\u017eots Vjetnam\u0101 vai Banglade\u0161\u0101.<\/p>","protected":false},"featured_media":4004,"comment_status":"open","ping_status":"closed","template":"","meta":{"_acf_changed":false,"content-type":"","_monsterinsights_skip_tracking":false,"_monsterinsights_sitenote_active":false,"_monsterinsights_sitenote_note":"","_monsterinsights_sitenote_category":0},"product_brand":[],"product_cat":[245],"product_tag":[],"class_list":{"0":"post-4002","1":"product","2":"type-product","3":"status-publish","4":"has-post-thumbnail","6":"product_cat-merchandise","8":"first","9":"instock","10":"taxable","11":"shipping-taxable","12":"purchasable","13":"product-type-simple"},"acf":[],"aioseo_notices":[],"jetpack_sharing_enabled":true,"_links":{"self":[{"href":"https:\/\/antcube.shop\/lv\/wp-json\/wp\/v2\/product\/4002","targetHints":{"allow":["GET"]}}],"collection":[{"href":"https:\/\/antcube.shop\/lv\/wp-json\/wp\/v2\/product"}],"about":[{"href":"https:\/\/antcube.shop\/lv\/wp-json\/wp\/v2\/types\/product"}],"replies":[{"embeddable":true,"href":"https:\/\/antcube.shop\/lv\/wp-json\/wp\/v2\/comments?post=4002"}],"wp:featuredmedia":[{"embeddable":true,"href":"https:\/\/antcube.shop\/lv\/wp-json\/wp\/v2\/media\/4004"}],"wp:attachment":[{"href":"https:\/\/antcube.shop\/lv\/wp-json\/wp\/v2\/media?parent=4002"}],"wp:term":[{"taxonomy":"product_brand","embeddable":true,"href":"https:\/\/antcube.shop\/lv\/wp-json\/wp\/v2\/product_brand?post=4002"},{"taxonomy":"product_cat","embeddable":true,"href":"https:\/\/antcube.shop\/lv\/wp-json\/wp\/v2\/product_cat?post=4002"},{"taxonomy":"product_tag","embeddable":true,"href":"https:\/\/antcube.shop\/lv\/wp-json\/wp\/v2\/product_tag?post=4002"}],"curies":[{"name":"wp","href":"https:\/\/api.w.org\/{rel}","templated":true}]}}