{"id":3957,"date":"2021-11-30T13:32:38","date_gmt":"2021-11-30T12:32:38","guid":{"rendered":"https:\/\/antcube.shop\/produkt\/mens-high-top-canvas-shoes\/"},"modified":"2024-12-12T12:25:45","modified_gmt":"2024-12-12T11:25:45","slug":"viriesu-augstpapezu-audekla-apavi","status":"publish","type":"product","link":"https:\/\/antcube.shop\/lv\/products\/viriesu-augstpapezu-audekla-apavi\/","title":{"rendered":"V\u012brie\u0161u augstpap\u0113\u017eu audekla apavi"},"content":{"rendered":"<p>Uzlabojiet savu apavu sp\u0113li ar augstpap\u0113\u017eu audekla apaviem. \u0160ie ar rok\u0101m darin\u0101tie, modernie apavi noteikti pie\u0161\u0137irs j\u016bsu ap\u0123\u0113rbam pikantumu. Ieg\u0101d\u0101jieties savas jau tagad!<\/p>\n<p>- 100% poliesteris, audekla aug\u0161\u0113j\u0101 puse<br \/>\n- Etil\u0113nvinilacet\u0101ta (EVA) gumijas zole<br \/>\n- Elpojo\u0161a odere, m\u012bksta zole<br \/>\n- M\u0101ksl\u012bg\u0101s \u0101das pirkstgalu v\u0101ci\u0146\u0161<br \/>\n- Baltas me\u017e\u0123\u012bnes<br \/>\n- Polster\u0113ta apkakle, me\u017e\u0123\u012b\u0146u aizdares priek\u0161pus\u0113<br \/>\n- Tuk\u0161ais ra\u017eojums, kura izcelsme ir \u0136\u012bn\u0101<\/p>\n<p><strong>Svar\u012bgi:<\/strong> \u0160is produkts ir pieejams \u0161\u0101d\u0101s valst\u012bs: Amerikas Savienot\u0101s Valstis, Kan\u0101da, Austr\u0101lija, Jaunz\u0113lande un Jap\u0101na. Ja j\u016bsu pieg\u0101des adrese atrodas \u0101rpus \u0161\u012bm valst\u012bm, l\u016bdzu, izv\u0113lieties citu produktu.<\/p>\n<p><strong>Atruna:<\/strong> Atverot kast\u012bti, apaviem b\u016bs l\u012bmes smar\u017ea. \u0160\u012b smaka izzud\u012bs da\u017eas dienas p\u0113c tam, kad apavi b\u016bs izpakoti.<\/p>","protected":false},"excerpt":{"rendered":"<p>Uzlabojiet savu apavu sp\u0113li ar augstpap\u0113\u017eu audekla apaviem. \u0160ie ar rok\u0101m darin\u0101tie, modernie apavi noteikti pie\u0161\u0137irs j\u016bsu ap\u0123\u0113rbam pikantumu. Ieg\u0101d\u0101jieties savas jau tagad! - 100% poliestera, audekla aug\u0161da\u013ca - Etil\u0113na vinilacet\u0101ta (EVA) gumijas zole - Elpojo\u0161a odere, m\u012bksta zol\u012bte - M\u0101ksl\u012bg\u0101s \u0101das pirkstu gali\u0146\u0161 - Baltas me\u017e\u0123\u012bnes - Polster\u0113ta apkakle, me\u017e\u0123\u012b\u0146u aizdares priek\u0161\u0101","protected":false},"featured_media":3975,"comment_status":"open","ping_status":"closed","template":"","meta":{"_acf_changed":false,"content-type":"","_monsterinsights_skip_tracking":false,"_monsterinsights_sitenote_active":false,"_monsterinsights_sitenote_note":"","_monsterinsights_sitenote_category":0},"product_brand":[],"product_cat":[245],"product_tag":[],"class_list":{"0":"post-3957","1":"product","2":"type-product","3":"status-publish","4":"has-post-thumbnail","6":"product_cat-merchandise","8":"first","9":"instock","10":"taxable","11":"shipping-taxable","12":"purchasable","13":"product-type-variable"},"acf":[],"aioseo_notices":[],"jetpack_sharing_enabled":true,"_links":{"self":[{"href":"https:\/\/antcube.shop\/lv\/wp-json\/wp\/v2\/product\/3957","targetHints":{"allow":["GET"]}}],"collection":[{"href":"https:\/\/antcube.shop\/lv\/wp-json\/wp\/v2\/product"}],"about":[{"href":"https:\/\/antcube.shop\/lv\/wp-json\/wp\/v2\/types\/product"}],"replies":[{"embeddable":true,"href":"https:\/\/antcube.shop\/lv\/wp-json\/wp\/v2\/comments?post=3957"}],"wp:featuredmedia":[{"embeddable":true,"href":"https:\/\/antcube.shop\/lv\/wp-json\/wp\/v2\/media\/3975"}],"wp:attachment":[{"href":"https:\/\/antcube.shop\/lv\/wp-json\/wp\/v2\/media?parent=3957"}],"wp:term":[{"taxonomy":"product_brand","embeddable":true,"href":"https:\/\/antcube.shop\/lv\/wp-json\/wp\/v2\/product_brand?post=3957"},{"taxonomy":"product_cat","embeddable":true,"href":"https:\/\/antcube.shop\/lv\/wp-json\/wp\/v2\/product_cat?post=3957"},{"taxonomy":"product_tag","embeddable":true,"href":"https:\/\/antcube.shop\/lv\/wp-json\/wp\/v2\/product_tag?post=3957"}],"curies":[{"name":"wp","href":"https:\/\/api.w.org\/{rel}","templated":true}]}}