{"id":3953,"date":"2021-11-30T13:30:21","date_gmt":"2021-11-30T12:30:21","guid":{"rendered":"https:\/\/antcube.shop\/produkt\/stainless-steel-water-bottle\/"},"modified":"2024-12-12T12:25:54","modified_gmt":"2024-12-12T11:25:54","slug":"nerusejosa-terauda-udens-pudele","status":"publish","type":"product","link":"https:\/\/antcube.shop\/lv\/products\/nerusejosa-terauda-udens-pudele\/","title":{"rendered":"Ner\u016bs\u0113jo\u0161\u0101 t\u0113rauda \u016bdens pudele"},"content":{"rendered":"<p>\u0160\u012b 17 un\u010du dubultsienu ner\u016bs\u0113jo\u0161\u0101 t\u0113rauda \u016bdens pudele ir ide\u0101li piem\u0113rota ikdienas izbraucieniem. T\u0101 saglab\u0101s j\u016bsu izv\u0113l\u0113to dz\u0113rienu karstu vai aukstu stund\u0101m ilgi. Tai ir ar\u012b pret smak\u0101m un nopl\u016bd\u0113m dro\u0161s v\u0101ci\u0146\u0161. Iemetiet to automa\u0161\u012bnas kr\u016bzes tur\u0113t\u0101j\u0101 ce\u013c\u0101 uz darbu, \u0146emiet to l\u012bdzi p\u0101rg\u0101jienos vai iemetiet som\u0101, kad izjut\u012bsiet sl\u0101pes.<\/p>\n<p>- Augstas kvalit\u0101tes ner\u016bs\u0113jo\u0161ais t\u0113rauds<br \/>\n- 17 oz (500 ml)<br \/>\n- Izm\u0113ri: 10,5\u2033 \u00d7 2,85\u2033 (27 \u00d7 7 cm)<br \/>\n- Vakuuma kolba<br \/>\n- Dubult\u0101s sienas konstrukcija<br \/>\n- Boulinga tapas forma<br \/>\n- Bez smar\u017eas un herm\u0113tisks v\u0101ci\u0146\u0161<br \/>\n- Izol\u0101cija karstiem un aukstiem \u0161\u0137idrumiem (saglab\u0101 \u0161\u0137idrumu karstu vai aukstu 6 h)<br \/>\n- Patent\u0113ts ORCA p\u0101rkl\u0101jums spilgt\u0101m kr\u0101s\u0101m<br \/>\n- Mazg\u0101t tikai ar rok\u0101m (nav ieteicams mazg\u0101t trauku mazg\u0101jam\u0101 ma\u0161\u012bn\u0101 vakuuma bl\u012bv\u0113juma d\u0113\u013c)<br \/>\n- Tuk\u0161ais ra\u017eojums, kura izcelsme ir \u0136\u012bn\u0101<\/p>\n<p>Atruna: \u016bdens glab\u0101\u0161ana pudel\u0113 ilg\u0101k par 24 stund\u0101m ir nehigi\u0113niska un var rad\u012bt nepat\u012bkamu smaku.<\/p>","protected":false},"excerpt":{"rendered":"<p>\u0160\u012b 17 un\u010du dubultsienu ner\u016bs\u0113jo\u0161\u0101 t\u0113rauda \u016bdens pudele ir ide\u0101li piem\u0113rota ikdienas izbraucieniem. T\u0101 saglab\u0101s j\u016bsu izv\u0113l\u0113to dz\u0113rienu karstu vai aukstu stund\u0101m ilgi. Tai ir ar\u012b pret smak\u0101m un nopl\u016bd\u0113m dro\u0161s v\u0101ci\u0146\u0161. Iemetiet to automa\u0161\u012bnas kr\u016bzes tur\u0113t\u0101j\u0101 ce\u013c\u0101 uz darbu, \u0146emiet l\u012bdzi p\u0101rg\u0101jienos vai iemetiet to [...]","protected":false},"featured_media":3954,"comment_status":"open","ping_status":"closed","template":"","meta":{"_acf_changed":false,"content-type":"","_monsterinsights_skip_tracking":false,"_monsterinsights_sitenote_active":false,"_monsterinsights_sitenote_note":"","_monsterinsights_sitenote_category":0},"product_brand":[],"product_cat":[245],"product_tag":[],"class_list":{"0":"post-3953","1":"product","2":"type-product","3":"status-publish","4":"has-post-thumbnail","6":"product_cat-merchandise","8":"first","9":"instock","10":"taxable","11":"shipping-taxable","12":"purchasable","13":"product-type-simple"},"acf":[],"aioseo_notices":[],"jetpack_sharing_enabled":true,"_links":{"self":[{"href":"https:\/\/antcube.shop\/lv\/wp-json\/wp\/v2\/product\/3953","targetHints":{"allow":["GET"]}}],"collection":[{"href":"https:\/\/antcube.shop\/lv\/wp-json\/wp\/v2\/product"}],"about":[{"href":"https:\/\/antcube.shop\/lv\/wp-json\/wp\/v2\/types\/product"}],"replies":[{"embeddable":true,"href":"https:\/\/antcube.shop\/lv\/wp-json\/wp\/v2\/comments?post=3953"}],"wp:featuredmedia":[{"embeddable":true,"href":"https:\/\/antcube.shop\/lv\/wp-json\/wp\/v2\/media\/3954"}],"wp:attachment":[{"href":"https:\/\/antcube.shop\/lv\/wp-json\/wp\/v2\/media?parent=3953"}],"wp:term":[{"taxonomy":"product_brand","embeddable":true,"href":"https:\/\/antcube.shop\/lv\/wp-json\/wp\/v2\/product_brand?post=3953"},{"taxonomy":"product_cat","embeddable":true,"href":"https:\/\/antcube.shop\/lv\/wp-json\/wp\/v2\/product_cat?post=3953"},{"taxonomy":"product_tag","embeddable":true,"href":"https:\/\/antcube.shop\/lv\/wp-json\/wp\/v2\/product_tag?post=3953"}],"curies":[{"name":"wp","href":"https:\/\/api.w.org\/{rel}","templated":true}]}}