{"id":3877,"date":"2021-11-23T18:19:27","date_gmt":"2021-11-23T17:19:27","guid":{"rendered":"https:\/\/antcube.shop\/produkt\/ameisen-spiralturm-l-30\/"},"modified":"2026-04-05T01:10:15","modified_gmt":"2026-04-04T23:10:15","slug":"ant-spiral-tower-l-30","status":"publish","type":"product","link":"https:\/\/antcube.shop\/lv\/products\/ant-spiral-tower-l-30\/","title":{"rendered":"Skudru spir\u0101les tornis L - 30"},"content":{"rendered":"<div><strong>Izm\u0113ri<\/strong>: 19x19x30cm; <strong>L<\/strong> \u0161\u013c\u016btenei 20\/16 mm<\/div>\n<div><\/div>\n<div><strong>Materi\u0101ls<\/strong>: PMMA, PVC<\/div>\n<div><\/div>\n<div><strong>Kr\u0101sa<\/strong>: krist\u0101ldzidrs, caursp\u012bd\u012bgs, caursp\u012bd\u012bgs<\/div>\n<div><\/div>\n<div><strong>Saturs<\/strong>:<\/div>\n<div>2x apak\u0161\u0113j\u0101 \/ v\u0101ka pl\u0101ksne<\/div>\n<div>2x piek\u013cuve \u0161\u013c\u016btenei 20\/16 mm \u0161\u013c\u016btenei<\/div>\n<div>4x \u0161\u013c\u016btenes kolonna 20\/16 mm \u0161\u013c\u016btenei<\/div>\n<div>10x fiks\u0101cijas tapa<\/div>\n<div>5 m \u0161\u013c\u016btene 20\/16 mm<\/div>\n<div><strong>Piez\u012bme<\/strong>: Deta\u013cas tiek pieg\u0101d\u0101tas komplekt\u0101 vai k\u0101 pievienojama sist\u0113ma. L\u012bm\u0113\u0161ana nav nepiecie\u0161ama.<\/div>\n<div><\/div>\n<div><strong>Savienojums<\/strong>:<\/div>\n<div>2x \u0161\u013c\u016btene 20\/16 mm<\/div>\n<div><\/div>\n<div><strong>Apraksts<\/strong>: Skudru spir\u0101les tornis tiek izmantots, lai p\u0101rvar\u0113tu augstumu no ar\u0113nas l\u012bdz skudru fermai, un papildus nodro\u0161ina dz\u012bvniekiem lielu pastaigu att\u0101lumu kompakt\u0101 telp\u0101. Papildu g\u0101jiena att\u0101lums imit\u0113 ce\u013cus, kas skudr\u0101m j\u0101veic dab\u0101 l\u012bdz bar\u012bbas avotiem, un tas var pozit\u012bvi ietekm\u0113t skudru kolonijas att\u012bst\u012bbu un uzved\u012bbu.<\/div>\n<div><\/div>\n<div><strong>Pieteikums<\/strong>: skudru saimniec\u012bb\u0101m, kuru lielums <strong>L<\/strong><\/div>","protected":false},"excerpt":{"rendered":"<p>Savienojums: \u0161\u013c\u016btene 20\/16 mm<br \/>\nIzm\u0113rs <strong>L<\/strong><\/p>","protected":false},"featured_media":3879,"comment_status":"open","ping_status":"closed","template":"","meta":{"_acf_changed":false,"content-type":"","_monsterinsights_skip_tracking":false,"_monsterinsights_sitenote_active":false,"_monsterinsights_sitenote_note":"","_monsterinsights_sitenote_category":0},"product_brand":[],"product_cat":[119,256],"product_tag":[],"class_list":{"0":"post-3877","1":"product","2":"type-product","3":"status-publish","4":"has-post-thumbnail","6":"product_cat-formicarium-components","7":"product_cat-spiral-tower","9":"first","10":"instock","11":"taxable","12":"shipping-taxable","13":"purchasable","14":"product-type-simple"},"acf":[],"aioseo_notices":[],"jetpack_sharing_enabled":true,"_links":{"self":[{"href":"https:\/\/antcube.shop\/lv\/wp-json\/wp\/v2\/product\/3877","targetHints":{"allow":["GET"]}}],"collection":[{"href":"https:\/\/antcube.shop\/lv\/wp-json\/wp\/v2\/product"}],"about":[{"href":"https:\/\/antcube.shop\/lv\/wp-json\/wp\/v2\/types\/product"}],"replies":[{"embeddable":true,"href":"https:\/\/antcube.shop\/lv\/wp-json\/wp\/v2\/comments?post=3877"}],"wp:featuredmedia":[{"embeddable":true,"href":"https:\/\/antcube.shop\/lv\/wp-json\/wp\/v2\/media\/3879"}],"wp:attachment":[{"href":"https:\/\/antcube.shop\/lv\/wp-json\/wp\/v2\/media?parent=3877"}],"wp:term":[{"taxonomy":"product_brand","embeddable":true,"href":"https:\/\/antcube.shop\/lv\/wp-json\/wp\/v2\/product_brand?post=3877"},{"taxonomy":"product_cat","embeddable":true,"href":"https:\/\/antcube.shop\/lv\/wp-json\/wp\/v2\/product_cat?post=3877"},{"taxonomy":"product_tag","embeddable":true,"href":"https:\/\/antcube.shop\/lv\/wp-json\/wp\/v2\/product_tag?post=3877"}],"curies":[{"name":"wp","href":"https:\/\/api.w.org\/{rel}","templated":true}]}}