{"id":3625,"date":"2021-11-19T12:53:34","date_gmt":"2021-11-19T11:53:34","guid":{"rendered":"https:\/\/antcube.shop\/produkt\/snapback-hat\/"},"modified":"2024-12-12T12:26:44","modified_gmt":"2024-12-12T11:26:44","slug":"snapback-cepure","status":"publish","type":"product","link":"https:\/\/antcube.shop\/lv\/products\/snapback-cepure\/","title":{"rendered":"Snapback cepure"},"content":{"rendered":"<p>\u0160\u012b cepure ir struktur\u0113ta, ar klasisku piegriezumu, plakanu malu un pilnu spr\u0101dzes apdari. Regul\u0113jam\u0101 aizdare ar spr\u0101dz\u0113m to padara \u0113rtu, viena izm\u0113ra cepuri, kas der vairumam.<\/p>\n<p>- 80% akrils, 20% vilna<br \/>\n- Za\u013c\u0101 kamufl\u0101\u017eas kr\u0101sa ir 60% kokvilna, 40% poliesteris.<br \/>\n- Struktur\u0113ts, 6 pane\u013cu, augsta profila<br \/>\n- 6 iz\u0161\u016btas cilpi\u0146as<br \/>\n- Plastmasas aizdare<br \/>\n- Za\u013c\u0101 apak\u0161virsma<br \/>\n- Galvas apk\u0101rtm\u0113rs: 21\u215d\u2033-23\u215d\u2033 (54,9 cm-60 cm)<br \/>\n- Tuk\u0161s izstr\u0101d\u0101jums, kura izcelsme ir Vjetnam\u0101 vai Banglade\u0161\u0101<\/p>\n<p>&nbsp;<\/p>\n<p>Kategorij\u0101 Preces iek\u013cauto produktu pieg\u0101di un ra\u017eo\u0161anu nodro\u0161ina m\u016bsu partneris PRINTFUL. Pas\u016btot k\u0101du no \u0161iem produktiem, j\u016bs piekr\u012btat PRINTFUL noteikumiem un nosac\u012bjumiem, priv\u0101tuma politikai un atgrie\u0161anas politikai.<\/p>\n<p><a href=\"https:\/\/www.printful.com\/policies\/terms-of-service\">PRINTFUL Noteikumi un nosac\u012bjumi atrodami \u0161eit.<\/a><\/p>\n<p><a href=\"https:\/\/www.printful.com\/policies\/returns\">\u0160eit atrodiet PRINTFUL atgrie\u0161anas noteikumus.<\/a><\/p>\n<p><a href=\"https:\/\/www.printful.com\/policies\/privacy\">\u0160eit atrodiet PRINTFUL konfidencialit\u0101tes politiku.<\/a><\/p>","protected":false},"excerpt":{"rendered":"<p>\u0160\u012b cepure ir struktur\u0113ta, ar klasisku piegriezumu, plakanu malu un pilnu spr\u0101dzes apdari. Regul\u0113jam\u0101 aizdare ar spr\u0101dz\u0113m to padara \u0113rtu, viena izm\u0113ra cepuri, kas der vairumam. - 80% akrils, 20% vilna - Green Camo ir 60% kokvilna, 40% poliesters - Struktur\u0113ta, 6 pane\u013cu, augsta profila - 6 iz\u0161\u016btas cilpi\u0146as - Plastik\u0101ta aizdare - Za\u013ca apak\u0161da\u013ca - Galvas apk\u0101rtm\u0113rs: 21\u215d\u2033-23\u215d\u2033.","protected":false},"featured_media":3627,"comment_status":"open","ping_status":"closed","template":"","meta":{"_acf_changed":false,"content-type":"","_monsterinsights_skip_tracking":false,"_monsterinsights_sitenote_active":false,"_monsterinsights_sitenote_note":"","_monsterinsights_sitenote_category":0},"product_brand":[],"product_cat":[245],"product_tag":[],"class_list":{"0":"post-3625","1":"product","2":"type-product","3":"status-publish","4":"has-post-thumbnail","6":"product_cat-merchandise","8":"first","9":"instock","10":"taxable","11":"shipping-taxable","12":"purchasable","13":"product-type-simple"},"acf":[],"aioseo_notices":[],"jetpack_sharing_enabled":true,"_links":{"self":[{"href":"https:\/\/antcube.shop\/lv\/wp-json\/wp\/v2\/product\/3625","targetHints":{"allow":["GET"]}}],"collection":[{"href":"https:\/\/antcube.shop\/lv\/wp-json\/wp\/v2\/product"}],"about":[{"href":"https:\/\/antcube.shop\/lv\/wp-json\/wp\/v2\/types\/product"}],"replies":[{"embeddable":true,"href":"https:\/\/antcube.shop\/lv\/wp-json\/wp\/v2\/comments?post=3625"}],"wp:featuredmedia":[{"embeddable":true,"href":"https:\/\/antcube.shop\/lv\/wp-json\/wp\/v2\/media\/3627"}],"wp:attachment":[{"href":"https:\/\/antcube.shop\/lv\/wp-json\/wp\/v2\/media?parent=3625"}],"wp:term":[{"taxonomy":"product_brand","embeddable":true,"href":"https:\/\/antcube.shop\/lv\/wp-json\/wp\/v2\/product_brand?post=3625"},{"taxonomy":"product_cat","embeddable":true,"href":"https:\/\/antcube.shop\/lv\/wp-json\/wp\/v2\/product_cat?post=3625"},{"taxonomy":"product_tag","embeddable":true,"href":"https:\/\/antcube.shop\/lv\/wp-json\/wp\/v2\/product_tag?post=3625"}],"curies":[{"name":"wp","href":"https:\/\/api.w.org\/{rel}","templated":true}]}}