{"id":3611,"date":"2021-11-19T12:49:31","date_gmt":"2021-11-19T11:49:31","guid":{"rendered":"https:\/\/antcube.shop\/produkt\/dad-hat\/"},"modified":"2024-12-12T12:26:53","modified_gmt":"2024-12-12T11:26:53","slug":"tetis-cepure","status":"publish","type":"product","link":"https:\/\/antcube.shop\/lv\/products\/tetis-cepure\/","title":{"rendered":"T\u0113ta cepure"},"content":{"rendered":"<p>T\u0113tu cepures nav dom\u0101tas tikai t\u0113tiem. \u0160ai ir zems profils ar regul\u0113jamu siksni\u0146u un izliektu vizieri.<\/p>\n<p>- 100% \u0161ino kokvilnas tvils<br \/>- Za\u013c\u0101 kamufl\u0101\u017eas kr\u0101sa ir 35% chino kokvilnas sar\u017ea, 65% poliestera.<br \/>- Nestruktur\u0113ts, 6 pane\u013cu, zema profila<br \/>- 6 iz\u0161\u016btas cilpi\u0146as<br \/>- 3 \u215b\" (7,6 cm) kronis<br \/>- Regul\u0113jama siksna ar ant\u012bku spr\u0101dzi<br \/>- Tuk\u0161s izstr\u0101d\u0101jums, kura izcelsme ir Vjetnam\u0101 vai Banglade\u0161\u0101<\/p>\n<p>\u00a0<\/p>\n<p>Kategorij\u0101 Preces iek\u013cauto produktu pieg\u0101di un ra\u017eo\u0161anu nodro\u0161ina m\u016bsu partneris PRINTFUL. Pas\u016btot k\u0101du no \u0161iem produktiem, j\u016bs piekr\u012btat PRINTFUL noteikumiem un nosac\u012bjumiem, priv\u0101tuma politikai un atgrie\u0161anas politikai.\u00a0<\/p>\n<p><a href=\"https:\/\/www.printful.com\/policies\/terms-of-service\">PRINTFUL Noteikumi un nosac\u012bjumi atrodami \u0161eit.<\/a><\/p>\n<p><a href=\"https:\/\/www.printful.com\/policies\/returns\">\u0160eit atrodiet PRINTFUL atgrie\u0161anas noteikumus.<\/a><\/p>\n<p><a href=\"https:\/\/www.printful.com\/policies\/privacy\">\u0160eit atrodiet PRINTFUL konfidencialit\u0101tes politiku.<\/a><\/p>","protected":false},"excerpt":{"rendered":"<p>T\u0113tu cepures nav dom\u0101tas tikai t\u0113tiem. \u0160ai ir zems profils ar regul\u0113jamu siksni\u0146u un izliektu vizieri. - 100% chino kokvilnas t\u016bba- Za\u013c\u0101 kamufl\u0101\u017eas kr\u0101sa ir 35% chino kokvilnas t\u016bba, 65% poliesteris- Nestruktur\u0113ta, 6 pane\u013ci, zems profils- 6 iz\u0161\u016btas cilpi\u0146as- 3 \u215b\" (7,6 cm) kronis- Regul\u0113jama siksna ar ant\u012bku spr\u0101dzi- Tuk\u0161ais izstr\u0101d\u0101jums ra\u017eots Vjetnam\u0101","protected":false},"featured_media":3613,"comment_status":"open","ping_status":"closed","template":"","meta":{"_acf_changed":false,"content-type":"","_monsterinsights_skip_tracking":false,"_monsterinsights_sitenote_active":false,"_monsterinsights_sitenote_note":"","_monsterinsights_sitenote_category":0},"product_brand":[],"product_cat":[245],"product_tag":[],"class_list":{"0":"post-3611","1":"product","2":"type-product","3":"status-publish","4":"has-post-thumbnail","6":"product_cat-merchandise","8":"first","9":"instock","10":"taxable","11":"shipping-taxable","12":"purchasable","13":"product-type-simple"},"acf":[],"aioseo_notices":[],"jetpack_sharing_enabled":true,"_links":{"self":[{"href":"https:\/\/antcube.shop\/lv\/wp-json\/wp\/v2\/product\/3611","targetHints":{"allow":["GET"]}}],"collection":[{"href":"https:\/\/antcube.shop\/lv\/wp-json\/wp\/v2\/product"}],"about":[{"href":"https:\/\/antcube.shop\/lv\/wp-json\/wp\/v2\/types\/product"}],"replies":[{"embeddable":true,"href":"https:\/\/antcube.shop\/lv\/wp-json\/wp\/v2\/comments?post=3611"}],"wp:featuredmedia":[{"embeddable":true,"href":"https:\/\/antcube.shop\/lv\/wp-json\/wp\/v2\/media\/3613"}],"wp:attachment":[{"href":"https:\/\/antcube.shop\/lv\/wp-json\/wp\/v2\/media?parent=3611"}],"wp:term":[{"taxonomy":"product_brand","embeddable":true,"href":"https:\/\/antcube.shop\/lv\/wp-json\/wp\/v2\/product_brand?post=3611"},{"taxonomy":"product_cat","embeddable":true,"href":"https:\/\/antcube.shop\/lv\/wp-json\/wp\/v2\/product_cat?post=3611"},{"taxonomy":"product_tag","embeddable":true,"href":"https:\/\/antcube.shop\/lv\/wp-json\/wp\/v2\/product_tag?post=3611"}],"curies":[{"name":"wp","href":"https:\/\/api.w.org\/{rel}","templated":true}]}}