{"id":3599,"date":"2021-11-19T12:47:56","date_gmt":"2021-11-19T11:47:56","guid":{"rendered":"https:\/\/antcube.shop\/produkt\/premium-eco-hoodie\/"},"modified":"2024-12-12T12:27:02","modified_gmt":"2024-12-12T11:27:02","slug":"premium-eco-kailas-jaka","status":"publish","type":"product","link":"https:\/\/antcube.shop\/lv\/products\/premium-eco-kailas-jaka\/","title":{"rendered":"Premium klases ekolo\u0123iska jaka ar kapuci"},"content":{"rendered":"<p>Iepaz\u012bstieties ar augst\u0101k\u0101s kvalit\u0101tes ekolo\u0123isko kapuci, kas izgatavota no organiskiem un p\u0101rstr\u0101d\u0101tiem materi\u0101liem. \u0112rt\u0101 piegriezuma, priek\u0161\u0113j\u0101s kabatas kabatas un divsl\u0101\u0146u kapuces konstrukcija padara \u0161o kapuci par klasisku ielas ap\u0123\u0113rba gabalu, ko var kombin\u0113t ar daudziem da\u017e\u0101diem t\u0113rpiem.<\/p>\n<p>- 85% organisk\u0101 kokvilna, 15% p\u0101rstr\u0101d\u0101ts poliesteris<br \/>\n- Apgriezumi: 97% organisk\u0101 kokvilna, 3% elast\u0101ns.<br \/>\n- Brushed fl\u012bsa audums iek\u0161pus\u0113<br \/>\n- \u0112rts unisex fit<br \/>\n- Divk\u0101r\u0161s p\u0101rsegs<br \/>\n- Plakanas auklas ar met\u0101la cilp\u0101m, kas nodro\u0161ina augst\u0101k\u0101s kvalit\u0101tes saj\u016btu<br \/>\n- \u0136enguru kabata<br \/>\n- Iek\u0161\u0113jais\/\u0101r\u0113jais eti\u0137etes pl\u0101ksteris z\u012bmola izvieto\u0161anai<br \/>\n- No\u0146emama kop\u0161anas eti\u0137ete<\/p>\n<p>&nbsp;<\/p>\n<p>Kategorij\u0101 Preces iek\u013cauto produktu pieg\u0101di un ra\u017eo\u0161anu nodro\u0161ina m\u016bsu partneris PRINTFUL. Pas\u016btot k\u0101du no \u0161iem produktiem, j\u016bs piekr\u012btat PRINTFUL noteikumiem un nosac\u012bjumiem, priv\u0101tuma politikai un atgrie\u0161anas politikai.<\/p>\n<p><a href=\"https:\/\/www.printful.com\/policies\/terms-of-service\">PRINTFUL Noteikumi un nosac\u012bjumi atrodami \u0161eit.<\/a><\/p>\n<p><a href=\"https:\/\/www.printful.com\/policies\/returns\">\u0160eit atrodiet PRINTFUL atgrie\u0161anas noteikumus.<\/a><\/p>\n<p><a href=\"https:\/\/www.printful.com\/policies\/privacy\">\u0160eit atrodiet PRINTFUL konfidencialit\u0101tes politiku.<\/a><\/p>","protected":false},"excerpt":{"rendered":"<p>Iepaz\u012bstieties ar augst\u0101k\u0101s kvalit\u0101tes ekolo\u0123isko kapuci, kas izgatavota no organiskiem un p\u0101rstr\u0101d\u0101tiem materi\u0101liem. \u0112rt\u0101 piegriezuma, priek\u0161\u0113j\u0101s kabatas kabatas un divsl\u0101\u0146u kapuces konstrukcija padara \u0161o kapuci par klasisku ielas ap\u0123\u0113rba gabalu, ko var kombin\u0113t ar da\u017e\u0101diem t\u0113rpiem. - 85% organisk\u0101 kokvilna, 15% p\u0101rstr\u0101d\u0101ts poliesteris - Ribas: 97% organisk\u0101 kokvilna, 3% elast\u0101ns - Brushed fleece fabric inside","protected":false},"featured_media":3607,"comment_status":"open","ping_status":"closed","template":"","meta":{"_acf_changed":false,"content-type":"","_monsterinsights_skip_tracking":false,"_monsterinsights_sitenote_active":false,"_monsterinsights_sitenote_note":"","_monsterinsights_sitenote_category":0},"product_brand":[],"product_cat":[245],"product_tag":[],"class_list":{"0":"post-3599","1":"product","2":"type-product","3":"status-publish","4":"has-post-thumbnail","6":"product_cat-merchandise","8":"first","9":"instock","10":"taxable","11":"shipping-taxable","12":"purchasable","13":"product-type-variable"},"acf":[],"aioseo_notices":[],"jetpack_sharing_enabled":true,"_links":{"self":[{"href":"https:\/\/antcube.shop\/lv\/wp-json\/wp\/v2\/product\/3599","targetHints":{"allow":["GET"]}}],"collection":[{"href":"https:\/\/antcube.shop\/lv\/wp-json\/wp\/v2\/product"}],"about":[{"href":"https:\/\/antcube.shop\/lv\/wp-json\/wp\/v2\/types\/product"}],"replies":[{"embeddable":true,"href":"https:\/\/antcube.shop\/lv\/wp-json\/wp\/v2\/comments?post=3599"}],"wp:featuredmedia":[{"embeddable":true,"href":"https:\/\/antcube.shop\/lv\/wp-json\/wp\/v2\/media\/3607"}],"wp:attachment":[{"href":"https:\/\/antcube.shop\/lv\/wp-json\/wp\/v2\/media?parent=3599"}],"wp:term":[{"taxonomy":"product_brand","embeddable":true,"href":"https:\/\/antcube.shop\/lv\/wp-json\/wp\/v2\/product_brand?post=3599"},{"taxonomy":"product_cat","embeddable":true,"href":"https:\/\/antcube.shop\/lv\/wp-json\/wp\/v2\/product_cat?post=3599"},{"taxonomy":"product_tag","embeddable":true,"href":"https:\/\/antcube.shop\/lv\/wp-json\/wp\/v2\/product_tag?post=3599"}],"curies":[{"name":"wp","href":"https:\/\/api.w.org\/{rel}","templated":true}]}}