{"id":3575,"date":"2021-11-19T12:45:26","date_gmt":"2021-11-19T11:45:26","guid":{"rendered":"https:\/\/antcube.shop\/produkt\/unisex-organic-cotton-t-shirt\/"},"modified":"2024-12-12T12:27:10","modified_gmt":"2024-12-12T11:27:10","slug":"unisex-organiskas-kokvilnas-kreklins","status":"publish","type":"product","link":"https:\/\/antcube.shop\/lv\/products\/unisex-organiskas-kokvilnas-kreklins\/","title":{"rendered":"Unisex organisk\u0101s kokvilnas t-krekls"},"content":{"rendered":"<p>\u0160is viendzimuma t-krekls ir izgatavots no 100% organisk\u0101s kokvilnas, un tas ir absol\u016bti neaizst\u0101jams. Tas ir augstas kvalit\u0101tes, \u013coti \u0113rts un, pats lab\u0101kais, videi draudz\u012bgs.<\/p>\n<p>- 100% organisk\u0101 gredzenveida kokvilna<br \/>\n- Auduma svars: 5,3 oz\/yd\u00b2 (180 g\/m\u00b2)<br \/>\n- Vienots krekls<br \/>\n- Vid\u0113ja izm\u0113ra<br \/>\n- Ieb\u016bv\u0113jam\u0101s piedurknes<br \/>\n- 1 \u00d7 1 rievs pie apkakles<br \/>\n- Plats dubult\u0101s adatas valdzi\u0146\u0161 uz piedurkn\u0113m un apak\u0161\u0113jiem apma\u013ciem.<br \/>\n- Kakla lente (iek\u0161pus\u0113, kakla aizmugur\u0113j\u0101 da\u013c\u0101)<br \/>\n- Tuk\u0161ais ra\u017eojums, kura izcelsme ir \u0136\u012bn\u0101 vai Banglade\u0161\u0101<\/p>\n<p>&nbsp;<\/p>\n<p>Kategorij\u0101 Preces iek\u013cauto produktu pieg\u0101di un ra\u017eo\u0161anu nodro\u0161ina m\u016bsu partneris PRINTFUL. Pas\u016btot k\u0101du no \u0161iem produktiem, j\u016bs piekr\u012btat PRINTFUL noteikumiem un nosac\u012bjumiem, priv\u0101tuma politikai un atgrie\u0161anas politikai.<\/p>\n<p><a href=\"https:\/\/www.printful.com\/policies\/terms-of-service\">PRINTFUL Noteikumi un nosac\u012bjumi atrodami \u0161eit.<\/a><\/p>\n<p><a href=\"https:\/\/www.printful.com\/policies\/returns\">\u0160eit atrodiet PRINTFUL atgrie\u0161anas noteikumus.<\/a><\/p>\n<p><a href=\"https:\/\/www.printful.com\/policies\/privacy\">\u0160eit atrodiet PRINTFUL konfidencialit\u0101tes politiku.<\/a><\/p>","protected":false},"excerpt":{"rendered":"<p>\u0160is viendzimuma t-krekls ir izgatavots no 100% organisk\u0101s kokvilnas, un tas ir absol\u016bti neaizst\u0101jams. Tas ir augstas kvalit\u0101tes, \u013coti \u0113rts un, pats lab\u0101kais, videi draudz\u012bgs. - 100% organisk\u0101 kokvilna ar gredzenveida v\u0113rp\u0161anu - Auduma svars: 5,3 oz\/yd\u00b2 (180 g\/m\u00b2) - Viengabala trikot\u0101\u017eas audums - Vid\u0113ja piegriezuma piegriezums - Ie\u0161\u016btas piedurknes - 1 \u00d7 1 rievsiksna apkakles da\u013c\u0101 - Plats dubult\u0101s adatas valdzi\u0146\u0161 uz krekli\u0146a.","protected":false},"featured_media":3582,"comment_status":"open","ping_status":"closed","template":"","meta":{"_acf_changed":false,"content-type":"","_monsterinsights_skip_tracking":false,"_monsterinsights_sitenote_active":false,"_monsterinsights_sitenote_note":"","_monsterinsights_sitenote_category":0},"product_brand":[],"product_cat":[245],"product_tag":[],"class_list":{"0":"post-3575","1":"product","2":"type-product","3":"status-publish","4":"has-post-thumbnail","6":"product_cat-merchandise","8":"first","9":"instock","10":"taxable","11":"shipping-taxable","12":"purchasable","13":"product-type-variable"},"acf":[],"aioseo_notices":[],"jetpack_sharing_enabled":true,"_links":{"self":[{"href":"https:\/\/antcube.shop\/lv\/wp-json\/wp\/v2\/product\/3575","targetHints":{"allow":["GET"]}}],"collection":[{"href":"https:\/\/antcube.shop\/lv\/wp-json\/wp\/v2\/product"}],"about":[{"href":"https:\/\/antcube.shop\/lv\/wp-json\/wp\/v2\/types\/product"}],"replies":[{"embeddable":true,"href":"https:\/\/antcube.shop\/lv\/wp-json\/wp\/v2\/comments?post=3575"}],"wp:featuredmedia":[{"embeddable":true,"href":"https:\/\/antcube.shop\/lv\/wp-json\/wp\/v2\/media\/3582"}],"wp:attachment":[{"href":"https:\/\/antcube.shop\/lv\/wp-json\/wp\/v2\/media?parent=3575"}],"wp:term":[{"taxonomy":"product_brand","embeddable":true,"href":"https:\/\/antcube.shop\/lv\/wp-json\/wp\/v2\/product_brand?post=3575"},{"taxonomy":"product_cat","embeddable":true,"href":"https:\/\/antcube.shop\/lv\/wp-json\/wp\/v2\/product_cat?post=3575"},{"taxonomy":"product_tag","embeddable":true,"href":"https:\/\/antcube.shop\/lv\/wp-json\/wp\/v2\/product_tag?post=3575"}],"curies":[{"name":"wp","href":"https:\/\/api.w.org\/{rel}","templated":true}]}}