{"id":3443,"date":"2021-11-18T15:53:00","date_gmt":"2021-11-18T14:53:00","guid":{"rendered":"https:\/\/antcube.shop\/produkt\/mens-heavyweight-tee\/"},"modified":"2024-12-12T12:27:24","modified_gmt":"2024-12-12T11:27:24","slug":"viriesu-smagsvars-tikls","status":"publish","type":"product","link":"https:\/\/antcube.shop\/lv\/products\/viriesu-smagsvars-tikls\/","title":{"rendered":"V\u012brie\u0161u augstas kvalit\u0101tes kokvilnas T-krekls"},"content":{"rendered":"<p>100% kokvilnas v\u012brie\u0161u T-krekls pal\u012bdz\u0113s jums ieg\u016bt struktur\u0113t\u0101ku izskatu. Tas labi s\u0113\u017e, saglab\u0101 asas l\u012bnijas gar mal\u0101m un lieliski sader ar daudzsl\u0101\u0146ainiem ielas ap\u0123\u0113rba t\u0113rpiem.<br \/>\n- 100% kokvilna<br \/>\n- 90% kokvilna, 10% poliesteris<br \/>\n- Auduma svars: 5,0-5,3 oz\/yd\u00b2 (170-180 g\/m\u00b2)<br \/>\n- Atv\u0113rt\u0101 dzija<br \/>\n- Cauru\u013cveida audums<br \/>\n- Kakla un plecu lente ar lentu<br \/>\n- Dubult\u0101 \u0161uve uz piedurkn\u0113m un apak\u0161\u0113j\u0101 apak\u0161mal\u0101<br \/>\n- Tuk\u0161s izstr\u0101d\u0101jums, kura izcelsme ir Honduras\u0101, Nikaragv\u0101, Haiti, Dominik\u0101nas Republik\u0101, Banglade\u0161\u0101, Meksik\u0101, Banglade\u0161\u0101.<\/p>\n<p>&nbsp;<\/p>\n<p>Kategorij\u0101 Preces iek\u013cauto produktu pieg\u0101di un ra\u017eo\u0161anu nodro\u0161ina m\u016bsu partneris PRINTFUL. Pas\u016btot k\u0101du no \u0161iem produktiem, j\u016bs piekr\u012btat PRINTFUL noteikumiem un nosac\u012bjumiem, priv\u0101tuma politikai un atgrie\u0161anas politikai.<\/p>\n<p><a href=\"https:\/\/www.printful.com\/policies\/terms-of-service\">PRINTFUL Noteikumi un nosac\u012bjumi atrodami \u0161eit.<\/a><\/p>\n<p><a href=\"https:\/\/www.printful.com\/policies\/returns\">\u0160eit atrodiet PRINTFUL atgrie\u0161anas noteikumus.<\/a><\/p>\n<p><a href=\"https:\/\/www.printful.com\/policies\/privacy\">\u0160eit atrodiet PRINTFUL konfidencialit\u0101tes politiku.<\/a><\/p>","protected":false},"excerpt":{"rendered":"<p>100% kokvilnas v\u012brie\u0161u T-krekls pal\u012bdz\u0113s jums ieg\u016bt struktur\u0113t\u0101ku izskatu. Tas labi s\u0113\u017e, saglab\u0101 asas l\u012bnijas gar mal\u0101m un lieliski sader ar daudzsl\u0101\u0146ainiem ielas ap\u0123\u0113rba t\u0113rpiem. - 100% kokvilna - 90% kokvilna, 10% poliesters - Auduma svars: 5,0-5,3 oz\/yd\u00b2 (170-180 g\/m\u00b2) - Atv\u0113rt\u0101 pavediena pavediens - Cauru\u013cveida audums - Lentu lente pie kakla un","protected":false},"featured_media":3451,"comment_status":"open","ping_status":"closed","template":"","meta":{"_acf_changed":false,"content-type":"","_monsterinsights_skip_tracking":false,"_monsterinsights_sitenote_active":false,"_monsterinsights_sitenote_note":"","_monsterinsights_sitenote_category":0},"product_brand":[],"product_cat":[245],"product_tag":[],"class_list":{"0":"post-3443","1":"product","2":"type-product","3":"status-publish","4":"has-post-thumbnail","6":"product_cat-merchandise","8":"first","9":"instock","10":"taxable","11":"shipping-taxable","12":"purchasable","13":"product-type-variable"},"acf":[],"aioseo_notices":[],"jetpack_sharing_enabled":true,"_links":{"self":[{"href":"https:\/\/antcube.shop\/lv\/wp-json\/wp\/v2\/product\/3443","targetHints":{"allow":["GET"]}}],"collection":[{"href":"https:\/\/antcube.shop\/lv\/wp-json\/wp\/v2\/product"}],"about":[{"href":"https:\/\/antcube.shop\/lv\/wp-json\/wp\/v2\/types\/product"}],"replies":[{"embeddable":true,"href":"https:\/\/antcube.shop\/lv\/wp-json\/wp\/v2\/comments?post=3443"}],"wp:featuredmedia":[{"embeddable":true,"href":"https:\/\/antcube.shop\/lv\/wp-json\/wp\/v2\/media\/3451"}],"wp:attachment":[{"href":"https:\/\/antcube.shop\/lv\/wp-json\/wp\/v2\/media?parent=3443"}],"wp:term":[{"taxonomy":"product_brand","embeddable":true,"href":"https:\/\/antcube.shop\/lv\/wp-json\/wp\/v2\/product_brand?post=3443"},{"taxonomy":"product_cat","embeddable":true,"href":"https:\/\/antcube.shop\/lv\/wp-json\/wp\/v2\/product_cat?post=3443"},{"taxonomy":"product_tag","embeddable":true,"href":"https:\/\/antcube.shop\/lv\/wp-json\/wp\/v2\/product_tag?post=3443"}],"curies":[{"name":"wp","href":"https:\/\/api.w.org\/{rel}","templated":true}]}}