{"id":3174,"date":"2021-11-08T12:21:44","date_gmt":"2021-11-08T11:21:44","guid":{"rendered":"https:\/\/antcube.shop\/produkt\/ytongnest-40x20-mit-arena\/"},"modified":"2026-04-15T09:42:26","modified_gmt":"2026-04-15T07:42:26","slug":"ytongnest-40x20-mit-arena","status":"publish","type":"product","link":"https:\/\/antcube.shop\/lv\/products\/ytongnest-40x20-mit-arena\/","title":{"rendered":"Ytongnest - 40\u00d720 ar ar\u0113nu"},"content":{"rendered":"<p><strong>Materi\u0101ls:<\/strong> g\u0101zbetons, stikls, plastmasa PMMA un PVC.<\/p>\n<p><strong>Savienojums:<\/strong> 1x 14 mm atv\u0113rums; 1x 27 mm atv\u0113rums<\/p>\n<p><strong>Saturs:<\/strong><br \/>\n1x g\u0101zbetona bloks 40x20x5 cm ar 20 mm dzi\u013c\u0101m kamer\u0101m.<br \/>\n1x stikla pl\u0101ksne 40\u00d720 cm ar 50 mm atv\u0113rumu un ar\u0113na 20\u00d720 cm<br \/>\n1x skudru ar\u0113nas r\u0101mis 20\u00d720<br \/>\n1x skudru ar\u0113nas v\u0101ks 20\u00d720<br \/>\n1x 50 mm gredzens ar 27 mm atveri<br \/>\n1x formik\u0101rija kontaktdak\u0161a 13 mm<br \/>\n2x Formicarium kontaktdak\u0161a 27 mm<br \/>\n2x Formicarium kontaktdak\u0161a 50 mm<\/p>\n<p><strong>Apraksts:<\/strong><br \/>\nYtong ir z\u012bmols, bet pa\u0161u materi\u0101lu sauc par g\u0101zbetonu.<br \/>\nPateicoties \u016bdens aiztur\u0113\u0161anas \u012bpa\u0161\u012bb\u0101m, materi\u0101ls ir labi piem\u0113rots skudru tur\u0113\u0161anai. To var izmantot daudzu skudru sugu tur\u0113\u0161anai gan saus\u0101s, gan mitr\u0101s dz\u012bvotn\u0113s. Atkar\u012bb\u0101 no skudru sugas ieteicams kameras dibenu nokl\u0101t ar substr\u0101tu. Da\u017eas sugas \u0161\u0101d\u0101 veid\u0101 j\u016btas komfortabl\u0101k, un, piem\u0113ram, Ponerinae skudru sug\u0101m ir nepiecie\u0161ama augsne, lai to k\u0101puri var\u0113tu pien\u0101c\u012bgi ieperin\u0101ties. T\u0101 k\u0101 \u0161aj\u0101 ligzd\u0101 jau ir iek\u013cauta ar\u0113na, to var izmantot k\u0101 piln\u012bgu formik\u0101rija komplektu.<\/p>\n<p><strong>Padoms:<\/strong><br \/>\nLai nov\u0113rstu \u016bdens nopl\u016bdi no Ytong p\u0113c tam, kad tas ir samitrin\u0101jis ligzdas laukumu, un t\u0101 uzkr\u0101\u0161anos uz zem\u0101k eso\u0161o m\u0113be\u013cu virsmas vai ar\u012b lai raupjais materi\u0101ls nesaskr\u0101p\u0113tu virsmas, m\u0113s iesak\u0101m pas\u016bt\u012bt vienu no m\u016bsu saska\u0146otaj\u0101m stikla vanni\u0146\u0101m, kas ir piem\u0113rota m\u016bsu Ytong ligzd\u0101m. T\u0101s ir \u016bdensnecaurlaid\u012bgas un t\u0101d\u0113j\u0101di efekt\u012bvi aizsarg\u0101 zem t\u0101m eso\u0161\u0101s virsmas no \u016bdens un skr\u0101p\u0113jumiem.<\/p>\n<p><strong>Lieto\u0161ana:<\/strong><br \/>\nSkudru sug\u0101m, kuru izm\u0113rs <b>M<\/b> <b>&#8211;\u00a0<\/b><b>L<\/b>.<br \/>\nG\u0101zbetons ir \u013coti trausls un trausls materi\u0101ls. T\u0101p\u0113c ra\u017eo\u0161anas procesa d\u0113\u013c nav iesp\u0113jams nov\u0113rst nelielu l\u016bzumu un nel\u012bdzenumu ra\u0161anos st\u016bros un mal\u0101s. T\u0101p\u0113c Ytong ligzdas nav piem\u0113rotas \u013coti mazu skudru sugu ligzd\u0101m, kuru izm\u0113rs ir maz\u0101ks par 10 cm. <b>S<\/b>, jo \u0161\u012bs sugas \u0161eit var\u0113tu viegli izk\u013c\u016bt no \u0161\u012bs teritorijas.<\/p>","protected":false},"excerpt":{"rendered":"<p>Savienojums: 1x14mm 1x27mm<br \/>\nIzm\u0113rs: <strong><span style=\"color: #339966;\">M<\/span><\/strong><strong> &#8211; <span style=\"color: #0000ff;\">L<\/span><\/strong><\/p>","protected":false},"featured_media":3011,"comment_status":"open","ping_status":"closed","template":"","meta":{"_acf_changed":false,"content-type":"","_monsterinsights_skip_tracking":false,"_monsterinsights_sitenote_active":false,"_monsterinsights_sitenote_note":"","_monsterinsights_sitenote_category":0},"product_brand":[],"product_cat":[85,86],"product_tag":[],"class_list":{"0":"post-3174","1":"product","2":"type-product","3":"status-publish","4":"has-post-thumbnail","6":"product_cat-ant-arenas","7":"product_cat-formicariums","9":"first","10":"instock","11":"taxable","12":"shipping-taxable","13":"purchasable","14":"product-type-simple"},"acf":[],"aioseo_notices":[],"jetpack_sharing_enabled":true,"_links":{"self":[{"href":"https:\/\/antcube.shop\/lv\/wp-json\/wp\/v2\/product\/3174","targetHints":{"allow":["GET"]}}],"collection":[{"href":"https:\/\/antcube.shop\/lv\/wp-json\/wp\/v2\/product"}],"about":[{"href":"https:\/\/antcube.shop\/lv\/wp-json\/wp\/v2\/types\/product"}],"replies":[{"embeddable":true,"href":"https:\/\/antcube.shop\/lv\/wp-json\/wp\/v2\/comments?post=3174"}],"wp:featuredmedia":[{"embeddable":true,"href":"https:\/\/antcube.shop\/lv\/wp-json\/wp\/v2\/media\/3011"}],"wp:attachment":[{"href":"https:\/\/antcube.shop\/lv\/wp-json\/wp\/v2\/media?parent=3174"}],"wp:term":[{"taxonomy":"product_brand","embeddable":true,"href":"https:\/\/antcube.shop\/lv\/wp-json\/wp\/v2\/product_brand?post=3174"},{"taxonomy":"product_cat","embeddable":true,"href":"https:\/\/antcube.shop\/lv\/wp-json\/wp\/v2\/product_cat?post=3174"},{"taxonomy":"product_tag","embeddable":true,"href":"https:\/\/antcube.shop\/lv\/wp-json\/wp\/v2\/product_tag?post=3174"}],"curies":[{"name":"wp","href":"https:\/\/api.w.org\/{rel}","templated":true}]}}