{"id":3169,"date":"2021-11-08T10:47:59","date_gmt":"2021-11-08T09:47:59","guid":{"rendered":"https:\/\/antcube.shop\/produkt\/fuhrungsleisten-l-20-2-st\/"},"modified":"2026-04-13T10:48:59","modified_gmt":"2026-04-13T08:48:59","slug":"guide-rails-l-20-2-pcs","status":"publish","type":"product","link":"https:\/\/antcube.shop\/lv\/products\/guide-rails-l-20-2-pcs\/","title":{"rendered":"Vadotnes L 20 - 2 gab."},"content":{"rendered":"<p><strong>Izm\u0113ri:<\/strong> 4x20x160 mm<\/p>\n<p><strong>Saturs:<\/strong> 2x vadotnes sliedes<\/p>\n<p><strong>Materi\u0101ls:<\/strong> PMMA<\/p>\n<p><strong>Kr\u0101sa:<\/strong> skaidrs, caursp\u012bd\u012bgs<\/p>\n<p><strong>Apraksts:<\/strong> Vado\u0161\u0101s sliedes \u013cauj prec\u012bzi ievietot ligzdu ielikt\u0146us \/ ligzdu pl\u0101ksnes kombin\u0113taj\u0101s ar\u0113n\u0101s vai sienas ferm\u0101s ar ligzdu platumu L vai 20 mm.<\/p>","protected":false},"excerpt":{"rendered":"<p>Kor\u0137a un \u0123ip\u0161a\/\u0123ip\u0161a ligzdai, ja to ievieto ANTCUBE kombi iek\u0101rt\u0101<\/p>","protected":false},"featured_media":2994,"comment_status":"open","ping_status":"closed","template":"","meta":{"_acf_changed":false,"content-type":"","_monsterinsights_skip_tracking":false,"_monsterinsights_sitenote_active":false,"_monsterinsights_sitenote_note":"","_monsterinsights_sitenote_category":0},"product_brand":[],"product_cat":[119,239],"product_tag":[],"class_list":{"0":"post-3169","1":"product","2":"type-product","3":"status-publish","4":"has-post-thumbnail","6":"product_cat-formicarium-components","7":"product_cat-useful-additions","9":"first","10":"instock","11":"taxable","12":"shipping-taxable","13":"purchasable","14":"product-type-simple"},"acf":[],"aioseo_notices":[],"jetpack_sharing_enabled":true,"_links":{"self":[{"href":"https:\/\/antcube.shop\/lv\/wp-json\/wp\/v2\/product\/3169","targetHints":{"allow":["GET"]}}],"collection":[{"href":"https:\/\/antcube.shop\/lv\/wp-json\/wp\/v2\/product"}],"about":[{"href":"https:\/\/antcube.shop\/lv\/wp-json\/wp\/v2\/types\/product"}],"replies":[{"embeddable":true,"href":"https:\/\/antcube.shop\/lv\/wp-json\/wp\/v2\/comments?post=3169"}],"wp:featuredmedia":[{"embeddable":true,"href":"https:\/\/antcube.shop\/lv\/wp-json\/wp\/v2\/media\/2994"}],"wp:attachment":[{"href":"https:\/\/antcube.shop\/lv\/wp-json\/wp\/v2\/media?parent=3169"}],"wp:term":[{"taxonomy":"product_brand","embeddable":true,"href":"https:\/\/antcube.shop\/lv\/wp-json\/wp\/v2\/product_brand?post=3169"},{"taxonomy":"product_cat","embeddable":true,"href":"https:\/\/antcube.shop\/lv\/wp-json\/wp\/v2\/product_cat?post=3169"},{"taxonomy":"product_tag","embeddable":true,"href":"https:\/\/antcube.shop\/lv\/wp-json\/wp\/v2\/product_tag?post=3169"}],"curies":[{"name":"wp","href":"https:\/\/api.w.org\/{rel}","templated":true}]}}