{"id":3168,"date":"2021-11-08T10:47:51","date_gmt":"2021-11-08T09:47:51","guid":{"rendered":"https:\/\/antcube.shop\/produkt\/glaswanne-20x20\/"},"modified":"2026-04-14T11:48:52","modified_gmt":"2026-04-14T09:48:52","slug":"stikla-caurule-20x20","status":"publish","type":"product","link":"https:\/\/antcube.shop\/lv\/products\/stikla-caurule-20x20\/","title":{"rendered":"Stikla kubls 20\u00d720"},"content":{"rendered":"<p><strong>Izm\u0113ri:<\/strong> 22 x 22 x 2 cm<br \/>\n<strong>Interjera izm\u0113ri:<\/strong> 21 x 21 x 1,6 cm<\/p>\n<p><strong>Saturs:<\/strong><br \/>\n1x kubls 22x22x2 cm no 4 mm pludin\u0101t\u0101 stikla.<\/p>\n<p><strong>Apraksts:<\/strong><br \/>\nStikla vannai nav caurumu, t\u0101 ir \u016bdensnecaurlaid\u012bga, t\u0101p\u0113c to var piepild\u012bt ar\u012b ar \u016bdeni. T\u0101 ir paredz\u0113ta m\u016bsu Ytong ligzd\u0101m skudr\u0101m. T\u0101s var viegli aplaist\u012bt un p\u0101rvietot, \u016bdenim nenok\u013c\u016bstot uz pamatvirsmas (galda, skapja u. c.) vai raupjajai Ytong ligzdai nesaskr\u0101p\u0113jot pamatvirsmas. P\u0113c izv\u0113les da\u017e\u0101das ligzdas var novietot centr\u0101 k\u0101 salu.<\/p>","protected":false},"excerpt":{"rendered":"<p>Stikla vanna m\u016bsu Ytong ligzdai 20\u00d720<\/p>","protected":false},"featured_media":3005,"comment_status":"open","ping_status":"closed","template":"","meta":{"_acf_changed":false,"content-type":"","_monsterinsights_skip_tracking":false,"_monsterinsights_sitenote_active":false,"_monsterinsights_sitenote_note":"","_monsterinsights_sitenote_category":0},"product_brand":[],"product_cat":[119,239],"product_tag":[],"class_list":{"0":"post-3168","1":"product","2":"type-product","3":"status-publish","4":"has-post-thumbnail","6":"product_cat-formicarium-components","7":"product_cat-useful-additions","9":"first","10":"instock","11":"taxable","12":"shipping-taxable","13":"purchasable","14":"product-type-simple"},"acf":[],"aioseo_notices":[],"jetpack_sharing_enabled":true,"_links":{"self":[{"href":"https:\/\/antcube.shop\/lv\/wp-json\/wp\/v2\/product\/3168","targetHints":{"allow":["GET"]}}],"collection":[{"href":"https:\/\/antcube.shop\/lv\/wp-json\/wp\/v2\/product"}],"about":[{"href":"https:\/\/antcube.shop\/lv\/wp-json\/wp\/v2\/types\/product"}],"replies":[{"embeddable":true,"href":"https:\/\/antcube.shop\/lv\/wp-json\/wp\/v2\/comments?post=3168"}],"wp:featuredmedia":[{"embeddable":true,"href":"https:\/\/antcube.shop\/lv\/wp-json\/wp\/v2\/media\/3005"}],"wp:attachment":[{"href":"https:\/\/antcube.shop\/lv\/wp-json\/wp\/v2\/media?parent=3168"}],"wp:term":[{"taxonomy":"product_brand","embeddable":true,"href":"https:\/\/antcube.shop\/lv\/wp-json\/wp\/v2\/product_brand?post=3168"},{"taxonomy":"product_cat","embeddable":true,"href":"https:\/\/antcube.shop\/lv\/wp-json\/wp\/v2\/product_cat?post=3168"},{"taxonomy":"product_tag","embeddable":true,"href":"https:\/\/antcube.shop\/lv\/wp-json\/wp\/v2\/product_tag?post=3168"}],"curies":[{"name":"wp","href":"https:\/\/api.w.org\/{rel}","templated":true}]}}