{"id":3162,"date":"2021-11-08T10:46:52","date_gmt":"2021-11-08T09:46:52","guid":{"rendered":"https:\/\/antcube.shop\/produkt\/antcube-eck-plattform-8x8-magnet\/"},"modified":"2026-04-14T14:05:22","modified_gmt":"2026-04-14T12:05:22","slug":"antcube-eck-plattform-8x8-magnet","status":"publish","type":"product","link":"https:\/\/antcube.shop\/lv\/products\/antcube-eck-plattform-8x8-magnet\/","title":{"rendered":"ANTCUBE st\u016bra platforma 8\u00d78 - magn\u0113tisk\u0101"},"content":{"rendered":"<p><strong>Izm\u0113ri:<\/strong> 80 x 80 x 22 mm<\/p>\n<p><strong>Materi\u0101ls:<\/strong> akrila stikls<\/p>\n<p><strong>Kr\u0101sa:<\/strong> caursp\u012bd\u012bgs<\/p>\n<p><strong>Saturs:<\/strong> 1 gab. (3 da\u013cas)<\/p>\n<p><strong>Apraksts:<\/strong><br \/>\nANTCUBE st\u016bra platformu 8\u00d78 - magn\u0113tisko ar magn\u0113tu pal\u012bdz\u012bbu var piestiprin\u0101t jebkur\u0101 formikrij\u0101. T\u0101 ir \u012bpa\u0161i piem\u0113rota m\u016bsu augst\u0101kajos ANTCUBE formik\u0101rijos, lai uz t\u0101s novietotu barotavas, b\u013codas vai dzirdin\u0101tavas.<br \/>\nSt\u016bra platformu ANTCUBE 8\u00d78 - magn\u0113tisko var p\u0101rvietot vajadz\u012bgaj\u0101 augstum\u0101 vai dzi\u013cum\u0101, piestiprinot to no \u0101rpuses, izmantojot magn\u0113tus.<\/p>\n<p><strong>Pazi\u0146ojums:<\/strong><br \/>\nRa\u017eo\u0161anas procesa d\u0113\u013c uz magn\u0113ta da\u013c\u0101m var b\u016bt nelielas vai vid\u0113jas plaisas.<\/p>\n<p>&nbsp;<\/p>","protected":false},"excerpt":{"rendered":"<p>Izm\u0113ri: Materi\u0101ls: akrila stikls Kr\u0101sa: caursp\u012bd\u012bga Sast\u0101vs: 80 x 80 x 22 mm: (3 da\u013cas) Apraksts: 1 gab: ANTCUBE st\u016bra platformu 8x8 - magn\u0113tisko ar magn\u0113tu pal\u012bdz\u012bbu var piestiprin\u0101t jebkur\u0101 formikum\u0101. T\u0101 ir \u012bpa\u0161i piem\u0113rota m\u016bsu augst\u0101kajiem ANTCUBE formik\u0101rijiem, lai uz t\u0101s novietotu barotavas, b\u013codas vai dzirdin\u0101tavas. Uz","protected":false},"featured_media":3140,"comment_status":"open","ping_status":"closed","template":"","meta":{"_acf_changed":false,"content-type":"","_monsterinsights_skip_tracking":false,"_monsterinsights_sitenote_active":false,"_monsterinsights_sitenote_note":"","_monsterinsights_sitenote_category":0},"product_brand":[],"product_cat":[119,239],"product_tag":[],"class_list":{"0":"post-3162","1":"product","2":"type-product","3":"status-publish","4":"has-post-thumbnail","6":"product_cat-formicarium-components","7":"product_cat-useful-additions","9":"first","10":"instock","11":"taxable","12":"shipping-taxable","13":"purchasable","14":"product-type-simple"},"acf":[],"aioseo_notices":[],"jetpack_sharing_enabled":true,"_links":{"self":[{"href":"https:\/\/antcube.shop\/lv\/wp-json\/wp\/v2\/product\/3162","targetHints":{"allow":["GET"]}}],"collection":[{"href":"https:\/\/antcube.shop\/lv\/wp-json\/wp\/v2\/product"}],"about":[{"href":"https:\/\/antcube.shop\/lv\/wp-json\/wp\/v2\/types\/product"}],"replies":[{"embeddable":true,"href":"https:\/\/antcube.shop\/lv\/wp-json\/wp\/v2\/comments?post=3162"}],"wp:featuredmedia":[{"embeddable":true,"href":"https:\/\/antcube.shop\/lv\/wp-json\/wp\/v2\/media\/3140"}],"wp:attachment":[{"href":"https:\/\/antcube.shop\/lv\/wp-json\/wp\/v2\/media?parent=3162"}],"wp:term":[{"taxonomy":"product_brand","embeddable":true,"href":"https:\/\/antcube.shop\/lv\/wp-json\/wp\/v2\/product_brand?post=3162"},{"taxonomy":"product_cat","embeddable":true,"href":"https:\/\/antcube.shop\/lv\/wp-json\/wp\/v2\/product_cat?post=3162"},{"taxonomy":"product_tag","embeddable":true,"href":"https:\/\/antcube.shop\/lv\/wp-json\/wp\/v2\/product_tag?post=3162"}],"curies":[{"name":"wp","href":"https:\/\/api.w.org\/{rel}","templated":true}]}}