{"id":3159,"date":"2021-11-08T10:46:28","date_gmt":"2021-11-08T09:46:28","guid":{"rendered":"https:\/\/antcube.shop\/produkt\/rosenblutenblatter-100g-getrocknet\/"},"modified":"2026-04-20T02:28:23","modified_gmt":"2026-04-20T00:28:23","slug":"rozu-ziedlapinas-100g-zavetas","status":"publish","type":"product","link":"https:\/\/antcube.shop\/lv\/products\/rozu-ziedlapinas-100g-zavetas\/","title":{"rendered":"Ro\u017eu ziedlapi\u0146as 100g - kalt\u0113tas"},"content":{"rendered":"<p><strong>Saturs:<\/strong><br \/>\n100g \u017e\u0101v\u0113tu ro\u017eu ziedlapi\u0146u<\/p>\n<p><strong>Apraksts:<\/strong><br \/>\nRo\u017eu ziedlapi\u0146as k\u0101 s\u0113\u0146u vairo\u0161an\u0101s vieta skudru sug\u0101m. Tas ir t\u012bri dabisks produkts.<\/p>\n<p><strong>Lieto\u0161ana:<\/strong><br \/>\nRo\u017eu ziedlapi\u0146as = skudru sug\u0101m, kas audz\u0113 s\u0113n\u012btes.<br \/>\nSaus\u0101s ziedlapi\u0146as kalpo tikai k\u0101 augsne lapgrau\u017eu skudru s\u0113n\u012b\u0161u savairo\u0161anai (ieteicams vienlaikus pied\u0101v\u0101t svaigas lapas k\u0101 mitrin\u0101t\u0101ju).<br \/>\nVienk\u0101r\u0161i ievietojiet baro\u0161anai paredz\u0113tos ziedlapi\u0146as saus\u0101s bar\u012bbas kamer\u0101.<\/p>\n<p><strong>Uzglab\u0101\u0161ana:<\/strong><br \/>\nSaus\u0101 vid\u0113<\/p>\n<p><strong>Satur:<\/strong><br \/>\n100% kalt\u0113tas ro\u017eu ziedlapi\u0146as<\/p>","protected":false},"excerpt":{"rendered":"<p>Saturs: Sast\u0101vs: 100g \u017e\u0101v\u0113tu ro\u017eu ziedlapi\u0146u Apraksts: Ro\u017eu ziedlapi\u0146as k\u0101 augsne skudru sug\u0101m, kas vairo s\u0113n\u012btes. Tas ir t\u012bri dab\u012bgs produkts. Lieto\u0161ana: Ro\u017eu ziedlapi\u0146as = s\u0113n\u012b\u0161u vairo\u0161an\u0101s skudru sug\u0101m. Saus\u0101s ziedlapi\u0146as kalpo tikai k\u0101 augsne lapkoku skudrul\u012b\u0161u sugu s\u0113n\u012b\u0161u vairo\u0161anai (vienlaikus pied\u0101v\u0101jot svaigas lapas k\u0101 mitrin\u0101t\u0101ju).","protected":false},"featured_media":5485,"comment_status":"open","ping_status":"closed","template":"","meta":{"_acf_changed":false,"content-type":"","_monsterinsights_skip_tracking":false,"_monsterinsights_sitenote_active":false,"_monsterinsights_sitenote_note":"","_monsterinsights_sitenote_category":0},"product_brand":[],"product_cat":[115,116],"product_tag":[],"class_list":{"0":"post-3159","1":"product","2":"type-product","3":"status-publish","4":"has-post-thumbnail","6":"product_cat-food-and-feeding","7":"product_cat-food","9":"first","10":"instock","11":"taxable","12":"shipping-taxable","13":"purchasable","14":"product-type-simple"},"acf":[],"aioseo_notices":[],"jetpack_sharing_enabled":true,"_links":{"self":[{"href":"https:\/\/antcube.shop\/lv\/wp-json\/wp\/v2\/product\/3159","targetHints":{"allow":["GET"]}}],"collection":[{"href":"https:\/\/antcube.shop\/lv\/wp-json\/wp\/v2\/product"}],"about":[{"href":"https:\/\/antcube.shop\/lv\/wp-json\/wp\/v2\/types\/product"}],"replies":[{"embeddable":true,"href":"https:\/\/antcube.shop\/lv\/wp-json\/wp\/v2\/comments?post=3159"}],"wp:featuredmedia":[{"embeddable":true,"href":"https:\/\/antcube.shop\/lv\/wp-json\/wp\/v2\/media\/5485"}],"wp:attachment":[{"href":"https:\/\/antcube.shop\/lv\/wp-json\/wp\/v2\/media?parent=3159"}],"wp:term":[{"taxonomy":"product_brand","embeddable":true,"href":"https:\/\/antcube.shop\/lv\/wp-json\/wp\/v2\/product_brand?post=3159"},{"taxonomy":"product_cat","embeddable":true,"href":"https:\/\/antcube.shop\/lv\/wp-json\/wp\/v2\/product_cat?post=3159"},{"taxonomy":"product_tag","embeddable":true,"href":"https:\/\/antcube.shop\/lv\/wp-json\/wp\/v2\/product_tag?post=3159"}],"curies":[{"name":"wp","href":"https:\/\/api.w.org\/{rel}","templated":true}]}}