{"id":3154,"date":"2021-11-08T10:45:55","date_gmt":"2021-11-08T09:45:55","guid":{"rendered":"https:\/\/antcube.shop\/produkt\/kornerfutter-major-in-2ml-futterrohrchen-10-st\/"},"modified":"2026-04-14T12:07:39","modified_gmt":"2026-04-14T10:07:39","slug":"kornerfutter-major-in-2ml-futterrohrchen-10-st","status":"publish","type":"product","link":"https:\/\/antcube.shop\/lv\/products\/kornerfutter-major-in-2ml-futterrohrchen-10-st\/","title":{"rendered":"Graudu bar\u012bba major 2ml barotav\u0101s - 10 gab."},"content":{"rendered":"<p><strong>Saturs:<\/strong> 10x 2 ml<\/p>\n<p><strong>Apraksts:<\/strong> Liel\u0101ki graudi\/s\u0113klas liel\u0101k\u0101m graudus v\u0101co\u0161o skudru sugu, piem\u0113ram, Messor \u0123ints, kolonij\u0101m, kur\u0101s jau ir liel\u0101kas str\u0101dnieku skudras.<\/p>\n<p><strong>Pieteikums:<\/strong> Bar\u012bbas caurul\u012bti var ievietot veselu formik\u0101rij\u0101, vai ar\u012b p\u0113c vajadz\u012bbas\/atbilsto\u0161i kolonijas lielumam pievienot maz\u0101ku daudzumu bar\u012bbas b\u013codi\u0146\u0101. Graudu bar\u012bbu galvenok\u0101rt pie\u0146em graudus v\u0101co\u0161\u0101s sugas, piem\u0113ram, Messor \u0123ints sugas vai ar\u012b Pheidole sugas.<\/p>\n<p><strong>Pazi\u0146ojums:<\/strong><br \/>\nInform\u0101cija par baro\u0161anas caurul\u012b\u0161u lieto\u0161anu ir atrodama \u0161eit: Saite .<br \/>\nPapildu bar\u012bba graudz\u0113d\u0101ju skudr\u0101m.<br \/>\nSast\u0101vu, anal\u012btisk\u0101s sast\u0101vda\u013cas, der\u012bguma termi\u0146u un partijas numuru skat\u012bt iepakojuma lieto\u0161anas pam\u0101c\u012bb\u0101.<\/p>\n<p>Inform\u0101cijas t\u0101lrunis +49 30 439703870<\/p>\n<p>Atbild\u012bg\u0101 veterin\u0101r\u0101 un p\u0101rtikas uzraudz\u012bbas iest\u0101de:<br \/>\nSteglitz veterin\u0101rais birojs<br \/>\nK\u00f6nigin-Luise-Str. 92<br \/>\n14195 Berl\u012bne<\/p>","protected":false},"excerpt":{"rendered":"<p>Papildu p\u0101rtika<\/p>","protected":false},"featured_media":3151,"comment_status":"open","ping_status":"closed","template":"","meta":{"_acf_changed":false,"content-type":"","_monsterinsights_skip_tracking":false,"_monsterinsights_sitenote_active":false,"_monsterinsights_sitenote_note":"","_monsterinsights_sitenote_category":0},"product_brand":[],"product_cat":[115,116],"product_tag":[],"class_list":{"0":"post-3154","1":"product","2":"type-product","3":"status-publish","4":"has-post-thumbnail","6":"product_cat-food-and-feeding","7":"product_cat-food","9":"first","10":"instock","11":"taxable","12":"shipping-taxable","13":"purchasable","14":"product-type-simple"},"acf":[],"aioseo_notices":[],"jetpack_sharing_enabled":true,"_links":{"self":[{"href":"https:\/\/antcube.shop\/lv\/wp-json\/wp\/v2\/product\/3154","targetHints":{"allow":["GET"]}}],"collection":[{"href":"https:\/\/antcube.shop\/lv\/wp-json\/wp\/v2\/product"}],"about":[{"href":"https:\/\/antcube.shop\/lv\/wp-json\/wp\/v2\/types\/product"}],"replies":[{"embeddable":true,"href":"https:\/\/antcube.shop\/lv\/wp-json\/wp\/v2\/comments?post=3154"}],"wp:featuredmedia":[{"embeddable":true,"href":"https:\/\/antcube.shop\/lv\/wp-json\/wp\/v2\/media\/3151"}],"wp:attachment":[{"href":"https:\/\/antcube.shop\/lv\/wp-json\/wp\/v2\/media?parent=3154"}],"wp:term":[{"taxonomy":"product_brand","embeddable":true,"href":"https:\/\/antcube.shop\/lv\/wp-json\/wp\/v2\/product_brand?post=3154"},{"taxonomy":"product_cat","embeddable":true,"href":"https:\/\/antcube.shop\/lv\/wp-json\/wp\/v2\/product_cat?post=3154"},{"taxonomy":"product_tag","embeddable":true,"href":"https:\/\/antcube.shop\/lv\/wp-json\/wp\/v2\/product_tag?post=3154"}],"curies":[{"name":"wp","href":"https:\/\/api.w.org\/{rel}","templated":true}]}}