{"id":3153,"date":"2021-11-08T10:45:48","date_gmt":"2021-11-08T09:45:48","guid":{"rendered":"https:\/\/antcube.shop\/produkt\/antcube-digfix-platte-20x20-xl\/"},"modified":"2026-03-06T14:52:51","modified_gmt":"2026-03-06T13:52:51","slug":"antcube-digfix-plaksne-20x20-xl","status":"publish","type":"product","link":"https:\/\/antcube.shop\/lv\/products\/antcube-digfix-plaksne-20x20-xl\/","title":{"rendered":"ANTCUBE - Digfix pl\u0101ksne 20\u00d720 - XL"},"content":{"rendered":"<p><strong>Izm\u0113ri:<\/strong> 184x130x50 mm (pielaide182-185 mm)<\/p>\n<p><strong>Materi\u0101ls:<\/strong> Digfix<\/p>\n<p><strong>Apraksts:<\/strong> Digfix pl\u0101ksne ir izgatavota no materi\u0101la, kas piem\u0113rots lieto\u0161anai kapos, un t\u0101 lieliski piegu\u013c m\u016bsu skudru ferm\u0101m ANTCUBE. To var izmantot gan saus\u0101, gan mitr\u0101 veid\u0101. T\u0101 ir piem\u0113rota ar\u012b daudz\u0101m skudru sug\u0101m, \u012bpa\u0161i t\u0101m, kas ligzdo smilt\u012bs un (miru\u0161\u0101) kok\u0101. To var izmantot smil\u0161m\u0101la mais\u012bjumu vai no kor\u0137a izgatavoto ligzdu ielikt\u0146u viet\u0101. Liela priek\u0161roc\u012bba sal\u012bdzin\u0101jum\u0101 ar kor\u0137a ligzd\u0101m ir t\u0101, ka Digfix neveidojas pel\u0113jums pat tad, kad tas ir slapj\u0161. Tas noz\u012bm\u0113, ka skudru sugas, kur\u0101m ir augstas mitruma pras\u012bbas, var bez probl\u0113m\u0101m apg\u0101d\u0101t ar pietiekamu \u016bdens daudzumu. Digfix priek\u0161roc\u012bba ir ar\u012b t\u0101, ka raksto\u0161\u0101s skudru sugas, racot ligzdu, nesaboj\u0101 t\u0101s stiklotos stiklus ar zemi, kas nodro\u0161ina perfektu skatu uz ligzdu.<\/p>\n<p><strong>Piez\u012bme:<\/strong> Dabiskais kr\u0101sas tonis var b\u016bt no za\u013cgani \/ pel\u0113c\u012bgi br\u016bnas l\u012bdz zemes br\u016bnai kr\u0101sai. Tonis neietekm\u0113 kvalit\u0101ti.<br \/>\nRa\u017eo\u0161anas d\u0113\u013c izm\u0113ri var at\u0161\u0137irties +\/- 1 mm<\/p>","protected":false},"excerpt":{"rendered":"<p>Izm\u0113rs: <span style=\"color: #ff0000;\"><strong>XL<\/strong><\/span><\/p>","protected":false},"featured_media":3950,"comment_status":"open","ping_status":"closed","template":"","meta":{"_acf_changed":false,"content-type":"","_monsterinsights_skip_tracking":false,"_monsterinsights_sitenote_active":false,"_monsterinsights_sitenote_note":"","_monsterinsights_sitenote_category":0},"product_brand":[],"product_cat":[87,88],"product_tag":[],"class_list":{"0":"post-3153","1":"product","2":"type-product","3":"status-publish","4":"has-post-thumbnail","6":"product_cat-nest-insets","7":"product_cat-digfix","9":"first","10":"instock","11":"taxable","12":"shipping-taxable","13":"purchasable","14":"product-type-simple"},"acf":[],"aioseo_notices":[],"jetpack_sharing_enabled":true,"_links":{"self":[{"href":"https:\/\/antcube.shop\/lv\/wp-json\/wp\/v2\/product\/3153","targetHints":{"allow":["GET"]}}],"collection":[{"href":"https:\/\/antcube.shop\/lv\/wp-json\/wp\/v2\/product"}],"about":[{"href":"https:\/\/antcube.shop\/lv\/wp-json\/wp\/v2\/types\/product"}],"replies":[{"embeddable":true,"href":"https:\/\/antcube.shop\/lv\/wp-json\/wp\/v2\/comments?post=3153"}],"wp:featuredmedia":[{"embeddable":true,"href":"https:\/\/antcube.shop\/lv\/wp-json\/wp\/v2\/media\/3950"}],"wp:attachment":[{"href":"https:\/\/antcube.shop\/lv\/wp-json\/wp\/v2\/media?parent=3153"}],"wp:term":[{"taxonomy":"product_brand","embeddable":true,"href":"https:\/\/antcube.shop\/lv\/wp-json\/wp\/v2\/product_brand?post=3153"},{"taxonomy":"product_cat","embeddable":true,"href":"https:\/\/antcube.shop\/lv\/wp-json\/wp\/v2\/product_cat?post=3153"},{"taxonomy":"product_tag","embeddable":true,"href":"https:\/\/antcube.shop\/lv\/wp-json\/wp\/v2\/product_tag?post=3153"}],"curies":[{"name":"wp","href":"https:\/\/api.w.org\/{rel}","templated":true}]}}