{"id":3152,"date":"2021-11-08T10:45:38","date_gmt":"2021-11-08T09:45:38","guid":{"rendered":"https:\/\/antcube.shop\/produkt\/antcube-ameisenfarm-xl-20x20-stehend\/"},"modified":"2026-04-10T09:16:05","modified_gmt":"2026-04-10T07:16:05","slug":"antcube-ameisenfarm-xl-20x20-stehend","status":"publish","type":"product","link":"https:\/\/antcube.shop\/lv\/products\/antcube-ameisenfarm-xl-20x20-stehend\/","title":{"rendered":"ANTCUBE - Antfarm - XL - 20\u00d720 - st\u0101vo\u0161s"},"content":{"rendered":"<p><strong>Izm\u0113ri (LxWxH):<\/strong><br \/>\n\u0101r\u0113j\u0101 izm\u0113ra: 190x58x199 mm<br \/>\niek\u0161\u0113jais izm\u0113rs: 184x50x190 mm<\/p>\n<p><strong>Materi\u0101ls:<\/strong><br \/>\nPeldo\u0161ais stikls, plastmasa<\/p>\n<p><strong>Kr\u0101sa:<\/strong><br \/>\nkrist\u0101ldzidrs<\/p>\n<p><strong>Saturs:<\/strong><br \/>\n1x ANTCUBE skudru ferma - 52 mm att\u0101lums starp pl\u0101ksn\u0113m.<br \/>\n1x Skudru fermas v\u0101ks XL 20\u00d76<br \/>\n2x kontaktdak\u0161a 4 mm<\/p>\n<p><strong>Savienojums:<\/strong><br \/>\nAb\u0101s pus\u0113s ir 27 mm caurums, t\u0101p\u0113c \u0161o fermu var savienot ar 28 mm \u0161\u013c\u016bteni vai m\u016bsu \"tvertnes savienot\u0101ju ar \u0161\u013c\u016bteni 27 mm caurumiem\".<br \/>\n2x 4 mm caurumi ar 4 mm aizb\u0101\u017e\u0146iem.<\/p>\n<p><strong>Apraksts:<\/strong><br \/>\n\u0160\u012b piln\u012bb\u0101 caursp\u012bd\u012bg\u0101 skudru ferma ir piem\u0113rota <strong>XL<\/strong> izm\u0113ra skudru sugas.<\/p>\n<p><strong>Piez\u012bmes par ra\u017eo\u0161anu<\/strong><br \/>\nStikls ir griezts saska\u0146\u0101 ar DIN 1249 ar +\/- 1 mm pielaidi. \u012apa\u0161i maz\u0101m skudru sug\u0101m ir nepiecie\u0161ama papildu aizsardz\u012bba pret izlau\u0161anos.<\/p>\n<p><strong>Piez\u012bme par saimniec\u012bbu<\/strong><br \/>\nPiestiprinot \u0161\u013c\u016btenes, \u0146emiet v\u0113r\u0101 \u0161\u0101dus nor\u0101d\u012bjumus:<br \/>\nJa caurules ir \u013coti gr\u016bti uzmont\u0113t uz savienot\u0101ja bukses, buksi viegli ieberiet ar pilienu m\u016bsu e\u013c\u013cas vai pulvera, kas aizsarg\u0101 pret izlau\u0161anos. P\u0113c tam \u0161\u013c\u016btene j\u0101uzspie\u017e uz uzmavas, veicot pagrie\u017eamas vai skr\u016bv\u0113jamas kust\u012bbas, neapgr\u016btinot uzmavu ar kust\u012bb\u0101m uz aug\u0161u un uz leju.<\/p>","protected":false},"excerpt":{"rendered":"<p>Izm\u0113rs: <span style=\"font-size: small;\"><span style=\"font-family: Arial;\"><strong>XL<\/strong><\/span><\/span><\/p>","protected":false},"featured_media":3129,"comment_status":"open","ping_status":"closed","template":"","meta":{"_acf_changed":false,"content-type":"","_monsterinsights_skip_tracking":false,"_monsterinsights_sitenote_active":false,"_monsterinsights_sitenote_note":"","_monsterinsights_sitenote_category":0},"product_brand":[],"product_cat":[80,84],"product_tag":[],"class_list":{"0":"post-3152","1":"product","2":"type-product","3":"status-publish","4":"has-post-thumbnail","6":"product_cat-antfarms","7":"product_cat-antfarms-xl","9":"first","10":"instock","11":"taxable","12":"shipping-taxable","13":"purchasable","14":"product-type-simple"},"acf":[],"aioseo_notices":[],"jetpack_sharing_enabled":true,"_links":{"self":[{"href":"https:\/\/antcube.shop\/lv\/wp-json\/wp\/v2\/product\/3152","targetHints":{"allow":["GET"]}}],"collection":[{"href":"https:\/\/antcube.shop\/lv\/wp-json\/wp\/v2\/product"}],"about":[{"href":"https:\/\/antcube.shop\/lv\/wp-json\/wp\/v2\/types\/product"}],"replies":[{"embeddable":true,"href":"https:\/\/antcube.shop\/lv\/wp-json\/wp\/v2\/comments?post=3152"}],"wp:featuredmedia":[{"embeddable":true,"href":"https:\/\/antcube.shop\/lv\/wp-json\/wp\/v2\/media\/3129"}],"wp:attachment":[{"href":"https:\/\/antcube.shop\/lv\/wp-json\/wp\/v2\/media?parent=3152"}],"wp:term":[{"taxonomy":"product_brand","embeddable":true,"href":"https:\/\/antcube.shop\/lv\/wp-json\/wp\/v2\/product_brand?post=3152"},{"taxonomy":"product_cat","embeddable":true,"href":"https:\/\/antcube.shop\/lv\/wp-json\/wp\/v2\/product_cat?post=3152"},{"taxonomy":"product_tag","embeddable":true,"href":"https:\/\/antcube.shop\/lv\/wp-json\/wp\/v2\/product_tag?post=3152"}],"curies":[{"name":"wp","href":"https:\/\/api.w.org\/{rel}","templated":true}]}}