{"id":2872,"date":"2021-10-13T18:47:01","date_gmt":"2021-10-13T16:47:01","guid":{"rendered":"https:\/\/antcube.shop\/produkt\/formicarienunterlage-20x6cm\/"},"modified":"2026-04-23T09:47:18","modified_gmt":"2026-04-23T07:47:18","slug":"formicarienunterlage-20x6cm","status":"publish","type":"product","link":"https:\/\/antcube.shop\/lv\/products\/formicarienunterlage-20x6cm\/","title":{"rendered":"Formik\u0101rija spilventi\u0146\u0161 - 20x6cm"},"content":{"rendered":"<p><strong>Izm\u0113ri:<\/strong> 190 x 60 x 4 mm<\/p>\n<p><strong>Materi\u0101ls:<\/strong> PE putas<\/p>\n<p><strong>Kr\u0101sa:<\/strong> pel\u0113ks<\/p>\n<p><strong>Saturs:<\/strong> 1 gab.<\/p>\n<p><strong>Apraksts:<\/strong><br \/>\nFormik\u0101rija spilventi\u0146\u0161 ir izgatavots no m\u012bksta putu materi\u0101la.<br \/>\nTas pasarg\u0101 formik\u0101riju, k\u0101 ar\u012b m\u0113beli, uz kuras formik\u0101rijs st\u0101v, no skr\u0101p\u0113jumiem.<br \/>\nTurkl\u0101t spilventi\u0146\u0161 kalpo k\u0101 siltumizol\u0101cija, lai kompens\u0113tu vismaz\u0101kos nel\u012bdzenumus, k\u0101 ar\u012b aizsarg\u0101 pret vibr\u0101cij\u0101m.<\/p>","protected":false},"excerpt":{"rendered":"<p>Izm\u0113ri: 400 x 200 x 4 mm Materi\u0101ls: Materi\u0101ls: PE putas Kr\u0101sa: pel\u0113ka Sast\u0101vs: Sast\u0101vs: 1 gab. Apraksts: Formikarija spilventi\u0146\u0161 ir izgatavots no m\u012bksta putuplasta materi\u0101la. Tas pasarg\u0101 formik\u0101riju, k\u0101 ar\u012b m\u0113beles, uz kur\u0101m formik\u0101rijs st\u0101v, no skr\u0101p\u0113jumiem. Turkl\u0101t spilventi\u0146\u0161 kalpo ar\u012b k\u0101 siltumizol\u0101cija, lai kompens\u0113tu","protected":false},"featured_media":312,"comment_status":"open","ping_status":"closed","template":"","meta":{"_acf_changed":false,"content-type":"","_monsterinsights_skip_tracking":false,"_monsterinsights_sitenote_active":false,"_monsterinsights_sitenote_note":"","_monsterinsights_sitenote_category":0},"product_brand":[],"product_cat":[119,239],"product_tag":[],"class_list":{"0":"post-2872","1":"product","2":"type-product","3":"status-publish","4":"has-post-thumbnail","6":"product_cat-formicarium-components","7":"product_cat-useful-additions","9":"first","10":"instock","11":"taxable","12":"shipping-taxable","13":"purchasable","14":"product-type-simple"},"acf":[],"aioseo_notices":[],"jetpack_sharing_enabled":true,"_links":{"self":[{"href":"https:\/\/antcube.shop\/lv\/wp-json\/wp\/v2\/product\/2872","targetHints":{"allow":["GET"]}}],"collection":[{"href":"https:\/\/antcube.shop\/lv\/wp-json\/wp\/v2\/product"}],"about":[{"href":"https:\/\/antcube.shop\/lv\/wp-json\/wp\/v2\/types\/product"}],"replies":[{"embeddable":true,"href":"https:\/\/antcube.shop\/lv\/wp-json\/wp\/v2\/comments?post=2872"}],"wp:featuredmedia":[{"embeddable":true,"href":"https:\/\/antcube.shop\/lv\/wp-json\/wp\/v2\/media\/312"}],"wp:attachment":[{"href":"https:\/\/antcube.shop\/lv\/wp-json\/wp\/v2\/media?parent=2872"}],"wp:term":[{"taxonomy":"product_brand","embeddable":true,"href":"https:\/\/antcube.shop\/lv\/wp-json\/wp\/v2\/product_brand?post=2872"},{"taxonomy":"product_cat","embeddable":true,"href":"https:\/\/antcube.shop\/lv\/wp-json\/wp\/v2\/product_cat?post=2872"},{"taxonomy":"product_tag","embeddable":true,"href":"https:\/\/antcube.shop\/lv\/wp-json\/wp\/v2\/product_tag?post=2872"}],"curies":[{"name":"wp","href":"https:\/\/api.w.org\/{rel}","templated":true}]}}