{"id":2871,"date":"2021-10-13T18:46:51","date_gmt":"2021-10-13T16:46:51","guid":{"rendered":"https:\/\/antcube.shop\/produkt\/beckenverbinder-b-27-und-s-10-16-mm-m25-set\/"},"modified":"2026-04-16T20:25:15","modified_gmt":"2026-04-16T18:25:15","slug":"beckenverbinder-b-27-und-s-10-16-mm-m25-set","status":"publish","type":"product","link":"https:\/\/antcube.shop\/lv\/products\/beckenverbinder-b-27-und-s-10-16-mm-m25-set\/","title":{"rendered":"Savienot\u0101js B-27 un S-10-16 mm M25 - komplekts"},"content":{"rendered":"<p><strong>Izm\u0113ri:<\/strong> urbumam 27 un \u0161\u013c\u016btenei 10-16 mm<\/p>\n<p><strong>Saturs:<\/strong><br \/>\n1x skr\u016bvju adapteris<br \/>\n1x fiks\u0101cijas uzgrieznis<\/p>\n<p><strong>Apraksts:<\/strong> \u0160is baseina savienot\u0101js tiek ievietots caur atveri un pieskr\u016bv\u0113ts ar pievienoto uzgriezni. Tas nodro\u0161ina savienojuma iztur\u012bbu pret izlau\u0161anu un dro\u0161u notur\u012bbu, ar\u012b p\u0101rvietojot izlietnes. Otraj\u0101 gal\u0101 ievieto piem\u0113rotu \u0161\u013c\u016bteni.<\/p>","protected":false},"excerpt":{"rendered":"<p>Izm\u0113ri: urbumam 27 un \u0161\u013c\u016btenei 10-16 mm\r\n\r\nSast\u0101vs:\r\nSast\u0101vs: 1x skr\u016bv\u0113jams adapteris\r\n1x fiks\u0101cijas uzgrieznis\r\n\r\nApraksts: \u0160is baseina savienot\u0101js tiek ievietots caur caurumu un pieskr\u016bv\u0113ts ar pievienoto uzgriezni. Tas nodro\u0161ina savienojuma iztur\u012bbu pret izlau\u0161anu un dro\u0161u notur\u012bbu, p\u0101rvietojot izlietnes. Otraj\u0101 gal\u0101 ievieto piem\u0113rotu \u0161\u013c\u016bteni.<\/p>","protected":false},"featured_media":2991,"comment_status":"open","ping_status":"closed","template":"","meta":{"_acf_changed":false,"content-type":"","_monsterinsights_skip_tracking":false,"_monsterinsights_sitenote_active":false,"_monsterinsights_sitenote_note":"","_monsterinsights_sitenote_category":0},"product_brand":[],"product_cat":[121],"product_tag":[],"class_list":{"0":"post-2871","1":"product","2":"type-product","3":"status-publish","4":"has-post-thumbnail","6":"product_cat-connectors","8":"first","9":"instock","10":"taxable","11":"shipping-taxable","12":"purchasable","13":"product-type-simple"},"acf":[],"aioseo_notices":[],"jetpack_sharing_enabled":true,"_links":{"self":[{"href":"https:\/\/antcube.shop\/lv\/wp-json\/wp\/v2\/product\/2871","targetHints":{"allow":["GET"]}}],"collection":[{"href":"https:\/\/antcube.shop\/lv\/wp-json\/wp\/v2\/product"}],"about":[{"href":"https:\/\/antcube.shop\/lv\/wp-json\/wp\/v2\/types\/product"}],"replies":[{"embeddable":true,"href":"https:\/\/antcube.shop\/lv\/wp-json\/wp\/v2\/comments?post=2871"}],"wp:featuredmedia":[{"embeddable":true,"href":"https:\/\/antcube.shop\/lv\/wp-json\/wp\/v2\/media\/2991"}],"wp:attachment":[{"href":"https:\/\/antcube.shop\/lv\/wp-json\/wp\/v2\/media?parent=2871"}],"wp:term":[{"taxonomy":"product_brand","embeddable":true,"href":"https:\/\/antcube.shop\/lv\/wp-json\/wp\/v2\/product_brand?post=2871"},{"taxonomy":"product_cat","embeddable":true,"href":"https:\/\/antcube.shop\/lv\/wp-json\/wp\/v2\/product_cat?post=2871"},{"taxonomy":"product_tag","embeddable":true,"href":"https:\/\/antcube.shop\/lv\/wp-json\/wp\/v2\/product_tag?post=2871"}],"curies":[{"name":"wp","href":"https:\/\/api.w.org\/{rel}","templated":true}]}}