{"id":2869,"date":"2021-10-13T18:46:31","date_gmt":"2021-10-13T16:46:31","guid":{"rendered":"https:\/\/antcube.shop\/produkt\/antcube-gipsnest-20x20-liegend\/"},"modified":"2026-03-30T20:07:30","modified_gmt":"2026-03-30T18:07:30","slug":"antcube-gipsnest-20x20-liegend","status":"publish","type":"product","link":"https:\/\/antcube.shop\/lv\/products\/antcube-gipsnest-20x20-liegend\/","title":{"rendered":"ANTCUBE - \u0123ip\u0161a ligzda 20\u00d720 - gu\u013cus"},"content":{"rendered":"<p><strong>Izm\u0113ri:<\/strong><br \/>\n<strong>\u0122ip\u0161a ligzda: <\/strong>190 x 190 x 20 mm<br \/>\n<strong>Stikla v\u0101ks:<\/strong> 179 x 179 x 4 mm<\/p>\n<p><strong>Materi\u0101ls:<\/strong> \u0122ipsis<\/p>\n<p><strong>Saturs:<\/strong><br \/>\n1x \u0123ip\u0161a ligzda 20\u00d720 ar div\u0101m savienojuma ligzd\u0101m M 10\/08<br \/>\n1x stikla v\u0101ks ar 50 mm caurumu<br \/>\n1x akrila gredzens 50 mm 27 mm caurumam<br \/>\n1x Formik\u0101rija pamatne 20\u00d720<br \/>\n2x re\u017e\u0123a v\u0101ci\u0146\u0161 - 10 mm - ner\u016bs\u0113jo\u0161ais t\u0113rauds<br \/>\n1x re\u017e\u0123a ieliktnis - 27 mm - ner\u016bs\u0113jo\u0161ais t\u0113rauds<\/p>\n<p><strong>Apraksts:<\/strong> M\u016bsu \u0123ip\u0161a ligzda ar saliekam\u0101m ej\u0101m un kamer\u0101m ir piem\u0113rota daudz\u0101m skudru sug\u0101m, jo \u012bpa\u0161i t\u0101m, kas b\u016bv\u0113 ligzdas \u013coti smil\u0161ain\u0101s vai akme\u0146ain\u0101s augsn\u0113s. Tai ir divas savienojuma ligzdas k\u0101 piek\u013cuve ligzdai. \u0122ip\u0161am piem\u012bt \u012bpa\u0161\u012bba uzs\u016bkt \u016bdeni, t\u0101p\u0113c taj\u0101 saglab\u0101jas zin\u0101ms mitruma daudzums. Tom\u0113r \u0123ip\u0161a ligzdu nevajadz\u0113tu izmantot past\u0101v\u012bgi mitru, jo pret\u0113j\u0101 gad\u012bjum\u0101 taj\u0101 var rasties pel\u0113jums (ar p\u0101rtikas atliek\u0101m vai skudru ekskrementiem). T\u0101p\u0113c, ja iesp\u0113jams, \u0161eit vajadz\u0113tu tur\u0113t sugas no diezgan sausiem re\u0123ioniem. Piem\u0113ram, sugas no Vidusj\u016bras vai tuksne\u0161a re\u0123ioniem.<\/p>\n<p><strong>Piez\u012bme:<\/strong> Konstrukcijas d\u0113\u013c t\u0101s nav piem\u0113rotas \u013coti maz\u0101m sug\u0101m (piem\u0113ram, Pheidole sug\u0101m, Temnothorax sug\u0101m), var rasties 0,3-0,5 mm atstarpes.<\/p>\n<p>Piez\u012bme par savienojuma ligzd\u0101m<br \/>\nPievienojot vai atvienojot \u0161\u013c\u016btenes, \u0146emiet v\u0113r\u0101 \u0161\u0101dus nor\u0101d\u012bjumus:<br \/>\nJa caurules ir \u013coti gr\u016bti uzmont\u0113t uz savienot\u0101ja bukses, buksi viegli ieberiet ar pilienu m\u016bsu e\u013c\u013cas vai pulvera, kas aizsarg\u0101 pret izlau\u0161anos. P\u0113c tam \u0161\u013c\u016btene j\u0101uzspie\u017e uz uzmavas, veicot pagrie\u017eamas vai skr\u016bv\u0113jamas kust\u012bbas, neuzspie\u017eot uzmavu ar kust\u012bb\u0101m uz aug\u0161u un uz leju. Tas pats attiecas uz \u0161\u013c\u016bte\u0146u no\u0146em\u0161anu no savienojuma bukses. L\u016bdzu, vienk\u0101r\u0161i neno\u0146emiet!<\/p>\n<p>&nbsp;<\/p>\n<p>&nbsp;<\/p>","protected":false},"excerpt":{"rendered":"<p>Izm\u0113ri: Stikla v\u0101ci\u0146\u0161: 190 x 190 x 20 mm: 179 x 179 x 4 mm Materi\u0101ls: Materi\u0101ls: apmetums Saturs: Sast\u0101vda\u013cas: 1x \u0123ip\u0161a ligzda 20\u00d720 ar div\u0101m savienojuma ligzd\u0101m M 10\/08 1x stikla v\u0101ks ar 50mm caurumu 1x akrila - gredzens 50mm 27mm caurumam 1x formik\u0101rija pamatne 20\u00d720 2x re\u017e\u0123a v\u0101ci\u0146\u0161 - 10mm - ner\u016bs\u0113jo\u0161ais t\u0113rauds 1x [...]","protected":false},"featured_media":3194,"comment_status":"open","ping_status":"closed","template":"","meta":{"_acf_changed":false,"content-type":"","_monsterinsights_skip_tracking":false,"_monsterinsights_sitenote_active":false,"_monsterinsights_sitenote_note":"","_monsterinsights_sitenote_category":0},"product_brand":[],"product_cat":[80,86],"product_tag":[],"class_list":{"0":"post-2869","1":"product","2":"type-product","3":"status-publish","4":"has-post-thumbnail","6":"product_cat-antfarms","7":"product_cat-formicariums","9":"first","10":"instock","11":"taxable","12":"shipping-taxable","13":"purchasable","14":"product-type-simple"},"acf":[],"aioseo_notices":[],"jetpack_sharing_enabled":true,"_links":{"self":[{"href":"https:\/\/antcube.shop\/lv\/wp-json\/wp\/v2\/product\/2869","targetHints":{"allow":["GET"]}}],"collection":[{"href":"https:\/\/antcube.shop\/lv\/wp-json\/wp\/v2\/product"}],"about":[{"href":"https:\/\/antcube.shop\/lv\/wp-json\/wp\/v2\/types\/product"}],"replies":[{"embeddable":true,"href":"https:\/\/antcube.shop\/lv\/wp-json\/wp\/v2\/comments?post=2869"}],"wp:featuredmedia":[{"embeddable":true,"href":"https:\/\/antcube.shop\/lv\/wp-json\/wp\/v2\/media\/3194"}],"wp:attachment":[{"href":"https:\/\/antcube.shop\/lv\/wp-json\/wp\/v2\/media?parent=2869"}],"wp:term":[{"taxonomy":"product_brand","embeddable":true,"href":"https:\/\/antcube.shop\/lv\/wp-json\/wp\/v2\/product_brand?post=2869"},{"taxonomy":"product_cat","embeddable":true,"href":"https:\/\/antcube.shop\/lv\/wp-json\/wp\/v2\/product_cat?post=2869"},{"taxonomy":"product_tag","embeddable":true,"href":"https:\/\/antcube.shop\/lv\/wp-json\/wp\/v2\/product_tag?post=2869"}],"curies":[{"name":"wp","href":"https:\/\/api.w.org\/{rel}","templated":true}]}}