{"id":2866,"date":"2021-10-13T18:43:01","date_gmt":"2021-10-13T16:43:01","guid":{"rendered":"https:\/\/antcube.shop\/produkt\/antcube-rote-folie-20x20-selbstklebend\/"},"modified":"2025-10-19T21:05:19","modified_gmt":"2025-10-19T19:05:19","slug":"antcube-sarkana-folija-20x20-self-adhesive","status":"publish","type":"product","link":"https:\/\/antcube.shop\/lv\/products\/antcube-sarkana-folija-20x20-self-adhesive\/","title":{"rendered":"ANTCUBE - Sarkana folija 20\u00d720 - pa\u0161l\u012bm\u0113jo\u0161a"},"content":{"rendered":"<p><strong>Izm\u0113ri:<\/strong> 19x19 cm<\/p>\n<p><strong>Materi\u0101ls:<\/strong> PVC<\/p>\n<p><strong>Apraksts:<\/strong> Pa\u0161l\u012bm\u0113jo\u0161\u0101 sarkan\u0101 caursp\u012bd\u012bg\u0101 pl\u0113ve tiek izmantota, lai skudr\u0101m rad\u012btu pazemes saj\u016btu. T\u0101p\u0113c m\u0113s iesak\u0101m \u0161o produktu vismaz da\u013c\u0113ji izmantot ligzdas zon\u0101. Tom\u0113r skudras var labi nov\u0113rot ar\u012b ligzd\u0101. Prec\u012bzi izgriezts ANTCUBE \"Skudru ferma 20x20cm\". <strong>S\/M\/L<\/strong> - st\u0101v\".<\/p>","protected":false},"excerpt":{"rendered":"<p>Izm\u0113ri: Izm\u0113ri: 39x19cm Materi\u0101ls: Materi\u0101ls: PVC Apraksts: Sarkan\u0101 caursp\u012bd\u012bg\u0101 pl\u0113ve tiek izmantota, lai skudr\u0101m rad\u012btu pazemes saj\u016btu. T\u0101p\u0113c m\u0113s iesak\u0101m izmantot \u0161o produktu vismaz da\u013c\u0113ji ligzdas zon\u0101. Neskatoties uz to, skudras var labi nov\u0113rot ligzd\u0101. Prec\u012bzi piegriezta ANTCUBE \"Skudru ferma 40x20cm S\/M\/L - st\u0101vo\u0161a\". \u0160\u012b filtra folija<\/p>","protected":false},"featured_media":302,"comment_status":"open","ping_status":"closed","template":"","meta":{"_acf_changed":false,"content-type":"","_monsterinsights_skip_tracking":false,"_monsterinsights_sitenote_active":false,"_monsterinsights_sitenote_note":"","_monsterinsights_sitenote_category":0},"product_brand":[],"product_cat":[119,239],"product_tag":[],"class_list":{"0":"post-2866","1":"product","2":"type-product","3":"status-publish","4":"has-post-thumbnail","6":"product_cat-formicarium-components","7":"product_cat-useful-additions","9":"first","10":"outofstock","11":"taxable","12":"shipping-taxable","13":"purchasable","14":"product-type-simple"},"acf":[],"aioseo_notices":[],"jetpack_sharing_enabled":true,"_links":{"self":[{"href":"https:\/\/antcube.shop\/lv\/wp-json\/wp\/v2\/product\/2866","targetHints":{"allow":["GET"]}}],"collection":[{"href":"https:\/\/antcube.shop\/lv\/wp-json\/wp\/v2\/product"}],"about":[{"href":"https:\/\/antcube.shop\/lv\/wp-json\/wp\/v2\/types\/product"}],"replies":[{"embeddable":true,"href":"https:\/\/antcube.shop\/lv\/wp-json\/wp\/v2\/comments?post=2866"}],"wp:featuredmedia":[{"embeddable":true,"href":"https:\/\/antcube.shop\/lv\/wp-json\/wp\/v2\/media\/302"}],"wp:attachment":[{"href":"https:\/\/antcube.shop\/lv\/wp-json\/wp\/v2\/media?parent=2866"}],"wp:term":[{"taxonomy":"product_brand","embeddable":true,"href":"https:\/\/antcube.shop\/lv\/wp-json\/wp\/v2\/product_brand?post=2866"},{"taxonomy":"product_cat","embeddable":true,"href":"https:\/\/antcube.shop\/lv\/wp-json\/wp\/v2\/product_cat?post=2866"},{"taxonomy":"product_tag","embeddable":true,"href":"https:\/\/antcube.shop\/lv\/wp-json\/wp\/v2\/product_tag?post=2866"}],"curies":[{"name":"wp","href":"https:\/\/api.w.org\/{rel}","templated":true}]}}