{"id":2865,"date":"2021-10-13T18:42:51","date_gmt":"2021-10-13T16:42:51","guid":{"rendered":"https:\/\/antcube.shop\/produkt\/futterspender-2ml-dosierbar\/"},"modified":"2026-04-15T19:37:12","modified_gmt":"2026-04-15T17:37:12","slug":"futterspender-2ml-dosierbar-2","status":"publish","type":"product","link":"https:\/\/antcube.shop\/lv\/products\/futterspender-2ml-dosierbar-2\/","title":{"rendered":"Bar\u012bbas dozators 2ml - doz\u0113jams"},"content":{"rendered":"<p><strong>Izm\u0113ri:<\/strong> 30x40x50 mm, 2 ml<\/p>\n<p><strong>Saturs:<\/strong><br \/>\n1x k\u0101ja ar 1x 2,5 mm atveri (var doz\u0113t 1-2 mm).<br \/>\n1x skudru bar\u012bbas caurule<\/p>\n<p><strong>Materi\u0101ls:<\/strong> PMMA, PS<\/p>\n<p><strong>Apraksts:<\/strong> Ar \u0161o dozatoru skudras formik\u0101rija iek\u0161pus\u0113 var baroties ar pied\u0101v\u0101to bar\u012bbu. Ide\u0101li piem\u0113rots ar\u012b atva\u013cin\u0101jumu sezonai. Pamatn\u0113 var ievietot 2 ml skudru bar\u012bbas caurul\u012btes. Pateicoties ievieto\u0161anas dzi\u013cumam, var doz\u0113t pieejamo bar\u012bbas daudzumu. Dozators ar 2,5 mm platu izpl\u016bdes atveri ir piem\u0113rots visai m\u016bsu p\u0101rtikai pulvera veid\u0101, k\u0101 ar\u012b s\u012bkgraudu un mediju graudu mais\u012bjumiem.<\/p>\n<p><strong>Kr\u0101sas:<\/strong> caursp\u012bd\u012bgs<\/p>","protected":false},"excerpt":{"rendered":"<p>Izm\u0113ri: 30x40x50 mm, 2 ml<\/p>","protected":false},"featured_media":306,"comment_status":"open","ping_status":"closed","template":"","meta":{"_acf_changed":false,"content-type":"","_monsterinsights_skip_tracking":false,"_monsterinsights_sitenote_active":false,"_monsterinsights_sitenote_note":"","_monsterinsights_sitenote_category":0},"product_brand":[],"product_cat":[115,118],"product_tag":[],"class_list":{"0":"post-2865","1":"product","2":"type-product","3":"status-publish","4":"has-post-thumbnail","6":"product_cat-food-and-feeding","7":"product_cat-feeding-bowls","9":"first","10":"instock","11":"taxable","12":"shipping-taxable","13":"purchasable","14":"product-type-simple"},"acf":[],"aioseo_notices":[],"jetpack_sharing_enabled":true,"_links":{"self":[{"href":"https:\/\/antcube.shop\/lv\/wp-json\/wp\/v2\/product\/2865","targetHints":{"allow":["GET"]}}],"collection":[{"href":"https:\/\/antcube.shop\/lv\/wp-json\/wp\/v2\/product"}],"about":[{"href":"https:\/\/antcube.shop\/lv\/wp-json\/wp\/v2\/types\/product"}],"replies":[{"embeddable":true,"href":"https:\/\/antcube.shop\/lv\/wp-json\/wp\/v2\/comments?post=2865"}],"wp:featuredmedia":[{"embeddable":true,"href":"https:\/\/antcube.shop\/lv\/wp-json\/wp\/v2\/media\/306"}],"wp:attachment":[{"href":"https:\/\/antcube.shop\/lv\/wp-json\/wp\/v2\/media?parent=2865"}],"wp:term":[{"taxonomy":"product_brand","embeddable":true,"href":"https:\/\/antcube.shop\/lv\/wp-json\/wp\/v2\/product_brand?post=2865"},{"taxonomy":"product_cat","embeddable":true,"href":"https:\/\/antcube.shop\/lv\/wp-json\/wp\/v2\/product_cat?post=2865"},{"taxonomy":"product_tag","embeddable":true,"href":"https:\/\/antcube.shop\/lv\/wp-json\/wp\/v2\/product_tag?post=2865"}],"curies":[{"name":"wp","href":"https:\/\/api.w.org\/{rel}","templated":true}]}}