{"id":2859,"date":"2021-10-13T18:41:44","date_gmt":"2021-10-13T16:41:44","guid":{"rendered":"https:\/\/antcube.shop\/produkt\/tranke-klar-20ml-schwamm\/"},"modified":"2026-04-24T10:01:28","modified_gmt":"2026-04-24T08:01:28","slug":"tranke-klar-20ml-schwamm","status":"publish","type":"product","link":"https:\/\/antcube.shop\/lv\/products\/tranke-klar-20ml-schwamm\/","title":{"rendered":"Dzeramais trauks caursp\u012bd\u012bgs 20ml - s\u016bklis"},"content":{"rendered":"<p><strong>Izm\u0113ri:<\/strong> 40x50x68 mm, 20 ml<\/p>\n<p><strong>Saturs:<\/strong><br \/>\n1x pamatne ar 4x 3 mm atver\u0113m un integr\u0113tu s\u016bkli.<br \/>\n1x \u016bdens tvertne 62x22mm (20ml)<br \/>\n1x s\u016bklis 30 mm<\/p>\n<p><strong>Materi\u0101ls:<\/strong> PS, PMMA, putuplasts (\u013coti smalki porains un absorb\u0113jo\u0161s)<\/p>\n<p><strong>Apraksts:<\/strong> Tas \u013cauj skudr\u0101m nodro\u0161in\u0101t sevi ar pietiekamu mitruma daudzumu formik\u0101rij\u0101. Ide\u0101li piem\u0113rots ar\u012b atva\u013cin\u0101jumu sezonai. 20 ml \u016bdens tvertni var ievietot k\u0101j\u0101 (Uzman\u012bbu: Neievietojiet tvertni l\u012bdz galam, bet tikai l\u012bdz s\u016bk\u013ca l\u012bmenim, lai nep\u0101rtrauktu \u016bdens padevi). S\u016bklis ar liel\u0101ku diametru nek\u0101 pievienot\u0101 tvertne \u013cauj mitrumam ies\u016bkties pamatn\u0113. Pamatn\u0113 eso\u0161\u0101s 4 smalkas 18 mm atveres, kas izvietotas visos \u010detros virzienos, \u013cauj barot kolonijas ar lielu dz\u012bvnieku skaitu. No\u0146emot putas, dz\u012bvnieki nodro\u0161ina pietiekamu \u0161\u0137idruma padevi.<\/p>\n<p><strong>Kr\u0101sas:<\/strong> krist\u0101ldzidrs, pel\u0113ks<\/p>\n<p>&nbsp;<\/p>","protected":false},"excerpt":{"rendered":"<p><strong>Izm\u0113ri:<\/strong> 40x50x68 mm, 20 ml<\/p>","protected":false},"featured_media":3004,"comment_status":"open","ping_status":"closed","template":"","meta":{"_acf_changed":false,"content-type":"","_monsterinsights_skip_tracking":false,"_monsterinsights_sitenote_active":false,"_monsterinsights_sitenote_note":"","_monsterinsights_sitenote_category":0},"product_brand":[],"product_cat":[115,117],"product_tag":[],"class_list":{"0":"post-2859","1":"product","2":"type-product","3":"status-publish","4":"has-post-thumbnail","6":"product_cat-food-and-feeding","7":"product_cat-drinkers-for-ants","9":"first","10":"instock","11":"taxable","12":"shipping-taxable","13":"purchasable","14":"product-type-simple"},"acf":[],"aioseo_notices":[],"jetpack_sharing_enabled":true,"_links":{"self":[{"href":"https:\/\/antcube.shop\/lv\/wp-json\/wp\/v2\/product\/2859","targetHints":{"allow":["GET"]}}],"collection":[{"href":"https:\/\/antcube.shop\/lv\/wp-json\/wp\/v2\/product"}],"about":[{"href":"https:\/\/antcube.shop\/lv\/wp-json\/wp\/v2\/types\/product"}],"replies":[{"embeddable":true,"href":"https:\/\/antcube.shop\/lv\/wp-json\/wp\/v2\/comments?post=2859"}],"wp:featuredmedia":[{"embeddable":true,"href":"https:\/\/antcube.shop\/lv\/wp-json\/wp\/v2\/media\/3004"}],"wp:attachment":[{"href":"https:\/\/antcube.shop\/lv\/wp-json\/wp\/v2\/media?parent=2859"}],"wp:term":[{"taxonomy":"product_brand","embeddable":true,"href":"https:\/\/antcube.shop\/lv\/wp-json\/wp\/v2\/product_brand?post=2859"},{"taxonomy":"product_cat","embeddable":true,"href":"https:\/\/antcube.shop\/lv\/wp-json\/wp\/v2\/product_cat?post=2859"},{"taxonomy":"product_tag","embeddable":true,"href":"https:\/\/antcube.shop\/lv\/wp-json\/wp\/v2\/product_tag?post=2859"}],"curies":[{"name":"wp","href":"https:\/\/api.w.org\/{rel}","templated":true}]}}