{"id":2858,"date":"2021-10-13T18:41:35","date_gmt":"2021-10-13T16:41:35","guid":{"rendered":"https:\/\/antcube.shop\/produkt\/napf-klar-1x20-schwamm\/"},"modified":"2026-04-07T13:49:50","modified_gmt":"2026-04-07T11:49:50","slug":"napf-klar-1x20-schwamm-2","status":"publish","type":"product","link":"https:\/\/antcube.shop\/lv\/products\/napf-klar-1x20-schwamm-2\/","title":{"rendered":"B\u013coda caursp\u012bd\u012bga 1\u00d720 - s\u016bklis"},"content":{"rendered":"<p><strong>Izm\u0113ri:<\/strong> 30 x 40 x 7 mm<\/p>\n<p><strong>Materi\u0101ls:<\/strong> PMMA, putuplasts (\u013coti smalki porains un absorb\u0113jo\u0161s).<\/p>\n<p><strong>Apraksts:<\/strong> Kvadr\u0101tveida b\u013coda ar barotavu un atbilsto\u0161u s\u016bkli (katra 20 mm diametr\u0101) baro\u0161anai.<\/p>","protected":false},"excerpt":{"rendered":"<p><strong>Izm\u0113ri:<\/strong> 30 x 40 mm, materi\u0101ls: akrila stikls, putas (\u013coti smalki porainas un absorb\u0113jo\u0161as).<\/p>","protected":false},"featured_media":304,"comment_status":"open","ping_status":"closed","template":"","meta":{"_acf_changed":false,"content-type":"","_monsterinsights_skip_tracking":false,"_monsterinsights_sitenote_active":false,"_monsterinsights_sitenote_note":"","_monsterinsights_sitenote_category":0},"product_brand":[],"product_cat":[115,118],"product_tag":[],"class_list":{"0":"post-2858","1":"product","2":"type-product","3":"status-publish","4":"has-post-thumbnail","6":"product_cat-food-and-feeding","7":"product_cat-feeding-bowls","9":"first","10":"instock","11":"taxable","12":"shipping-taxable","13":"purchasable","14":"product-type-simple"},"acf":[],"aioseo_notices":[],"jetpack_sharing_enabled":true,"_links":{"self":[{"href":"https:\/\/antcube.shop\/lv\/wp-json\/wp\/v2\/product\/2858","targetHints":{"allow":["GET"]}}],"collection":[{"href":"https:\/\/antcube.shop\/lv\/wp-json\/wp\/v2\/product"}],"about":[{"href":"https:\/\/antcube.shop\/lv\/wp-json\/wp\/v2\/types\/product"}],"replies":[{"embeddable":true,"href":"https:\/\/antcube.shop\/lv\/wp-json\/wp\/v2\/comments?post=2858"}],"wp:featuredmedia":[{"embeddable":true,"href":"https:\/\/antcube.shop\/lv\/wp-json\/wp\/v2\/media\/304"}],"wp:attachment":[{"href":"https:\/\/antcube.shop\/lv\/wp-json\/wp\/v2\/media?parent=2858"}],"wp:term":[{"taxonomy":"product_brand","embeddable":true,"href":"https:\/\/antcube.shop\/lv\/wp-json\/wp\/v2\/product_brand?post=2858"},{"taxonomy":"product_cat","embeddable":true,"href":"https:\/\/antcube.shop\/lv\/wp-json\/wp\/v2\/product_cat?post=2858"},{"taxonomy":"product_tag","embeddable":true,"href":"https:\/\/antcube.shop\/lv\/wp-json\/wp\/v2\/product_tag?post=2858"}],"curies":[{"name":"wp","href":"https:\/\/api.w.org\/{rel}","templated":true}]}}