{"id":2854,"date":"2021-10-13T18:40:55","date_gmt":"2021-10-13T16:40:55","guid":{"rendered":"https:\/\/antcube.shop\/produkt\/mini-thermo-hygrometer-analog-display-hangend\/"},"modified":"2026-04-24T10:00:38","modified_gmt":"2026-04-24T08:00:38","slug":"mini-thermo-hygrometer-analog-display-hanging","status":"publish","type":"product","link":"https:\/\/antcube.shop\/lv\/products\/mini-thermo-hygrometer-analog-display-hanging\/","title":{"rendered":"Mini termohigrometrs analogais - displejs - piekaramais"},"content":{"rendered":"<p><strong>Izm\u0113ri:<\/strong> 75 mm x 45 mm, 20 mm dzi\u013c\u0161<\/p>\n<p><strong>Materi\u0101ls:<\/strong> met\u0101ls \/ akrils<\/p>\n<p><strong>Kr\u0101sa:<\/strong> met\u0101ls, sudraba \/ caursp\u012bd\u012bgs<\/p>\n<p><strong>Saturs:<\/strong> 1x analogais met\u0101la mini termometrs - 25mm, 1x analogais met\u0101la mini higrometrs - 25mm, 1x akrila stikla tur\u0113t\u0101js ar izgriezumiem m\u0113rinstrumentiem - 75x45mm, 1x akrila stikla pamatne - 75x20mm, 2x caursp\u012bd\u012bgas l\u012bmlentes - 30x20mm.<\/p>\n<p><strong>Apraksts:<\/strong><br \/>\nKomplekt\u0101 ietilpst analogais termometrs un higrometrs, kas izgatavoti no met\u0101la (25 mm) un iestiprin\u0101ti akrila stikla pl\u0101ksn\u0113 (75x45 mm). Displejs ir piestiprin\u0101ts, izmantojot divus caursp\u012bd\u012bgus l\u012bmlentes spilventi\u0146us, kurus var izmantot, lai pamatni (75x20 mm) piestiprin\u0101tu virs galvas pie v\u0101kiem vai r\u0101mjiem.<\/p>\n<p><strong>Padoms:<\/strong><br \/>\nM\u0113rinstrumentiem aizmugur\u0113j\u0101 pus\u0113 j\u0101b\u016bt br\u012bviem, pret\u0113j\u0101 gad\u012bjum\u0101 var rasties m\u0113r\u012bjumu k\u013c\u016bdas.<\/p>\n<p><strong>Precizit\u0101te:<\/strong> +\/- 2\u00b0C , +\/- 4\u00b0F<br \/>\n<strong>Precizit\u0101te:<\/strong> +\/- 5%<\/p>","protected":false},"excerpt":{"rendered":"<p>Termometra un higrometra komplekts no met\u0101la (25 mm), kas ievietots akrila stikla pl\u0101ksn\u0113 (75x45 mm).<\/p>","protected":false},"featured_media":311,"comment_status":"open","ping_status":"closed","template":"","meta":{"_acf_changed":false,"content-type":"","_monsterinsights_skip_tracking":false,"_monsterinsights_sitenote_active":false,"_monsterinsights_sitenote_note":"","_monsterinsights_sitenote_category":0},"product_brand":[],"product_cat":[119,239],"product_tag":[],"class_list":{"0":"post-2854","1":"product","2":"type-product","3":"status-publish","4":"has-post-thumbnail","6":"product_cat-formicarium-components","7":"product_cat-useful-additions","9":"first","10":"instock","11":"taxable","12":"shipping-taxable","13":"purchasable","14":"product-type-simple"},"acf":[],"aioseo_notices":[],"jetpack_sharing_enabled":true,"_links":{"self":[{"href":"https:\/\/antcube.shop\/lv\/wp-json\/wp\/v2\/product\/2854","targetHints":{"allow":["GET"]}}],"collection":[{"href":"https:\/\/antcube.shop\/lv\/wp-json\/wp\/v2\/product"}],"about":[{"href":"https:\/\/antcube.shop\/lv\/wp-json\/wp\/v2\/types\/product"}],"replies":[{"embeddable":true,"href":"https:\/\/antcube.shop\/lv\/wp-json\/wp\/v2\/comments?post=2854"}],"wp:featuredmedia":[{"embeddable":true,"href":"https:\/\/antcube.shop\/lv\/wp-json\/wp\/v2\/media\/311"}],"wp:attachment":[{"href":"https:\/\/antcube.shop\/lv\/wp-json\/wp\/v2\/media?parent=2854"}],"wp:term":[{"taxonomy":"product_brand","embeddable":true,"href":"https:\/\/antcube.shop\/lv\/wp-json\/wp\/v2\/product_brand?post=2854"},{"taxonomy":"product_cat","embeddable":true,"href":"https:\/\/antcube.shop\/lv\/wp-json\/wp\/v2\/product_cat?post=2854"},{"taxonomy":"product_tag","embeddable":true,"href":"https:\/\/antcube.shop\/lv\/wp-json\/wp\/v2\/product_tag?post=2854"}],"curies":[{"name":"wp","href":"https:\/\/api.w.org\/{rel}","templated":true}]}}