{"id":2852,"date":"2021-10-13T18:40:35","date_gmt":"2021-10-13T16:40:35","guid":{"rendered":"https:\/\/antcube.shop\/produkt\/gittereinsatz-27mm-edelstahl\/"},"modified":"2026-04-16T15:15:25","modified_gmt":"2026-04-16T13:15:25","slug":"gittereinsatz-27mm-edelstahl","status":"publish","type":"product","link":"https:\/\/antcube.shop\/lv\/products\/gittereinsatz-27mm-edelstahl\/","title":{"rendered":"Re\u017e\u0123a ieliktnis - 27 mm - ner\u016bs\u0113jo\u0161ais t\u0113rauds"},"content":{"rendered":"<p><strong>Daudzums:<\/strong> 1 gab.<\/p>\n<p><strong>Izm\u0113ri:<\/strong> 27 mm (iek\u0161\u0113jais diametrs), 33 \u00d7 4 mm (\u0101r\u0113jie izm\u0113ri)<\/p>\n<p><strong>Kr\u0101sa:<\/strong> caursp\u012bd\u012bgs<\/p>\n<p><strong>Materi\u0101ls:<\/strong> ner\u016bs\u0113jo\u0161ais t\u0113rauds, akrils<\/p>\n<p><strong>Apraksts:<\/strong><br \/>\n\u0160o re\u017e\u0123a ieliktni ar \u013coti smalku ner\u016bs\u0113jo\u0161\u0101 t\u0113rauda re\u017e\u0123i (0,2 mm) var ievietot 27 mm caurumos, un tas nodro\u0161ina labu formik\u0101rija ventil\u0101ciju bez skudru izlau\u0161an\u0101s.<br \/>\nS\u0101nu piestiprin\u0101\u0161anas gad\u012bjum\u0101 iesak\u0101m veikt papildu nostiprin\u0101\u0161anu ar tirdzniec\u012bb\u0101 pieejamiem l\u012bmmateri\u0101liem, lai izvair\u012btos no izkri\u0161anas iesp\u0113jamo triecienu d\u0113\u013c.<\/p>\n<p><strong>Piez\u012bme:<\/strong> Piem\u0113rots ar\u012b \u013coti sp\u0113c\u012bg\u0101m kod\u012bgaj\u0101m sug\u0101m, piem\u0113ram, lapkoku skudr\u0101m!<\/p>","protected":false},"excerpt":{"rendered":"<p>Daudzums: Izm\u0113ri: 1 gab: Kr\u0101sa: caursp\u012bd\u012bga Materi\u0101ls: ner\u016bs\u0113jo\u0161ais t\u0113rauds, akrils Apraksts: \u0160is re\u017e\u0123a ieliktnis ar \u013coti smalku ner\u016bs\u0113jo\u0161\u0101 t\u0113rauda re\u017e\u0123i (0,2 mm) var tikt ievietots 27 mm caurumos un nodro\u0161ina labu formik\u0101rija ventil\u0101ciju, un skudras nevar izlauzties. S\u0101nu stiprin\u0101juma gad\u012bjum\u0101 m\u0113s iesak\u0101m","protected":false},"featured_media":337,"comment_status":"open","ping_status":"closed","template":"","meta":{"_acf_changed":false,"content-type":"","_monsterinsights_skip_tracking":false,"_monsterinsights_sitenote_active":false,"_monsterinsights_sitenote_note":"","_monsterinsights_sitenote_category":0},"product_brand":[],"product_cat":[238],"product_tag":[],"class_list":{"0":"post-2852","1":"product","2":"type-product","3":"status-publish","4":"has-post-thumbnail","6":"product_cat-grid-caps-plugs-and-inserts","8":"first","9":"instock","10":"taxable","11":"shipping-taxable","12":"purchasable","13":"product-type-simple"},"acf":[],"aioseo_notices":[],"jetpack_sharing_enabled":true,"_links":{"self":[{"href":"https:\/\/antcube.shop\/lv\/wp-json\/wp\/v2\/product\/2852","targetHints":{"allow":["GET"]}}],"collection":[{"href":"https:\/\/antcube.shop\/lv\/wp-json\/wp\/v2\/product"}],"about":[{"href":"https:\/\/antcube.shop\/lv\/wp-json\/wp\/v2\/types\/product"}],"replies":[{"embeddable":true,"href":"https:\/\/antcube.shop\/lv\/wp-json\/wp\/v2\/comments?post=2852"}],"wp:featuredmedia":[{"embeddable":true,"href":"https:\/\/antcube.shop\/lv\/wp-json\/wp\/v2\/media\/337"}],"wp:attachment":[{"href":"https:\/\/antcube.shop\/lv\/wp-json\/wp\/v2\/media?parent=2852"}],"wp:term":[{"taxonomy":"product_brand","embeddable":true,"href":"https:\/\/antcube.shop\/lv\/wp-json\/wp\/v2\/product_brand?post=2852"},{"taxonomy":"product_cat","embeddable":true,"href":"https:\/\/antcube.shop\/lv\/wp-json\/wp\/v2\/product_cat?post=2852"},{"taxonomy":"product_tag","embeddable":true,"href":"https:\/\/antcube.shop\/lv\/wp-json\/wp\/v2\/product_tag?post=2852"}],"curies":[{"name":"wp","href":"https:\/\/api.w.org\/{rel}","templated":true}]}}