{"id":2851,"date":"2021-10-13T18:40:25","date_gmt":"2021-10-13T16:40:25","guid":{"rendered":"https:\/\/antcube.shop\/produkt\/gitterkappe-10mm-edelstahl\/"},"modified":"2026-04-02T22:01:19","modified_gmt":"2026-04-02T20:01:19","slug":"rezga-vacins-10mm-nerusejoss-terauds","status":"publish","type":"product","link":"https:\/\/antcube.shop\/lv\/products\/rezga-vacins-10mm-nerusejoss-terauds\/","title":{"rendered":"Re\u017e\u0123a v\u0101ci\u0146\u0161 - 10 mm - Ner\u016bs\u0113jo\u0161ais t\u0113rauds"},"content":{"rendered":"<p><strong>Daudzums:<\/strong> 1 gab.<\/p>\n<p><strong>Izm\u0113ri:<\/strong> 10 mm (iek\u0161\u0113jais diametrs), 14 \u00d7 4 mm (\u0101r\u0113jie izm\u0113ri)<\/p>\n<p><strong>Kr\u0101sa:<\/strong> caursp\u012bd\u012bgs<\/p>\n<p><strong>Materi\u0101ls:<\/strong> ner\u016bs\u0113jo\u0161ais t\u0113rauds, akrils<\/p>\n<p><strong>Apraksts:<\/strong><br \/>\n\u0160o re\u017e\u0123a v\u0101ci\u0146u ar \u013coti smalku ner\u016bs\u0113jo\u0161\u0101 t\u0113rauda re\u017e\u0123i (0,2 mm) var uzlikt uz kontaktligzdas, caurules vai \u0161\u013c\u016btenes gala, un tas nodro\u0161ina labu formik\u0101rija ventil\u0101ciju bez skudru izlau\u0161an\u0101s. Gan ner\u016bs\u0113jo\u0161\u0101 t\u0113rauda re\u017e\u0123is, gan akrila stikla r\u0101mis ir caursp\u012bd\u012bgi.<\/p>\n<p><strong>Piez\u012bme:<\/strong> Piem\u0113rots ar\u012b \u013coti sp\u0113c\u012bg\u0101m kod\u012bgaj\u0101m sug\u0101m, piem\u0113ram, lapkoku skudr\u0101m!<\/p>\n<p>&nbsp;<\/p>","protected":false},"excerpt":{"rendered":"<p>Daudzums: Izm\u0113ri: 1 gab: 10 mm (iek\u0161\u0113jais diametrs), 14x4 mm (\u0101r\u0113jie izm\u0113ri) Kr\u0101sa: caursp\u012bd\u012bga Materi\u0101ls: ner\u016bs\u0113jo\u0161ais t\u0113rauds, akrils Apraksts: \u0160o re\u017e\u0123a v\u0101ci\u0146u ar \u013coti smalku ner\u016bs\u0113jo\u0161\u0101 t\u0113rauda re\u017e\u0123i (0,2 mm) var uzlikt uz kontaktligzdas, caurules vai \u0161\u013c\u016btenes gala, un tas nodro\u0161ina labu formik\u0101rija ventil\u0101ciju bez skudru izlau\u0161an\u0101s. Abas","protected":false},"featured_media":335,"comment_status":"open","ping_status":"closed","template":"","meta":{"_acf_changed":false,"content-type":"","_monsterinsights_skip_tracking":false,"_monsterinsights_sitenote_active":false,"_monsterinsights_sitenote_note":"","_monsterinsights_sitenote_category":0},"product_brand":[],"product_cat":[238],"product_tag":[],"class_list":{"0":"post-2851","1":"product","2":"type-product","3":"status-publish","4":"has-post-thumbnail","6":"product_cat-grid-caps-plugs-and-inserts","8":"first","9":"instock","10":"taxable","11":"shipping-taxable","12":"purchasable","13":"product-type-simple"},"acf":[],"aioseo_notices":[],"jetpack_sharing_enabled":true,"_links":{"self":[{"href":"https:\/\/antcube.shop\/lv\/wp-json\/wp\/v2\/product\/2851","targetHints":{"allow":["GET"]}}],"collection":[{"href":"https:\/\/antcube.shop\/lv\/wp-json\/wp\/v2\/product"}],"about":[{"href":"https:\/\/antcube.shop\/lv\/wp-json\/wp\/v2\/types\/product"}],"replies":[{"embeddable":true,"href":"https:\/\/antcube.shop\/lv\/wp-json\/wp\/v2\/comments?post=2851"}],"wp:featuredmedia":[{"embeddable":true,"href":"https:\/\/antcube.shop\/lv\/wp-json\/wp\/v2\/media\/335"}],"wp:attachment":[{"href":"https:\/\/antcube.shop\/lv\/wp-json\/wp\/v2\/media?parent=2851"}],"wp:term":[{"taxonomy":"product_brand","embeddable":true,"href":"https:\/\/antcube.shop\/lv\/wp-json\/wp\/v2\/product_brand?post=2851"},{"taxonomy":"product_cat","embeddable":true,"href":"https:\/\/antcube.shop\/lv\/wp-json\/wp\/v2\/product_cat?post=2851"},{"taxonomy":"product_tag","embeddable":true,"href":"https:\/\/antcube.shop\/lv\/wp-json\/wp\/v2\/product_tag?post=2851"}],"curies":[{"name":"wp","href":"https:\/\/api.w.org\/{rel}","templated":true}]}}