{"id":2848,"date":"2021-10-13T18:39:56","date_gmt":"2021-10-13T16:39:56","guid":{"rendered":"https:\/\/antcube.shop\/produkt\/tranke-2ml-360-grad\/"},"modified":"2026-04-21T18:47:11","modified_gmt":"2026-04-21T16:47:11","slug":"tranke-2ml-360-grad","status":"publish","type":"product","link":"https:\/\/antcube.shop\/lv\/products\/tranke-2ml-360-grad\/","title":{"rendered":"Dzeramais trauks 2ml - 360 gr\u0101di"},"content":{"rendered":"<p><strong>Izm\u0113ri:<\/strong> 30x40x52 mm, 2 ml<\/p>\n<p><strong>Saturs:<\/strong><br \/>\n1x k\u0101ji\u0146a ar 24x 0,5 mm atver\u0113m<br \/>\n1x skudru bar\u012bbas caurule<\/p>\n<p><strong>Materi\u0101ls:<\/strong> PLA, PS, PMMA<\/p>\n<p><strong>Apraksts:<\/strong> Tas \u013cauj skudr\u0101m nodro\u0161in\u0101t sev pietiekami daudz mitruma formik\u0101rija iek\u0161pus\u0113. Ide\u0101li piem\u0113rots ar\u012b atva\u013cin\u0101jumu sezonai. Tagad 2 ml skudru bar\u012bbas caurul\u012btes var ievietot k\u0101j\u0101. Pateicoties 24 smalkiem 0,5 mm caurumiem, kas izvietoti 360\u00b0 le\u0146\u0137\u012b, var apg\u0101d\u0101t gan \u013coti daudzskaitl\u012bgas, gan \u013coti mazas kolonijas.<\/p>\n<p><strong>Kr\u0101sa:<\/strong> caursp\u012bd\u012bgs<\/p>\n<p>&nbsp;<\/p>","protected":false},"excerpt":{"rendered":"<p>Izm\u0113ri: 30x40x52 mm, 2 ml<\/p>","protected":false},"featured_media":305,"comment_status":"open","ping_status":"closed","template":"","meta":{"_acf_changed":false,"content-type":"","_monsterinsights_skip_tracking":false,"_monsterinsights_sitenote_active":false,"_monsterinsights_sitenote_note":"","_monsterinsights_sitenote_category":0},"product_brand":[],"product_cat":[115,117],"product_tag":[],"class_list":{"0":"post-2848","1":"product","2":"type-product","3":"status-publish","4":"has-post-thumbnail","6":"product_cat-food-and-feeding","7":"product_cat-drinkers-for-ants","9":"first","10":"instock","11":"taxable","12":"shipping-taxable","13":"purchasable","14":"product-type-simple"},"acf":[],"aioseo_notices":[],"jetpack_sharing_enabled":true,"_links":{"self":[{"href":"https:\/\/antcube.shop\/lv\/wp-json\/wp\/v2\/product\/2848","targetHints":{"allow":["GET"]}}],"collection":[{"href":"https:\/\/antcube.shop\/lv\/wp-json\/wp\/v2\/product"}],"about":[{"href":"https:\/\/antcube.shop\/lv\/wp-json\/wp\/v2\/types\/product"}],"replies":[{"embeddable":true,"href":"https:\/\/antcube.shop\/lv\/wp-json\/wp\/v2\/comments?post=2848"}],"wp:featuredmedia":[{"embeddable":true,"href":"https:\/\/antcube.shop\/lv\/wp-json\/wp\/v2\/media\/305"}],"wp:attachment":[{"href":"https:\/\/antcube.shop\/lv\/wp-json\/wp\/v2\/media?parent=2848"}],"wp:term":[{"taxonomy":"product_brand","embeddable":true,"href":"https:\/\/antcube.shop\/lv\/wp-json\/wp\/v2\/product_brand?post=2848"},{"taxonomy":"product_cat","embeddable":true,"href":"https:\/\/antcube.shop\/lv\/wp-json\/wp\/v2\/product_cat?post=2848"},{"taxonomy":"product_tag","embeddable":true,"href":"https:\/\/antcube.shop\/lv\/wp-json\/wp\/v2\/product_tag?post=2848"}],"curies":[{"name":"wp","href":"https:\/\/api.w.org\/{rel}","templated":true}]}}