{"id":2842,"date":"2021-10-13T18:37:40","date_gmt":"2021-10-13T16:37:40","guid":{"rendered":"https:\/\/antcube.shop\/produkt\/ameisenarena-rahmen-20x20\/"},"modified":"2026-04-15T13:00:30","modified_gmt":"2026-04-15T11:00:30","slug":"ameisenarena-rahmen-20x20","status":"publish","type":"product","link":"https:\/\/antcube.shop\/lv\/products\/ameisenarena-rahmen-20x20\/","title":{"rendered":"Skudru ar\u0113nas r\u0101mis 20\u00d720"},"content":{"rendered":"<p><strong>Izm\u0113ri (LxWxH):<\/strong> 20x20x0,4 cm<\/p>\n<p><strong>Materi\u0101ls:<\/strong> float stikls<\/p>\n<p><strong>Kr\u0101sa:<\/strong> krist\u0101ldzidrs \/ caursp\u012bd\u012bgs<\/p>\n<p><strong>Saturs:<\/strong><br \/>\n1x skudru ar\u0113nas r\u0101mis<\/p>\n<p><strong>Apraksts:<\/strong><br \/>\nNo stikla izgatavots r\u0101mis skudru ar\u0113nai k\u0101 aizsardz\u012bba pret izlau\u0161anos.<\/p>\n<p><strong>Pieteikums:<\/strong><br \/>\nSkudru novietnes r\u0101mis ir no stikla izgatavots r\u0101mis, kas novietots uz skudru novietnes un no apak\u0161\u0113j\u0101s puses ir apr\u012bkots ar aizsardz\u012bbu pret izlau\u0161anos (e\u013c\u013ca, pulveris vai laka), t\u0101d\u0113j\u0101di nov\u0113r\u0161ot skudru izlau\u0161anos.<\/p>\n<p><strong>Pazi\u0146ojums:<\/strong><br \/>\nT\u0101 k\u0101 izstr\u0101d\u0101jums ir izgatavots no stikla un t\u0101p\u0113c ir jut\u012bgs, ar to j\u0101r\u012bkojas \u013coti uzman\u012bgi. Stikls tiek griezts saska\u0146\u0101 ar DIN 1249 ar pielaidi +\/- 1 mm. \u012apa\u0161i maz\u0101m skudru sug\u0101m ir nepiecie\u0161ama papildu aizsardz\u012bba pret izlau\u0161anos.<\/p>\n<p>&nbsp;<\/p>","protected":false},"excerpt":{"rendered":"<p>Izm\u0113ri (DxPxV): 20x20x0,4 cm Materi\u0101ls: pludi\u0146stikls Kr\u0101sa: krist\u0101ldzidra \/ caursp\u012bd\u012bga Saturs: Sast\u0101vs: 1x skudru ar\u0113nas r\u0101mis Apraksts: No stikla izgatavots r\u0101mis skudru man\u0113\u017eai k\u0101 aizsardz\u012bba pret izlau\u0161anos. Pielietojums: R\u0101mis skudru man\u0113\u017eai ir no stikla izgatavots r\u0101mis, kas tiek novietots uz skudru man\u0113\u017eas un ir apr\u012bkots ar aizsardz\u012bbu pret izlau\u0161anos.","protected":false},"featured_media":332,"comment_status":"open","ping_status":"closed","template":"","meta":{"_acf_changed":false,"content-type":"","_monsterinsights_skip_tracking":false,"_monsterinsights_sitenote_active":false,"_monsterinsights_sitenote_note":"","_monsterinsights_sitenote_category":0},"product_brand":[],"product_cat":[91,93],"product_tag":[],"class_list":{"0":"post-2842","1":"product","2":"type-product","3":"status-publish","4":"has-post-thumbnail","6":"product_cat-formicarium-modules","7":"product_cat-arena-frame","9":"first","10":"instock","11":"taxable","12":"shipping-taxable","13":"purchasable","14":"product-type-simple"},"acf":[],"aioseo_notices":[],"jetpack_sharing_enabled":true,"_links":{"self":[{"href":"https:\/\/antcube.shop\/lv\/wp-json\/wp\/v2\/product\/2842","targetHints":{"allow":["GET"]}}],"collection":[{"href":"https:\/\/antcube.shop\/lv\/wp-json\/wp\/v2\/product"}],"about":[{"href":"https:\/\/antcube.shop\/lv\/wp-json\/wp\/v2\/types\/product"}],"replies":[{"embeddable":true,"href":"https:\/\/antcube.shop\/lv\/wp-json\/wp\/v2\/comments?post=2842"}],"wp:featuredmedia":[{"embeddable":true,"href":"https:\/\/antcube.shop\/lv\/wp-json\/wp\/v2\/media\/332"}],"wp:attachment":[{"href":"https:\/\/antcube.shop\/lv\/wp-json\/wp\/v2\/media?parent=2842"}],"wp:term":[{"taxonomy":"product_brand","embeddable":true,"href":"https:\/\/antcube.shop\/lv\/wp-json\/wp\/v2\/product_brand?post=2842"},{"taxonomy":"product_cat","embeddable":true,"href":"https:\/\/antcube.shop\/lv\/wp-json\/wp\/v2\/product_cat?post=2842"},{"taxonomy":"product_tag","embeddable":true,"href":"https:\/\/antcube.shop\/lv\/wp-json\/wp\/v2\/product_tag?post=2842"}],"curies":[{"name":"wp","href":"https:\/\/api.w.org\/{rel}","templated":true}]}}