{"id":2841,"date":"2021-10-13T18:37:30","date_gmt":"2021-10-13T16:37:30","guid":{"rendered":"https:\/\/antcube.shop\/produkt\/food-mix-set-standard\/"},"modified":"2026-04-11T13:18:17","modified_gmt":"2026-04-11T11:18:17","slug":"food-mix-set-standard","status":"publish","type":"product","link":"https:\/\/antcube.shop\/lv\/products\/food-mix-set-standard\/","title":{"rendered":"P\u0101rtikas mais\u012bjumu komplekts - standarta"},"content":{"rendered":"<p><strong>Saturs:<\/strong> 2 ml uz barotavas caurul\u012bti<br \/>\n2x olbaltumvielu bar\u012bba (PP)<br \/>\n2x olbaltumvielu bar\u012bba FD kukai\u0146i (PI)<br \/>\n2x og\u013chidr\u0101tu p\u0101rtika (K)<br \/>\n2x aug\u013cu p\u0101rtika (F)<br \/>\n2x cukura medus \u0161\u0137\u012bdums (ZH)<br \/>\n1x s\u016bklis<\/p>\n<p><span data-text-color=\"alert\"><strong>Uzman\u012bbu:<\/strong> <\/span>L\u016bdzu, sajauciet pulveri ar pilienu \u016bdens, jo saus\u0101 veid\u0101 dz\u012bvnieki to nepie\u0146em!<\/p>\n<p><strong>Apraksts:<\/strong><br \/>\n\u0160is ir bar\u012bbas mais\u012bjuma komplekts da\u017e\u0101d\u0101m skudru sug\u0101m, kas barojas ar og\u013chidr\u0101tiem un olbaltumviel\u0101m. Tas satur visu skudr\u0101m nepiecie\u0161amo sabalans\u0113tam uzturam. T\u0101 k\u0101 atsevi\u0161\u0137as bar\u012bbas devas ir pild\u012btas atsevi\u0161\u0137\u0101s m\u0113\u0123en\u0113s, t\u0101s ir viegli doz\u0113jamas. Olbaltumvielu, og\u013chidr\u0101tu un aug\u013cu bar\u012bbu ieteicams minim\u0101li samitrin\u0101t ar nedaudz \u016bdens. Tas ar\u012b nov\u0113rs\u012bs pulvera iz\u0161\u013cakst\u012b\u0161anos, kad to izmantosiet \"centr\u0101laj\u0101\" formikum\u0101 caurum\u0101.<\/p>\n<p><strong>Lieto\u0161ana\/aplik\u0101cija:<\/strong><br \/>\nOlbaltumvielu bar\u012bba = kukai\u0146\u0113d\u0101ju skudru (Eulipotyphla) sug\u0101m.<br \/>\nT\u0101 ir papildbar\u012bba (bar\u012bbas mais\u012bjums).<br \/>\nTas j\u0101sajauc ar pilienu \u016bdens, un tad to var uzglab\u0101t tikai 1 dienu, kad tas ir slapj\u0161. Pirms atk\u0101rtotas lieto\u0161anas r\u016bp\u012bgi izt\u012briet barotavu\/caurul\u012bti.<br \/>\nAtv\u0113rt\u0101 iepakojum\u0101 l\u012bdz nor\u0101d\u012btajam der\u012bguma termi\u0146am (der\u012bguma termi\u0146\u0161) j\u0101izlieto labi nosl\u0113gts (ja tas tiek uzglab\u0101ts saus\u0101 veid\u0101).<\/p>\n<p>Prote\u012bnu bar\u012bba FD = kukai\u0146\u0113d\u0101ju skudru sug\u0101m (Eulipotyphla)<br \/>\nT\u0101 ir papildbar\u012bba (bar\u012bbas mais\u012bjums).<br \/>\nTas j\u0101sajauc ar pilienu \u016bdens, un tad to var uzglab\u0101t tikai 1 dienu, kad tas ir slapj\u0161. Pirms atk\u0101rtotas lieto\u0161anas r\u016bp\u012bgi izt\u012briet barotavu\/caurul\u012bti.<br \/>\nAtv\u0113rt\u0101 iepakojum\u0101 l\u012bdz nor\u0101d\u012btajam der\u012bguma termi\u0146am (der\u012bguma termi\u0146\u0161) j\u0101izlieto labi nosl\u0113gts (ja tas tiek uzglab\u0101ts saus\u0101 veid\u0101).<\/p>\n<p>Og\u013chidr\u0101tu bar\u012bba = cukuru\/medu \u0113do\u0161\u0101m skudru sug\u0101m<br \/>\nT\u0101 ir papildbar\u012bba (bar\u012bbas mais\u012bjums).<br \/>\nTo var sajaukt ar pilienu \u016bdens, un mitr\u0101 veid\u0101 t\u0101 der\u012bguma termi\u0146\u0161 ir 3 dienas. Pirms atk\u0101rtotas lieto\u0161anas r\u016bp\u012bgi izt\u012briet barotavu\/caurul\u012bti.<br \/>\nAtv\u0113rtu iepakojumu dr\u012bkst lietot labi nosl\u0113gtu (ja tas tiek uzglab\u0101ts saus\u0101 veid\u0101) l\u012bdz nor\u0101d\u012btajam der\u012bguma termi\u0146am.<\/p>\n<p>Aug\u013cu bar\u012bba = aug\u013c\u0113d\u0101ju (aug\u013c\u0113d\u0101ju) sug\u0101m.<br \/>\nT\u0101 ir papildbar\u012bba (vienreiz\u0113j\u0101 bar\u012bba).<br \/>\nTo var sajaukt ar pilienu \u016bdens, un mitr\u0101 veid\u0101 t\u0101 der\u012bguma termi\u0146\u0161 ir 3 dienas. Pirms atk\u0101rtotas lieto\u0161anas r\u016bp\u012bgi izt\u012briet barotavu\/caurul\u012bti.<br \/>\nAtv\u0113rtu iepakojumu dr\u012bkst lietot labi nosl\u0113gtu (ja tas tiek uzglab\u0101ts saus\u0101 veid\u0101) l\u012bdz nor\u0101d\u012btajam der\u012bguma termi\u0146am.<\/p>\n<p>Cukura medus \u0161\u0137\u012bdums = cukuru\/medu \u0113do\u0161\u0101m skudru sug\u0101m.<br \/>\nT\u0101 ir papildbar\u012bba (bar\u012bbas mais\u012bjums).<br \/>\nTo var pied\u0101v\u0101t dz\u012bvniekiem pieg\u0101d\u0101t\u0101 st\u0101vokl\u012b. T\u0101 k\u0101 mitrums samazina cukura koncentr\u0101ciju un s\u0101kas ferment\u0101cijas process, bar\u012bba j\u0101maina ik p\u0113c 3 dien\u0101m. Pirms atk\u0101rtotas lieto\u0161anas r\u016bp\u012bgi izt\u012briet bar\u012bbas b\u013codu\/caurul\u012bti.<br \/>\nAtv\u0113rtu iepakojumu j\u0101lieto cie\u0161i nosl\u0113gtu l\u012bdz nor\u0101d\u012btajam (der\u012bguma termi\u0146am).<\/p>\n<p><strong>Pazi\u0146ojums:<\/strong><br \/>\nInform\u0101cija par to, k\u0101 lietot baro\u0161anas caurules, ir atrodama \u0161eit: Saite .<br \/>\nPilnv\u0113rt\u012bga bar\u012bba kukai\u0146\u0113d\u0101ju skudr\u0101m.<br \/>\nSast\u0101vs, anal\u012btisk\u0101s sast\u0101vda\u013cas, der\u012bguma termi\u0146\u0161 un partijas numurs ir nor\u0101d\u012bts iepakojuma pam\u0101c\u012bb\u0101.<\/p>\n<p>Inform\u0101cijas t\u0101lrunis +49 30 439703870<\/p>\n<p>Atbild\u012bg\u0101 veterin\u0101r\u0101 un p\u0101rtikas uzraudz\u012bbas iest\u0101de:<br \/>\nSteglitz veterin\u0101rais birojs<br \/>\nK\u00f6nigin-Luise-Str. 92<br \/>\n14195 Berl\u012bne<\/p>","protected":false},"excerpt":{"rendered":"<p>Pilnv\u0113rt\u012bga bar\u012bba<\/p>","protected":false},"featured_media":309,"comment_status":"open","ping_status":"closed","template":"","meta":{"_acf_changed":false,"content-type":"","_monsterinsights_skip_tracking":false,"_monsterinsights_sitenote_active":false,"_monsterinsights_sitenote_note":"","_monsterinsights_sitenote_category":0},"product_brand":[],"product_cat":[115,116],"product_tag":[],"class_list":{"0":"post-2841","1":"product","2":"type-product","3":"status-publish","4":"has-post-thumbnail","6":"product_cat-food-and-feeding","7":"product_cat-food","9":"first","10":"instock","11":"taxable","12":"shipping-taxable","13":"purchasable","14":"product-type-simple"},"acf":[],"aioseo_notices":[],"jetpack_sharing_enabled":true,"_links":{"self":[{"href":"https:\/\/antcube.shop\/lv\/wp-json\/wp\/v2\/product\/2841","targetHints":{"allow":["GET"]}}],"collection":[{"href":"https:\/\/antcube.shop\/lv\/wp-json\/wp\/v2\/product"}],"about":[{"href":"https:\/\/antcube.shop\/lv\/wp-json\/wp\/v2\/types\/product"}],"replies":[{"embeddable":true,"href":"https:\/\/antcube.shop\/lv\/wp-json\/wp\/v2\/comments?post=2841"}],"wp:featuredmedia":[{"embeddable":true,"href":"https:\/\/antcube.shop\/lv\/wp-json\/wp\/v2\/media\/309"}],"wp:attachment":[{"href":"https:\/\/antcube.shop\/lv\/wp-json\/wp\/v2\/media?parent=2841"}],"wp:term":[{"taxonomy":"product_brand","embeddable":true,"href":"https:\/\/antcube.shop\/lv\/wp-json\/wp\/v2\/product_brand?post=2841"},{"taxonomy":"product_cat","embeddable":true,"href":"https:\/\/antcube.shop\/lv\/wp-json\/wp\/v2\/product_cat?post=2841"},{"taxonomy":"product_tag","embeddable":true,"href":"https:\/\/antcube.shop\/lv\/wp-json\/wp\/v2\/product_tag?post=2841"}],"curies":[{"name":"wp","href":"https:\/\/api.w.org\/{rel}","templated":true}]}}