{"id":2840,"date":"2021-10-13T18:37:21","date_gmt":"2021-10-13T16:37:21","guid":{"rendered":"https:\/\/antcube.shop\/produkt\/bodengrund-wuste-1-kg\/"},"modified":"2026-04-23T09:48:22","modified_gmt":"2026-04-23T07:48:22","slug":"bodengrund-wuste-1-kg","status":"publish","type":"product","link":"https:\/\/antcube.shop\/lv\/products\/bodengrund-wuste-1-kg\/","title":{"rendered":"Substr\u0101ts - tuksnesis - 1 kg"},"content":{"rendered":"<p><strong>Saturs:<\/strong> 1 kg<\/p>\n<p><strong>Materi\u0101ls:<\/strong> smiltis, akme\u0146i, m\u0101ls<\/p>\n<p><strong>Kr\u0101sa:<\/strong> b\u0113\u0161s<\/p>\n<p><strong>Apraksts:<\/strong> \u0160\u012b tuksne\u0161a augsne sast\u0101v galvenok\u0101rt no smilts, m\u0101la un da\u017eiem akme\u0146iem.<br \/>\nT\u0101 ir dabiska augsne vis\u0101m skudru sug\u0101m, kas dz\u012bvo tuksne\u0161a vai Vidusj\u016bras re\u0123ionos.<\/p>\n<p><strong>Pieteikums:<\/strong> ligzdas un ar\u0113nas laukuma ier\u012bko\u0161anai var izmantot augsni!<\/p>\n<p><strong>Piez\u012bme:<\/strong> t\u0101 k\u0101 tas ir t\u012bri dabisks produkts, var b\u016bt nelielas at\u0161\u0137ir\u012bbas kr\u0101s\u0101 un strukt\u016br\u0101, ko m\u0113s nevaram ietekm\u0113t.<\/p>\n<p><strong>Svar\u012bgi:<\/strong> Pirms lieto\u0161anas substr\u0101tu samitriniet, lai mais\u012bjums var\u0113tu savienoties un nostiprin\u0101ties skudru ferm\u0101. Turkl\u0101t p\u0101r\u0101k sauss un putek\u013cains substr\u0101ts var izrais\u012bt skudru elpo\u0161anas ce\u013cu nosprostojumu, un slikt\u0101kaj\u0101 gad\u012bjum\u0101 dz\u012bvnieki var aizdusa.<\/p>","protected":false},"excerpt":{"rendered":"<p>Dabiskais \u012bpa\u0161ais biotops augsne\/ substr\u0101ts<\/p>","protected":false},"featured_media":5509,"comment_status":"open","ping_status":"closed","template":"","meta":{"_acf_changed":false,"content-type":"","_monsterinsights_skip_tracking":false,"_monsterinsights_sitenote_active":false,"_monsterinsights_sitenote_note":"","_monsterinsights_sitenote_category":0},"product_brand":[],"product_cat":[96],"product_tag":[],"class_list":{"0":"post-2840","1":"product","2":"type-product","3":"status-publish","4":"has-post-thumbnail","6":"product_cat-soil","8":"first","9":"instock","10":"taxable","11":"shipping-taxable","12":"purchasable","13":"product-type-simple"},"acf":[],"aioseo_notices":[],"jetpack_sharing_enabled":true,"_links":{"self":[{"href":"https:\/\/antcube.shop\/lv\/wp-json\/wp\/v2\/product\/2840","targetHints":{"allow":["GET"]}}],"collection":[{"href":"https:\/\/antcube.shop\/lv\/wp-json\/wp\/v2\/product"}],"about":[{"href":"https:\/\/antcube.shop\/lv\/wp-json\/wp\/v2\/types\/product"}],"replies":[{"embeddable":true,"href":"https:\/\/antcube.shop\/lv\/wp-json\/wp\/v2\/comments?post=2840"}],"wp:featuredmedia":[{"embeddable":true,"href":"https:\/\/antcube.shop\/lv\/wp-json\/wp\/v2\/media\/5509"}],"wp:attachment":[{"href":"https:\/\/antcube.shop\/lv\/wp-json\/wp\/v2\/media?parent=2840"}],"wp:term":[{"taxonomy":"product_brand","embeddable":true,"href":"https:\/\/antcube.shop\/lv\/wp-json\/wp\/v2\/product_brand?post=2840"},{"taxonomy":"product_cat","embeddable":true,"href":"https:\/\/antcube.shop\/lv\/wp-json\/wp\/v2\/product_cat?post=2840"},{"taxonomy":"product_tag","embeddable":true,"href":"https:\/\/antcube.shop\/lv\/wp-json\/wp\/v2\/product_tag?post=2840"}],"curies":[{"name":"wp","href":"https:\/\/api.w.org\/{rel}","templated":true}]}}