{"id":2839,"date":"2021-10-13T18:37:12","date_gmt":"2021-10-13T16:37:12","guid":{"rendered":"https:\/\/antcube.shop\/produkt\/bodengrund-regenwald-1-kg\/"},"modified":"2026-04-14T11:48:56","modified_gmt":"2026-04-14T09:48:56","slug":"bodengrund-regenwald-1-kg","status":"publish","type":"product","link":"https:\/\/antcube.shop\/lv\/products\/bodengrund-regenwald-1-kg\/","title":{"rendered":"Substr\u0101ts - Rainforest - 1 kg"},"content":{"rendered":"<p><strong>Saturs:<\/strong> 1 kg<\/p>\n<p><strong>Materi\u0101ls:<\/strong> smiltis, k\u016bdra, humuss, m\u0101ls<\/p>\n<p><strong>Kr\u0101sa:<\/strong> br\u016bns, b\u0113\u0161s<\/p>\n<p><strong>Apraksts:<\/strong> \u0160\u012b dabisk\u0101 tropisko me\u017eu augsne sast\u0101v no smilts, k\u016bdras, humusa un m\u0101la mais\u012bjuma.<br \/>\nTaj\u0101 ir nedaudz maz\u0101ks m\u0101la saturs nek\u0101 parastaj\u0101 lietus me\u017eu augsn\u0113, ta\u010du tas atvieglo skudru rak\u0161anu, un skudras to daudz lab\u0101k pie\u0146em. T\u0101 ir piem\u0113rota vis\u0101m skudru sug\u0101m, kas dz\u012bvo lietus me\u017eu augsn\u0113 vai visp\u0101r mitr\u0101 tropu biotop\u0101.<\/p>\n<p><strong>Pieteikums:<\/strong> Augsnes rak\u0161anu var izmantot ligzdas un ar\u0113nas laukumam!<\/p>\n<p><strong>Piez\u012bme:<\/strong> t\u0101 k\u0101 tas ir t\u012brs dabisks produkts, var b\u016bt nelielas at\u0161\u0137ir\u012bbas kr\u0101s\u0101 un strukt\u016br\u0101, ko m\u0113s nevaram ietekm\u0113t.<\/p>\n<p><strong>Svar\u012bgi:<\/strong> Pirms lieto\u0161anas substr\u0101tu samitriniet, lai mais\u012bjums var\u0113tu savienoties un nostiprin\u0101ties skudru ferm\u0101. Turkl\u0101t p\u0101r\u0101k sauss un putek\u013cains substr\u0101ts var izrais\u012bt skudru elpo\u0161anas ce\u013cu nosprostojumu, un slikt\u0101kaj\u0101 gad\u012bjum\u0101 dz\u012bvnieki var aizdusa.<\/p>","protected":false},"excerpt":{"rendered":"<p>Dabiskais \u012bpa\u0161ais biotops augsne\/ substr\u0101ts<\/p>","protected":false},"featured_media":5501,"comment_status":"open","ping_status":"closed","template":"","meta":{"_acf_changed":false,"content-type":"","_monsterinsights_skip_tracking":false,"_monsterinsights_sitenote_active":false,"_monsterinsights_sitenote_note":"","_monsterinsights_sitenote_category":0},"product_brand":[],"product_cat":[96],"product_tag":[],"class_list":{"0":"post-2839","1":"product","2":"type-product","3":"status-publish","4":"has-post-thumbnail","6":"product_cat-soil","8":"first","9":"instock","10":"taxable","11":"shipping-taxable","12":"purchasable","13":"product-type-simple"},"acf":[],"aioseo_notices":[],"jetpack_sharing_enabled":true,"_links":{"self":[{"href":"https:\/\/antcube.shop\/lv\/wp-json\/wp\/v2\/product\/2839","targetHints":{"allow":["GET"]}}],"collection":[{"href":"https:\/\/antcube.shop\/lv\/wp-json\/wp\/v2\/product"}],"about":[{"href":"https:\/\/antcube.shop\/lv\/wp-json\/wp\/v2\/types\/product"}],"replies":[{"embeddable":true,"href":"https:\/\/antcube.shop\/lv\/wp-json\/wp\/v2\/comments?post=2839"}],"wp:featuredmedia":[{"embeddable":true,"href":"https:\/\/antcube.shop\/lv\/wp-json\/wp\/v2\/media\/5501"}],"wp:attachment":[{"href":"https:\/\/antcube.shop\/lv\/wp-json\/wp\/v2\/media?parent=2839"}],"wp:term":[{"taxonomy":"product_brand","embeddable":true,"href":"https:\/\/antcube.shop\/lv\/wp-json\/wp\/v2\/product_brand?post=2839"},{"taxonomy":"product_cat","embeddable":true,"href":"https:\/\/antcube.shop\/lv\/wp-json\/wp\/v2\/product_cat?post=2839"},{"taxonomy":"product_tag","embeddable":true,"href":"https:\/\/antcube.shop\/lv\/wp-json\/wp\/v2\/product_tag?post=2839"}],"curies":[{"name":"wp","href":"https:\/\/api.w.org\/{rel}","templated":true}]}}