{"id":2836,"date":"2021-10-13T18:36:44","date_gmt":"2021-10-13T16:36:44","guid":{"rendered":"https:\/\/antcube.shop\/produkt\/fotoruckwand-wuste-20x10-quer\/"},"modified":"2026-04-03T17:08:06","modified_gmt":"2026-04-03T15:08:06","slug":"fotoruckwand-wuste-20x10-quer","status":"publish","type":"product","link":"https:\/\/antcube.shop\/lv\/products\/fotoruckwand-wuste-20x10-quer\/","title":{"rendered":"Foto aizmugures siena - Tuksnesis - 20\u00d710 - ainava"},"content":{"rendered":"<p><strong>Izm\u0113ri:<\/strong> 20x10cm<\/p>\n<p><strong>Materi\u0101ls:<\/strong> Glanc\u0113ts folijas pap\u012brs<\/p>\n<p><strong>Saturs:<\/strong> 1x foto aizmugur\u0113j\u0101 siena<\/p>\n<p><strong>Apraksts:<\/strong> \u0160\u012b foto aizmugur\u0113j\u0101 siena ir piel\u012bm\u0113ta pie formik\u0101rija aizmugures no \u0101rpuses, lai rad\u012btu iespaidu par vidi, kas atbilst skudru dabiskajai dz\u012bves videi.<\/p>","protected":false},"excerpt":{"rendered":"<p>Materi\u0101ls: Glanc\u0113ts folijas pap\u012brs<\/p>","protected":false},"featured_media":5544,"comment_status":"open","ping_status":"closed","template":"","meta":{"_acf_changed":false,"content-type":"","_monsterinsights_skip_tracking":false,"_monsterinsights_sitenote_active":false,"_monsterinsights_sitenote_note":"","_monsterinsights_sitenote_category":0},"product_brand":[],"product_cat":[97,104],"product_tag":[],"class_list":{"0":"post-2836","1":"product","2":"type-product","3":"status-publish","4":"has-post-thumbnail","6":"product_cat-photo-backwalls","7":"product_cat-desert-photo-backwall","9":"first","10":"instock","11":"taxable","12":"shipping-taxable","13":"purchasable","14":"product-type-simple"},"acf":[],"aioseo_notices":[],"jetpack_sharing_enabled":true,"_links":{"self":[{"href":"https:\/\/antcube.shop\/lv\/wp-json\/wp\/v2\/product\/2836","targetHints":{"allow":["GET"]}}],"collection":[{"href":"https:\/\/antcube.shop\/lv\/wp-json\/wp\/v2\/product"}],"about":[{"href":"https:\/\/antcube.shop\/lv\/wp-json\/wp\/v2\/types\/product"}],"replies":[{"embeddable":true,"href":"https:\/\/antcube.shop\/lv\/wp-json\/wp\/v2\/comments?post=2836"}],"wp:featuredmedia":[{"embeddable":true,"href":"https:\/\/antcube.shop\/lv\/wp-json\/wp\/v2\/media\/5544"}],"wp:attachment":[{"href":"https:\/\/antcube.shop\/lv\/wp-json\/wp\/v2\/media?parent=2836"}],"wp:term":[{"taxonomy":"product_brand","embeddable":true,"href":"https:\/\/antcube.shop\/lv\/wp-json\/wp\/v2\/product_brand?post=2836"},{"taxonomy":"product_cat","embeddable":true,"href":"https:\/\/antcube.shop\/lv\/wp-json\/wp\/v2\/product_cat?post=2836"},{"taxonomy":"product_tag","embeddable":true,"href":"https:\/\/antcube.shop\/lv\/wp-json\/wp\/v2\/product_tag?post=2836"}],"curies":[{"name":"wp","href":"https:\/\/api.w.org\/{rel}","templated":true}]}}