{"id":2832,"date":"2021-10-13T18:36:05","date_gmt":"2021-10-13T16:36:05","guid":{"rendered":"https:\/\/antcube.shop\/produkt\/formicarienkappe-fur-16mm-buchse\/"},"modified":"2026-03-23T10:47:40","modified_gmt":"2026-03-23T09:47:40","slug":"formicarienkappe-fur-16mm-buchse","status":"publish","type":"product","link":"https:\/\/antcube.shop\/lv\/products\/formicarienkappe-fur-16mm-buchse\/","title":{"rendered":"Formi\u0137iera v\u0101ci\u0146\u0161 16 mm ligzdai"},"content":{"rendered":"<p><strong>Daudzums:<\/strong> 1 gab.<\/p>\n<p><strong>Izm\u0113ri:<\/strong> 19 x 15 mm<\/p>\n<p><strong>Materi\u0101ls:<\/strong> PE plastmasa<\/p>\n<p><strong>Kr\u0101sa:<\/strong> caursp\u012bd\u012bgs, pienains<\/p>\n<p><strong>Apraksts:<\/strong> 16 mm ligzdu aizv\u0113r\u0161anai, piem\u0113ram, m\u016bsu L-Antfarms savienojuma ligzd\u0101m.<\/p>","protected":false},"excerpt":{"rendered":"<p>Daudzums: Izm\u0113ri: 1 gab: 19 x 15 mm Materi\u0101ls: Materi\u0101ls: PE plastmasa Kr\u0101sa: caursp\u012bd\u012bga, pienaina Apraksts: L izm\u0113rs: caursp\u012bd\u012bgs, caursp\u012bd\u012bgs, caursp\u012bd\u012bgs, caursp\u012bd\u012bgs, caursp\u012bd\u012bgs, caursp\u012bd\u012bgs.<\/p>","protected":false},"featured_media":341,"comment_status":"open","ping_status":"closed","template":"","meta":{"_acf_changed":false,"content-type":"","_monsterinsights_skip_tracking":false,"_monsterinsights_sitenote_active":false,"_monsterinsights_sitenote_note":"","_monsterinsights_sitenote_category":0},"product_brand":[],"product_cat":[238],"product_tag":[],"class_list":{"0":"post-2832","1":"product","2":"type-product","3":"status-publish","4":"has-post-thumbnail","6":"product_cat-grid-caps-plugs-and-inserts","8":"first","9":"instock","10":"taxable","11":"shipping-taxable","12":"purchasable","13":"product-type-simple"},"acf":[],"aioseo_notices":[],"jetpack_sharing_enabled":true,"_links":{"self":[{"href":"https:\/\/antcube.shop\/lv\/wp-json\/wp\/v2\/product\/2832","targetHints":{"allow":["GET"]}}],"collection":[{"href":"https:\/\/antcube.shop\/lv\/wp-json\/wp\/v2\/product"}],"about":[{"href":"https:\/\/antcube.shop\/lv\/wp-json\/wp\/v2\/types\/product"}],"replies":[{"embeddable":true,"href":"https:\/\/antcube.shop\/lv\/wp-json\/wp\/v2\/comments?post=2832"}],"wp:featuredmedia":[{"embeddable":true,"href":"https:\/\/antcube.shop\/lv\/wp-json\/wp\/v2\/media\/341"}],"wp:attachment":[{"href":"https:\/\/antcube.shop\/lv\/wp-json\/wp\/v2\/media?parent=2832"}],"wp:term":[{"taxonomy":"product_brand","embeddable":true,"href":"https:\/\/antcube.shop\/lv\/wp-json\/wp\/v2\/product_brand?post=2832"},{"taxonomy":"product_cat","embeddable":true,"href":"https:\/\/antcube.shop\/lv\/wp-json\/wp\/v2\/product_cat?post=2832"},{"taxonomy":"product_tag","embeddable":true,"href":"https:\/\/antcube.shop\/lv\/wp-json\/wp\/v2\/product_tag?post=2832"}],"curies":[{"name":"wp","href":"https:\/\/api.w.org\/{rel}","templated":true}]}}