{"id":2829,"date":"2021-10-13T18:35:37","date_gmt":"2021-10-13T16:35:37","guid":{"rendered":"https:\/\/antcube.shop\/produkt\/formicarienstopfen-fur-50mm-bohrung\/"},"modified":"2026-04-05T20:47:14","modified_gmt":"2026-04-05T18:47:14","slug":"formicarium-plug-for-50mm-hole","status":"publish","type":"product","link":"https:\/\/antcube.shop\/lv\/products\/formicarium-plug-for-50mm-hole\/","title":{"rendered":"Formik\u0101rija aizb\u0101zni 50 mm caurumam"},"content":{"rendered":"<p><strong>Daudzums:<\/strong> 1 gab.<\/p>\n<p><strong>Izm\u0113ri:<\/strong> 59 x 10 mm<\/p>\n<p><strong>Materi\u0101ls:<\/strong> PE plastmasa<\/p>\n<p><strong>Kr\u0101sa:<\/strong> caursp\u012bd\u012bgs, pienains<\/p>\n<p><strong>Apraksts:<\/strong> Apa\u013cu atveru aizv\u0113r\u0161anai formik\u0101rijos ar 27 mm diametru.<\/p>\n<p><strong>P\u0113c izv\u0113les ar caurumu:<\/strong><br \/>\n- 20 mm caurums ir piem\u0113rots tvertnes caurules savienot\u0101jiem 27 mm - 14, 16, 20 mm - caursp\u012bd\u012bgs.<br \/>\n- 27 mm caurums piem\u0113rots 3\/4 collu un M25 veidgabaliem<\/p>","protected":false},"excerpt":{"rendered":"<p>Daudzums: Izm\u0113ri: 1 gab: 59 x 10 mm Materi\u0101ls: Materi\u0101ls: PE plastmasa Kr\u0101sa: caursp\u012bd\u012bga, pienaina Apraksts: Paredz\u0113ts apa\u013co atveru aizv\u0113r\u0161anai formik\u0101rijos ar 50 mm diametru. P\u0113c izv\u0113les ar caurumu: - 20 mm caurums piem\u0113rots tvertnes caurules savienot\u0101jiem 27 mm - 14, 16, 20 mm - caursp\u012bd\u012bgs. - 27 mm caurums piem\u0113rots 3\/4 collu un M25 savienot\u0101jelementiem.<\/p>","protected":false},"featured_media":343,"comment_status":"open","ping_status":"closed","template":"","meta":{"_acf_changed":false,"content-type":"","_monsterinsights_skip_tracking":false,"_monsterinsights_sitenote_active":false,"_monsterinsights_sitenote_note":"","_monsterinsights_sitenote_category":0},"product_brand":[],"product_cat":[238],"product_tag":[],"class_list":{"0":"post-2829","1":"product","2":"type-product","3":"status-publish","4":"has-post-thumbnail","6":"product_cat-grid-caps-plugs-and-inserts","8":"first","9":"instock","10":"taxable","11":"shipping-taxable","12":"purchasable","13":"product-type-simple"},"acf":[],"aioseo_notices":[],"jetpack_sharing_enabled":true,"_links":{"self":[{"href":"https:\/\/antcube.shop\/lv\/wp-json\/wp\/v2\/product\/2829","targetHints":{"allow":["GET"]}}],"collection":[{"href":"https:\/\/antcube.shop\/lv\/wp-json\/wp\/v2\/product"}],"about":[{"href":"https:\/\/antcube.shop\/lv\/wp-json\/wp\/v2\/types\/product"}],"replies":[{"embeddable":true,"href":"https:\/\/antcube.shop\/lv\/wp-json\/wp\/v2\/comments?post=2829"}],"wp:featuredmedia":[{"embeddable":true,"href":"https:\/\/antcube.shop\/lv\/wp-json\/wp\/v2\/media\/343"}],"wp:attachment":[{"href":"https:\/\/antcube.shop\/lv\/wp-json\/wp\/v2\/media?parent=2829"}],"wp:term":[{"taxonomy":"product_brand","embeddable":true,"href":"https:\/\/antcube.shop\/lv\/wp-json\/wp\/v2\/product_brand?post=2829"},{"taxonomy":"product_cat","embeddable":true,"href":"https:\/\/antcube.shop\/lv\/wp-json\/wp\/v2\/product_cat?post=2829"},{"taxonomy":"product_tag","embeddable":true,"href":"https:\/\/antcube.shop\/lv\/wp-json\/wp\/v2\/product_tag?post=2829"}],"curies":[{"name":"wp","href":"https:\/\/api.w.org\/{rel}","templated":true}]}}