{"id":2826,"date":"2021-10-13T18:34:38","date_gmt":"2021-10-13T16:34:38","guid":{"rendered":"https:\/\/antcube.shop\/produkt\/schaumstoffwischer-150x18x25mm-5er-pack\/"},"modified":"2026-04-21T18:47:13","modified_gmt":"2026-04-21T16:47:13","slug":"schaumstoffwischer-150x18x25mm-5er-pack","status":"publish","type":"product","link":"https:\/\/antcube.shop\/lv\/products\/schaumstoffwischer-150x18x25mm-5er-pack\/","title":{"rendered":"Putu t\u012br\u012bt\u0101js 150x18x2,5mm - 5 gab. iepakojum\u0101"},"content":{"rendered":"<p><strong>Izm\u0113ri:<\/strong> 150 mm garums, putuplasta galva 40x40x20 mm.<\/p>\n<p><strong>Daudzums:<\/strong> 5 gab.<\/p>\n<p><strong>Materi\u0101ls:<\/strong> putas, PS<\/p>\n<p><strong>Apraksts:<\/strong><br \/>\nPutu t\u012br\u012bt\u0101js ar kvadr\u0101tveida galvu da\u017e\u0101diem lietojumiem.<br \/>\nPiem\u0113ri:<br \/>\n1.) logu t\u012br\u012b\u0161anai.<\/p>\n<p>2.) K\u0101 medus s\u016bklis<\/p>\n<p>3.) K\u0101 dzeramais trauks, jo tas s\u016bc \u016bdeni.<\/p>\n<p>4.) uzkl\u0101t izlau\u0161an\u0101s aizsardz\u012bbas e\u013c\u013cu<\/p>\n<p>&nbsp;<\/p>","protected":false},"excerpt":{"rendered":"<p>Izm\u0113ri: 150 mm garums, putuplasta galva 40x40x20 mm. Daudzums: Komplekt\u0101cija: 5 gab. Materi\u0101ls: putas, PS Apraksts: Putu t\u012br\u012bt\u0101js ar kvadr\u0101tveida galvi\u0146u da\u017e\u0101diem pielietojumiem. Piem\u0113ri: 1.) logu t\u012br\u012b\u0161anai. 2.) K\u0101 medus s\u016bklis 3.) K\u0101 dzeramais trauks, jo tas ies\u016bc \u016bdeni 4.) lai uzkl\u0101tu aizsarg\u0101jo\u0161u e\u013c\u013cu pret izlau\u0161anos. &nbsp;<\/p>","protected":false},"featured_media":307,"comment_status":"open","ping_status":"closed","template":"","meta":{"_acf_changed":false,"content-type":"","_monsterinsights_skip_tracking":false,"_monsterinsights_sitenote_active":false,"_monsterinsights_sitenote_note":"","_monsterinsights_sitenote_category":0},"product_brand":[],"product_cat":[237],"product_tag":[],"class_list":{"0":"post-2826","1":"product","2":"type-product","3":"status-publish","4":"has-post-thumbnail","6":"product_cat-tools","8":"first","9":"instock","10":"taxable","11":"shipping-taxable","12":"purchasable","13":"product-type-simple"},"acf":[],"aioseo_notices":[],"jetpack_sharing_enabled":true,"_links":{"self":[{"href":"https:\/\/antcube.shop\/lv\/wp-json\/wp\/v2\/product\/2826","targetHints":{"allow":["GET"]}}],"collection":[{"href":"https:\/\/antcube.shop\/lv\/wp-json\/wp\/v2\/product"}],"about":[{"href":"https:\/\/antcube.shop\/lv\/wp-json\/wp\/v2\/types\/product"}],"replies":[{"embeddable":true,"href":"https:\/\/antcube.shop\/lv\/wp-json\/wp\/v2\/comments?post=2826"}],"wp:featuredmedia":[{"embeddable":true,"href":"https:\/\/antcube.shop\/lv\/wp-json\/wp\/v2\/media\/307"}],"wp:attachment":[{"href":"https:\/\/antcube.shop\/lv\/wp-json\/wp\/v2\/media?parent=2826"}],"wp:term":[{"taxonomy":"product_brand","embeddable":true,"href":"https:\/\/antcube.shop\/lv\/wp-json\/wp\/v2\/product_brand?post=2826"},{"taxonomy":"product_cat","embeddable":true,"href":"https:\/\/antcube.shop\/lv\/wp-json\/wp\/v2\/product_cat?post=2826"},{"taxonomy":"product_tag","embeddable":true,"href":"https:\/\/antcube.shop\/lv\/wp-json\/wp\/v2\/product_tag?post=2826"}],"curies":[{"name":"wp","href":"https:\/\/api.w.org\/{rel}","templated":true}]}}