{"id":2825,"date":"2021-10-13T18:33:32","date_gmt":"2021-10-13T16:33:32","guid":{"rendered":"https:\/\/antcube.shop\/produkt\/ytongnest-20x20\/"},"modified":"2026-04-16T20:25:13","modified_gmt":"2026-04-16T18:25:13","slug":"20x20","status":"publish","type":"product","link":"https:\/\/antcube.shop\/lv\/products\/20x20\/","title":{"rendered":"Ytongnest - 20\u00d720"},"content":{"rendered":"<p><strong>Materi\u0101ls:<\/strong> g\u0101zbetons, stikls, plastmasa PMMA un PVC.<\/p>\n<p><strong>Savienojums:<\/strong> 2x 14 mm caurumi<\/p>\n<p><strong>Saturs:<\/strong><br \/>\n1x g\u0101zbetona bloks 40x20x5 cm ar 20 mm dzi\u013c\u0101m kamer\u0101m.<br \/>\n1x stikla pl\u0101ksne 20\u00d720 cm ar 50 mm atv\u0113rumu<br \/>\n1x 50 mm gredzens ar 27 mm atveri<br \/>\n2x Formicarium kontaktdak\u0161a 13 mm<br \/>\n1x Formicarium kontaktdak\u0161a 27 mm<\/p>\n<p><strong>Apraksts:<\/strong><br \/>\nYtong ir z\u012bmols, bet pa\u0161u materi\u0101lu sauc par g\u0101zbetonu.<br \/>\nPateicoties \u016bdens aiztur\u0113\u0161anas \u012bpa\u0161\u012bb\u0101m, materi\u0101ls ir labi piem\u0113rots skudru tur\u0113\u0161anai.<br \/>\nTaj\u0101 var uztur\u0113ties liels skaits degunrad\u017eu sugu gan no sausiem, gan mitriem biotopiem.<br \/>\nAtkar\u012bb\u0101 no skudru sugas ieteicams kameras dibenu apkl\u0101t ar augsnes substr\u0101tu. Da\u017eas sugas \u0161\u0101d\u0101 veid\u0101 j\u016btas \u0113rt\u0101k, un, piem\u0113ram, Ponerinae sug\u0101m (Ura skudr\u0101m) ir nepiecie\u0161ama augsne, lai to k\u0101puri var\u0113tu pien\u0101c\u012bgi ieperin\u0101ties.<br \/>\nM\u0113s iesak\u0101m pie ligzdas piestiprin\u0101t ar\u0113nu, lai to izmantotu k\u0101 pilnv\u0113rt\u012bgu formik\u0101riju.<\/p>\n<p><strong>Padoms:<\/strong><br \/>\nLai nov\u0113rstu \u016bdens nopl\u016bdi no Ytong p\u0113c tam, kad tas ir samitrin\u0101jis ligzdas laukumu, un t\u0101 uzkr\u0101\u0161anos uz zem\u0101k eso\u0161o m\u0113be\u013cu virsmas vai ar\u012b lai raupjais materi\u0101ls nesaskr\u0101p\u0113tu virsmas, m\u0113s iesak\u0101m pas\u016bt\u012bt vienu no m\u016bsu saska\u0146otaj\u0101m stikla vanni\u0146\u0101m, kas ir piem\u0113rota m\u016bsu Ytong ligzd\u0101m. T\u0101s ir \u016bdensnecaurlaid\u012bgas un t\u0101d\u0113j\u0101di efekt\u012bvi aizsarg\u0101 zem t\u0101m eso\u0161\u0101s virsmas no \u016bdens un skr\u0101p\u0113jumiem.<\/p>\n<p><strong>Lieto\u0161ana:<\/strong><br \/>\n<strong>M - L lieluma skudru sug\u0101m.<\/strong><br \/>\nG\u0101zbetons ir \u013coti trausls un trausls materi\u0101ls. T\u0101p\u0113c ra\u017eo\u0161anas procesa d\u0113\u013c nav iesp\u0113jams nov\u0113rst nelielu l\u016bzumu un nel\u012bdzenumu ra\u0161anos st\u016bros un mal\u0101s.<br \/>\nT\u0101p\u0113c Ytong ligzdas nav piem\u0113rotas \u013coti maz\u0101m S izm\u0113ra skudru sug\u0101m, jo \u0161\u012bs sugas \u0161eit var\u0113tu viegli izlauzties.<\/p>","protected":false},"excerpt":{"rendered":"<p>Savienojums: 2x 14 mm atv\u0113rums<br \/>\nIzm\u0113rs: <strong><span style=\"color: #339966;\">M<\/span><\/strong><strong> &#8211; <span style=\"color: #0000ff;\">L<\/span><\/strong><\/p>","protected":false},"featured_media":3010,"comment_status":"open","ping_status":"closed","template":"","meta":{"_acf_changed":false,"content-type":"","_monsterinsights_skip_tracking":false,"_monsterinsights_sitenote_active":false,"_monsterinsights_sitenote_note":"","_monsterinsights_sitenote_category":0},"product_brand":[],"product_cat":[80,86],"product_tag":[],"class_list":{"0":"post-2825","1":"product","2":"type-product","3":"status-publish","4":"has-post-thumbnail","6":"product_cat-antfarms","7":"product_cat-formicariums","9":"first","10":"instock","11":"taxable","12":"shipping-taxable","13":"purchasable","14":"product-type-simple"},"acf":[],"aioseo_notices":[],"jetpack_sharing_enabled":true,"_links":{"self":[{"href":"https:\/\/antcube.shop\/lv\/wp-json\/wp\/v2\/product\/2825","targetHints":{"allow":["GET"]}}],"collection":[{"href":"https:\/\/antcube.shop\/lv\/wp-json\/wp\/v2\/product"}],"about":[{"href":"https:\/\/antcube.shop\/lv\/wp-json\/wp\/v2\/types\/product"}],"replies":[{"embeddable":true,"href":"https:\/\/antcube.shop\/lv\/wp-json\/wp\/v2\/comments?post=2825"}],"wp:featuredmedia":[{"embeddable":true,"href":"https:\/\/antcube.shop\/lv\/wp-json\/wp\/v2\/media\/3010"}],"wp:attachment":[{"href":"https:\/\/antcube.shop\/lv\/wp-json\/wp\/v2\/media?parent=2825"}],"wp:term":[{"taxonomy":"product_brand","embeddable":true,"href":"https:\/\/antcube.shop\/lv\/wp-json\/wp\/v2\/product_brand?post=2825"},{"taxonomy":"product_cat","embeddable":true,"href":"https:\/\/antcube.shop\/lv\/wp-json\/wp\/v2\/product_cat?post=2825"},{"taxonomy":"product_tag","embeddable":true,"href":"https:\/\/antcube.shop\/lv\/wp-json\/wp\/v2\/product_tag?post=2825"}],"curies":[{"name":"wp","href":"https:\/\/api.w.org\/{rel}","templated":true}]}}