{"id":2824,"date":"2021-10-13T18:33:13","date_gmt":"2021-10-13T16:33:13","guid":{"rendered":"https:\/\/antcube.shop\/produkt\/food-mix-set-fur-kornersammler\/"},"modified":"2026-03-31T09:51:39","modified_gmt":"2026-03-31T07:51:39","slug":"food-mix-set-fur-kornersammler","status":"publish","type":"product","link":"https:\/\/antcube.shop\/lv\/products\/food-mix-set-fur-kornersammler\/","title":{"rendered":"P\u0101rtikas mais\u012bjumu komplekts - graudus v\u0101co\u0161\u0101m skudr\u0101m"},"content":{"rendered":"<p><strong>Saturs:<\/strong> 2 ml uz barotavas caurul\u012bti<br \/>\n2x graudu bar\u012bba Minor (Mi)<br \/>\n1x graudu p\u0101rtika Mediji (Me)<br \/>\n1x graudu p\u0101rtika Major (Ma)<br \/>\n1x ziedu putek\u0161\u0146i (B)<br \/>\n1x og\u013chidr\u0101tu bar\u012bba (K)<br \/>\n2x prote\u012bnu bar\u012bba (PP)<br \/>\n1x olbaltumvielu bar\u012bba FD kukai\u0146i Pi)<br \/>\n1x aug\u013cu bar\u012bba (F)<\/p>\n<p><span data-text-color=\"alert\"><strong>Uzman\u012bbu:<\/strong> <\/span>L\u016bdzu, sajauciet pulveri ar pilienu \u016bdens, jo saus\u0101 veid\u0101 dz\u012bvnieki to nepie\u0146em!<\/p>\n<p><strong>Apraksts:<\/strong> \u0160is ir bar\u012bbas komplekts graudus v\u0101co\u0161\u0101m sug\u0101m, piem\u0113ram, Messor \u0123intij, un taj\u0101 ir olbaltumvielas, og\u013chidr\u0101ti un graudi\/s\u0113klas vis\u0101m darba kast\u0113m. T\u0101 k\u0101 atsevi\u0161\u0137as bar\u012bbas devas ir atsevi\u0161\u0137\u0101s m\u0113\u0123en\u0113s, t\u0101s ir viegli doz\u0113jamas.<\/p>\n<p><strong>Lieto\u0161ana \/ pielietojums:<\/strong><br \/>\nOlbaltumvielu bar\u012bba = kukai\u0146\u0113d\u0101ju skudru (Eulipotyphla) sug\u0101m.<br \/>\nT\u0101 ir papildbar\u012bba (bar\u012bbas mais\u012bjums).<br \/>\nTas j\u0101sajauc ar pilienu \u016bdens, un tad mitr\u0101 veid\u0101 to var uzglab\u0101t tikai 1 dienu. Pirms atk\u0101rtotas lieto\u0161anas r\u016bp\u012bgi izt\u012briet barotavu\/caurul\u012bti.<br \/>\nAtv\u0113rt\u0101 iepakojum\u0101 l\u012bdz nor\u0101d\u012btajam der\u012bguma termi\u0146am (der\u012bguma termi\u0146\u0161) j\u0101izlieto labi nosl\u0113gts (ja tas tiek uzglab\u0101ts saus\u0101 veid\u0101).<\/p>\n<p>Prote\u012bnu bar\u012bba FD = kukai\u0146\u0113d\u0101ju skudru sug\u0101m (Eulipotyphla)<br \/>\nT\u0101 ir papildbar\u012bba (bar\u012bbas mais\u012bjums).<br \/>\nTas j\u0101sajauc ar pilienu \u016bdens, un tad to var uzglab\u0101t tikai 1 dienu, kad tas ir slapj\u0161. Pirms atk\u0101rtotas lieto\u0161anas r\u016bp\u012bgi izt\u012briet barotavu\/caurul\u012bti.<br \/>\nAtv\u0113rt\u0101 iepakojum\u0101 l\u012bdz nor\u0101d\u012btajam der\u012bguma termi\u0146am (der\u012bguma termi\u0146\u0161) j\u0101izlieto labi nosl\u0113gts (ja tas tiek uzglab\u0101ts saus\u0101 veid\u0101).<\/p>\n<p>Og\u013chidr\u0101tu bar\u012bba = cukuru\/medu \u0113do\u0161\u0101m skudru sug\u0101m<br \/>\nT\u0101 ir papildbar\u012bba (bar\u012bbas mais\u012bjums).<br \/>\nTo var sajaukt ar pilienu \u016bdens, un mitr\u0101 veid\u0101 t\u0101 der\u012bguma termi\u0146\u0161 ir 3 dienas. Pirms atk\u0101rtotas lieto\u0161anas r\u016bp\u012bgi izt\u012briet barotavu\/caurul\u012bti.<br \/>\nAtv\u0113rtu iepakojumu dr\u012bkst lietot labi nosl\u0113gtu (ja tas tiek uzglab\u0101ts saus\u0101 veid\u0101) l\u012bdz nor\u0101d\u012btajam der\u012bguma termi\u0146am.<\/p>\n<p>Aug\u013cu bar\u012bba = aug\u013c\u0113d\u0101ju (aug\u013c\u0113d\u0101ju) sug\u0101m.<br \/>\nT\u0101 ir papildbar\u012bba (vienreiz\u0113j\u0101 bar\u012bba).<br \/>\nTo var sajaukt ar pilienu \u016bdens, un mitr\u0101 veid\u0101 t\u0101 der\u012bguma termi\u0146\u0161 ir 3 dienas. Pirms atk\u0101rtotas lieto\u0161anas r\u016bp\u012bgi izt\u012briet barotavu\/caurul\u012bti.<br \/>\nAtv\u0113rtu iepakojumu dr\u012bkst lietot labi nosl\u0113gtu (ja tas tiek uzglab\u0101ts saus\u0101 veid\u0101) l\u012bdz nor\u0101d\u012btajam der\u012bguma termi\u0146am.<\/p>\n<p>Ziedu putek\u0161\u0146i = ziedu putek\u0161\u0146us \u0113do\u0161\u0101m skudru sug\u0101m.<br \/>\nT\u0101 ir papildbar\u012bba (vienreiz\u0113j\u0101 bar\u012bba).<br \/>\nTo var pied\u0101v\u0101t dz\u012bvniekiem pieg\u0101d\u0101t\u0101 st\u0101vokl\u012b. T\u0101 k\u0101 mitrums m\u012bkstina bar\u012bbas konsistenci, bar\u012bba j\u0101maina ik p\u0113c 5 dien\u0101m. Pirms atk\u0101rtotas lieto\u0161anas r\u016bp\u012bgi izt\u012briet bar\u012bbas trauku\/caurul\u012bti.<br \/>\nAtv\u0113rt\u0101 iepakojum\u0101 l\u012bdz nor\u0101d\u012btajam der\u012bguma termi\u0146am (der\u012bguma termi\u0146\u0161) j\u0101izlieto labi nosl\u0113gts (ja tas tiek uzglab\u0101ts saus\u0101 veid\u0101).<\/p>\n<p>Graudu bar\u012bba Minor<br \/>\nGraudu bar\u012bba<br \/>\nGraudaugu bar\u012bba Major = graud\u0113d\u0101ju sug\u0101m = (graud\u0113d\u0101jiem)<br \/>\nT\u0101 ir papildbar\u012bba (bar\u012bbas mais\u012bjums).<br \/>\nTo var pied\u0101v\u0101t dz\u012bvniekiem pieg\u0101d\u0101t\u0101 st\u0101vokl\u012b. Bar\u012bbas trauci\u0146\u0161\/caurule j\u0101novieto saus\u0101 viet\u0101. Mitros apst\u0101k\u013cos graudi (s\u0113klas) var s\u0101kt d\u012bgt. Ja tas tiek paman\u012bts, bar\u012bba j\u0101nomaina.<br \/>\nAtv\u0113rt\u0101 iepakojum\u0101 l\u012bdz nor\u0101d\u012btajam der\u012bguma termi\u0146am (der\u012bguma termi\u0146\u0161) j\u0101izlieto labi nosl\u0113gts (ja tas tiek uzglab\u0101ts saus\u0101 veid\u0101).<\/p>\n<p><strong>Pazi\u0146ojums:<\/strong><br \/>\nInform\u0101cija par baro\u0161anas caurul\u012b\u0161u lieto\u0161anu ir atrodama \u0161eit: Saite .<br \/>\nPilnv\u0113rt\u012bga bar\u012bba graudz\u0113d\u012bg\u0101m skudr\u0101m.<br \/>\nSast\u0101vs, anal\u012btisk\u0101s sast\u0101vda\u013cas, der\u012bguma termi\u0146\u0161 un partijas numurs ir nor\u0101d\u012bts iepakojuma pam\u0101c\u012bb\u0101.<\/p>\n<p>Inform\u0101cijas t\u0101lrunis +49 30 439703870<\/p>\n<p>Atbild\u012bg\u0101 veterin\u0101r\u0101 un p\u0101rtikas uzraudz\u012bbas iest\u0101de:<br \/>\nSteglitz veterin\u0101rais birojs<br \/>\nK\u00f6nigin-Luise-Str. 92<br \/>\n14195 Berl\u012bne<\/p>\n<p>&nbsp;<\/p>","protected":false},"excerpt":{"rendered":"<p>Pilnv\u0113rt\u012bga bar\u012bba<\/p>","protected":false},"featured_media":308,"comment_status":"open","ping_status":"closed","template":"","meta":{"_acf_changed":false,"content-type":"","_monsterinsights_skip_tracking":false,"_monsterinsights_sitenote_active":false,"_monsterinsights_sitenote_note":"","_monsterinsights_sitenote_category":0},"product_brand":[],"product_cat":[115,116],"product_tag":[],"class_list":{"0":"post-2824","1":"product","2":"type-product","3":"status-publish","4":"has-post-thumbnail","6":"product_cat-food-and-feeding","7":"product_cat-food","9":"first","10":"instock","11":"taxable","12":"shipping-taxable","13":"purchasable","14":"product-type-simple"},"acf":[],"aioseo_notices":[],"jetpack_sharing_enabled":true,"_links":{"self":[{"href":"https:\/\/antcube.shop\/lv\/wp-json\/wp\/v2\/product\/2824","targetHints":{"allow":["GET"]}}],"collection":[{"href":"https:\/\/antcube.shop\/lv\/wp-json\/wp\/v2\/product"}],"about":[{"href":"https:\/\/antcube.shop\/lv\/wp-json\/wp\/v2\/types\/product"}],"replies":[{"embeddable":true,"href":"https:\/\/antcube.shop\/lv\/wp-json\/wp\/v2\/comments?post=2824"}],"wp:featuredmedia":[{"embeddable":true,"href":"https:\/\/antcube.shop\/lv\/wp-json\/wp\/v2\/media\/308"}],"wp:attachment":[{"href":"https:\/\/antcube.shop\/lv\/wp-json\/wp\/v2\/media?parent=2824"}],"wp:term":[{"taxonomy":"product_brand","embeddable":true,"href":"https:\/\/antcube.shop\/lv\/wp-json\/wp\/v2\/product_brand?post=2824"},{"taxonomy":"product_cat","embeddable":true,"href":"https:\/\/antcube.shop\/lv\/wp-json\/wp\/v2\/product_cat?post=2824"},{"taxonomy":"product_tag","embeddable":true,"href":"https:\/\/antcube.shop\/lv\/wp-json\/wp\/v2\/product_tag?post=2824"}],"curies":[{"name":"wp","href":"https:\/\/api.w.org\/{rel}","templated":true}]}}