{"id":2823,"date":"2021-10-13T18:33:03","date_gmt":"2021-10-13T16:33:03","guid":{"rendered":"https:\/\/antcube.shop\/produkt\/becken-schlauchverbinder-27mm-14-16-20-mm-transparent\/"},"modified":"2026-04-08T04:42:11","modified_gmt":"2026-04-08T02:42:11","slug":"becken-schlauchverbinder-27mm-14-16-20-mm-transparent","status":"publish","type":"product","link":"https:\/\/antcube.shop\/lv\/products\/becken-schlauchverbinder-27mm-14-16-20-mm-transparent\/","title":{"rendered":"Izlietnes \u0161\u013c\u016btenes savienot\u0101js 27 mm - 14, 16, 20 mm - caursp\u012bd\u012bgs"},"content":{"rendered":"<p><strong>Izm\u0113ri:\u00a0<\/strong><br \/>\nIek\u0161\u0113jais diametrs = 14 mm<br \/>\n\u0100r\u0113jais diametrs = 16 mm (pirm\u0101 pak\u0101pe), 20 mm (otr\u0101 pak\u0101pe)<br \/>\nGarums = 36 mm<\/p>\n<p><strong>Saturs:<\/strong><br \/>\n1x izlietnes \u0161\u013c\u016btenes savienot\u0101js<br \/>\n1x stiprin\u0101juma gredzens<\/p>\n<p><strong>Savienojums:<\/strong><br \/>\nIzlietne : Ietilpst 27 mm (3\/4\u2033) caurumos ar 4 mm biezu sienu!<br \/>\n\u0160\u013c\u016btenes: 14\/10 \u0161\u013c\u016btene ir cie\u0161i ievietota 14 mm kontaktligzd\u0101.<br \/>\n20\/16 caurule ir cie\u0161i piestiprin\u0101ta pie pirm\u0101 16 mm pak\u0101piena.<br \/>\n22\/18 \u0161\u013c\u016btene ir piestiprin\u0101ta pie otr\u0101 20 mm pak\u0101piena.<br \/>\n24\/20 \u0161\u013c\u016btene ir br\u012bvi piestiprin\u0101ta pie otr\u0101 20 mm pak\u0101piena.<\/p>\n<p><strong>Apraksts:<\/strong><br \/>\n\u0160is baseina savienot\u0101js tiks aizb\u0101zts caur 27 mm caurumu ar stikla sienas biezumu 4 mm. Savienot\u0101ju pie stikla baseina piestiprina ar fiks\u0101cijas gredzenu. Caurules ar 14 mm \u0101r\u0113jo diametru vai 16 mm vai 20 mm iek\u0161\u0113jo diametru var pievienot otram uzmavas galam.<\/p>","protected":false},"excerpt":{"rendered":"<p>Izm\u0113ri: Iek\u0161\u0113jais diametrs = 14 mm \u0100r\u0113jais diametrs = 16 mm (pirm\u0101 pak\u0101pe), 20 mm (otr\u0101 pak\u0101pe) Garums = 36 mm Saturs: Sast\u0101vs: 1x izlietnes \u0161\u013c\u016btenes savienot\u0101js 1x fiks\u0101cijas gredzens Savienojums: Izlietne: Piem\u0113rots 27 mm (3\/4\") caurumiem ar 4 mm biezu sienu! \u0160\u013c\u016btenes: 14\/10 \u0161\u013c\u016btene ir cie\u0161i ievietota kontaktligzd\u0101 14 mm 20\/16 caurule ir cie\u0161i piestiprin\u0101ta pie savienojuma.","protected":false},"featured_media":357,"comment_status":"open","ping_status":"closed","template":"","meta":{"_acf_changed":false,"content-type":"","_monsterinsights_skip_tracking":false,"_monsterinsights_sitenote_active":false,"_monsterinsights_sitenote_note":"","_monsterinsights_sitenote_category":0},"product_brand":[],"product_cat":[121],"product_tag":[],"class_list":{"0":"post-2823","1":"product","2":"type-product","3":"status-publish","4":"has-post-thumbnail","6":"product_cat-connectors","8":"first","9":"instock","10":"taxable","11":"shipping-taxable","12":"purchasable","13":"product-type-simple"},"acf":[],"aioseo_notices":[],"jetpack_sharing_enabled":true,"_links":{"self":[{"href":"https:\/\/antcube.shop\/lv\/wp-json\/wp\/v2\/product\/2823","targetHints":{"allow":["GET"]}}],"collection":[{"href":"https:\/\/antcube.shop\/lv\/wp-json\/wp\/v2\/product"}],"about":[{"href":"https:\/\/antcube.shop\/lv\/wp-json\/wp\/v2\/types\/product"}],"replies":[{"embeddable":true,"href":"https:\/\/antcube.shop\/lv\/wp-json\/wp\/v2\/comments?post=2823"}],"wp:featuredmedia":[{"embeddable":true,"href":"https:\/\/antcube.shop\/lv\/wp-json\/wp\/v2\/media\/357"}],"wp:attachment":[{"href":"https:\/\/antcube.shop\/lv\/wp-json\/wp\/v2\/media?parent=2823"}],"wp:term":[{"taxonomy":"product_brand","embeddable":true,"href":"https:\/\/antcube.shop\/lv\/wp-json\/wp\/v2\/product_brand?post=2823"},{"taxonomy":"product_cat","embeddable":true,"href":"https:\/\/antcube.shop\/lv\/wp-json\/wp\/v2\/product_cat?post=2823"},{"taxonomy":"product_tag","embeddable":true,"href":"https:\/\/antcube.shop\/lv\/wp-json\/wp\/v2\/product_tag?post=2823"}],"curies":[{"name":"wp","href":"https:\/\/api.w.org\/{rel}","templated":true}]}}