{"id":2821,"date":"2021-10-13T18:28:32","date_gmt":"2021-10-13T16:28:32","guid":{"rendered":"https:\/\/antcube.shop\/produkt\/handlupe-2fach-30mm\/"},"modified":"2026-04-15T17:09:38","modified_gmt":"2026-04-15T15:09:38","slug":"handleupe-2fach-30mm","status":"publish","type":"product","link":"https:\/\/antcube.shop\/lv\/products\/handleupe-2fach-30mm\/","title":{"rendered":"Rokas lupa - 2x - 30 mm"},"content":{"rendered":"<p><strong>Izm\u0113ri (LxWxH):<\/strong> 80x36x2 mm<\/p>\n<p><strong>Materi\u0101ls:<\/strong> plastmasa<\/p>\n<p><strong>Kr\u0101sa:<\/strong> caursp\u012bd\u012bgs<\/p>\n<p><strong>Saturs:<\/strong><br \/>\n<strong>1x<\/strong> rokas palielin\u0101t\u0101js<\/p>\n<p><strong>Tehnisk\u0101s specifik\u0101cijas:<\/strong><br \/>\nPalielin\u0101jums = 2x<\/p>\n<p><strong>Apraksts \/ pielietojums:<\/strong><br \/>\nRokas lupa skudru vai barojo\u0161u kukai\u0146u p\u0101rbaudei.<\/p>\n<p><strong>Pazi\u0146ojums:<\/strong><br \/>\nVienk\u0101r\u0161a apstr\u0101de un vienk\u0101r\u0161a kvalit\u0101te, jo izgatavots no plastmasas un ir jut\u012bgs pret skr\u0101p\u0113jumiem.<\/p>","protected":false},"excerpt":{"rendered":"<p>Izm\u0113ri (DxPxV): 80x36x2 mm Materi\u0101ls: plastmasa Kr\u0101sa: caursp\u012bd\u012bga Sast\u0101vs: Komplekt\u0101cij\u0101: 1x rokas lupa Tehnisk\u0101s specifik\u0101cijas: Apraksts \/ pielietojums: Rokas lupa skudru vai barojo\u0161u kukai\u0146u p\u0101rbaudei. Piez\u012bme: Vienk\u0101r\u0161a apstr\u0101de un vienk\u0101r\u0161a kvalit\u0101te, jo t\u0101 ir izgatavota no plastmasas un ir jut\u012bga pret skr\u0101p\u0113jumiem.<\/p>","protected":false},"featured_media":310,"comment_status":"open","ping_status":"closed","template":"","meta":{"_acf_changed":false,"content-type":"","_monsterinsights_skip_tracking":false,"_monsterinsights_sitenote_active":false,"_monsterinsights_sitenote_note":"","_monsterinsights_sitenote_category":0},"product_brand":[],"product_cat":[237],"product_tag":[],"class_list":{"0":"post-2821","1":"product","2":"type-product","3":"status-publish","4":"has-post-thumbnail","6":"product_cat-tools","8":"first","9":"instock","10":"taxable","11":"shipping-taxable","12":"purchasable","13":"product-type-simple"},"acf":[],"aioseo_notices":[],"jetpack_sharing_enabled":true,"_links":{"self":[{"href":"https:\/\/antcube.shop\/lv\/wp-json\/wp\/v2\/product\/2821","targetHints":{"allow":["GET"]}}],"collection":[{"href":"https:\/\/antcube.shop\/lv\/wp-json\/wp\/v2\/product"}],"about":[{"href":"https:\/\/antcube.shop\/lv\/wp-json\/wp\/v2\/types\/product"}],"replies":[{"embeddable":true,"href":"https:\/\/antcube.shop\/lv\/wp-json\/wp\/v2\/comments?post=2821"}],"wp:featuredmedia":[{"embeddable":true,"href":"https:\/\/antcube.shop\/lv\/wp-json\/wp\/v2\/media\/310"}],"wp:attachment":[{"href":"https:\/\/antcube.shop\/lv\/wp-json\/wp\/v2\/media?parent=2821"}],"wp:term":[{"taxonomy":"product_brand","embeddable":true,"href":"https:\/\/antcube.shop\/lv\/wp-json\/wp\/v2\/product_brand?post=2821"},{"taxonomy":"product_cat","embeddable":true,"href":"https:\/\/antcube.shop\/lv\/wp-json\/wp\/v2\/product_cat?post=2821"},{"taxonomy":"product_tag","embeddable":true,"href":"https:\/\/antcube.shop\/lv\/wp-json\/wp\/v2\/product_tag?post=2821"}],"curies":[{"name":"wp","href":"https:\/\/api.w.org\/{rel}","templated":true}]}}